{"id":11649,"date":"2022-05-20T16:48:30","date_gmt":"2022-05-20T14:48:30","guid":{"rendered":"https:\/\/staging.ciagreen.de\/?page_id=11649"},"modified":"2022-05-23T11:59:31","modified_gmt":"2022-05-23T09:59:31","slug":"die-leistungen-2","status":"publish","type":"page","link":"https:\/\/ciagreen.de\/en\/die-leistungen-2\/","title":{"rendered":"Leistungen 2"},"content":{"rendered":"<div data-elementor-type=\"wp-page\" data-elementor-id=\"11649\" class=\"elementor elementor-11649\">\n\t\t\t\t\t\t\t\t\t<section class=\"elementor-section elementor-top-section elementor-element elementor-element-ba0b8ed elementor-section-full_width qodef-elementor-content-grid elementor-section-height-default elementor-section-height-default\" data-id=\"ba0b8ed\" data-element_type=\"section\">\n\t\t\t\t\t\t<div class=\"elementor-container elementor-column-gap-no\">\n\t\t\t\t\t<div class=\"elementor-column elementor-col-100 elementor-top-column elementor-element elementor-element-29dcb4a\" data-id=\"29dcb4a\" data-element_type=\"column\">\n\t\t\t<div class=\"elementor-widget-wrap elementor-element-populated\">\n\t\t\t\t\t\t\t\t<div class=\"elementor-element elementor-element-81cd402 elementor-widget elementor-widget-image\" data-id=\"81cd402\" data-element_type=\"widget\" data-widget_type=\"image.default\">\n\t\t\t\t<div class=\"elementor-widget-container\">\n\t\t\t<style>\/*! elementor - v3.13.3 - 28-05-2023 *\/\n.elementor-widget-image{text-align:center}.elementor-widget-image a{display:inline-block}.elementor-widget-image a img[src$=\".svg\"]{width:48px}.elementor-widget-image img{vertical-align:middle;display:inline-block}<\/style>\t\t\t\t\t\t\t\t\t\t\t\t<img src=\"https:\/\/ciagreen.de\/wp-content\/uploads\/2022\/05\/Logos_Neu.jpg\" title=\"\" alt=\"\" loading=\"lazy\" \/>\t\t\t\t\t\t\t\t\t\t\t\t\t\t\t<\/div>\n\t\t\t\t<\/div>\n\t\t\t\t\t<\/div>\n\t\t<\/div>\n\t\t\t\t\t\t\t<\/div>\n\t\t<\/section>\n\t\t\t\t<section class=\"elementor-section elementor-top-section elementor-element elementor-element-30f704e elementor-section-full_width qodef-elementor-content-grid elementor-section-height-default elementor-section-height-default\" data-id=\"30f704e\" data-element_type=\"section\">\n\t\t\t\t\t\t<div class=\"elementor-container elementor-column-gap-no\">\n\t\t\t\t\t<div class=\"elementor-column elementor-col-100 elementor-top-column elementor-element elementor-element-ebc4752\" data-id=\"ebc4752\" data-element_type=\"column\">\n\t\t\t<div class=\"elementor-widget-wrap elementor-element-populated\">\n\t\t\t\t\t\t\t\t<div class=\"elementor-element elementor-element-9b261c8 elementor-widget elementor-widget-text-editor\" data-id=\"9b261c8\" data-element_type=\"widget\" data-widget_type=\"text-editor.default\">\n\t\t\t\t<div class=\"elementor-widget-container\">\n\t\t\t<style>\/*! elementor - v3.13.3 - 28-05-2023 *\/\n.elementor-widget-text-editor.elementor-drop-cap-view-stacked .elementor-drop-cap{background-color:#69727d;color:#fff}.elementor-widget-text-editor.elementor-drop-cap-view-framed .elementor-drop-cap{color:#69727d;border:3px solid;background-color:transparent}.elementor-widget-text-editor:not(.elementor-drop-cap-view-default) .elementor-drop-cap{margin-top:8px}.elementor-widget-text-editor:not(.elementor-drop-cap-view-default) .elementor-drop-cap-letter{width:1em;height:1em}.elementor-widget-text-editor .elementor-drop-cap{float:left;text-align:center;line-height:1;font-size:50px}.elementor-widget-text-editor .elementor-drop-cap-letter{display:inline-block}<\/style>\t\t\t\t<h2>Wir machen Marken m\u00e4chtig.<\/h2>\t\t\t\t\t\t<\/div>\n\t\t\t\t<\/div>\n\t\t\t\t<section class=\"elementor-section elementor-inner-section elementor-element elementor-element-08c05af elementor-section-full_width elementor-section-height-default elementor-section-height-default qodef-elementor-content-no\" data-id=\"08c05af\" data-element_type=\"section\">\n\t\t\t\t\t\t<div class=\"elementor-container elementor-column-gap-default\">\n\t\t\t\t\t<div class=\"elementor-column elementor-col-100 elementor-inner-column elementor-element elementor-element-21622f6\" data-id=\"21622f6\" data-element_type=\"column\">\n\t\t\t<div class=\"elementor-widget-wrap elementor-element-populated\">\n\t\t\t\t\t\t\t\t<div class=\"elementor-element elementor-element-0dfa9c4 elementor-widget elementor-widget-text-editor\" data-id=\"0dfa9c4\" data-element_type=\"widget\" data-widget_type=\"text-editor.default\">\n\t\t\t\t<div class=\"elementor-widget-container\">\n\t\t\t\t\t\t\t<p class=\"p1\"><span class=\"s1\">Unternehmensmarken, Produktmarken, Dienstleistungsmarken \u2013 die c.i.a.green bringt Ihre Marke mit allen Mitteln ans Licht der \u00d6ffentlichkeit. Emotional aufgeladen lassen wir sie heller strahlen als jemals zuvor, erkl\u00e4ren Mehrwerte einleuchtender. Die c.i.a.green hat nur ein Ziel: Ihre Marke zum m\u00e4chtigen Symbol Ihrer Einzigartigkeit zu machen und damit nachhaltig Wachstum zu erzeugen.<\/span><\/p>\t\t\t\t\t\t<\/div>\n\t\t\t\t<\/div>\n\t\t\t\t\t<\/div>\n\t\t<\/div>\n\t\t\t\t\t\t\t<\/div>\n\t\t<\/section>\n\t\t\t\t\t<\/div>\n\t\t<\/div>\n\t\t\t\t\t\t\t<\/div>\n\t\t<\/section>\n\t\t\t\t<section class=\"elementor-section elementor-top-section elementor-element elementor-element-8bb7355 elementor-section-full_width qodef-elementor-content-grid elementor-section-height-default elementor-section-height-default\" data-id=\"8bb7355\" data-element_type=\"section\">\n\t\t\t\t\t\t<div class=\"elementor-container elementor-column-gap-no\">\n\t\t\t\t\t<div class=\"elementor-column elementor-col-100 elementor-top-column elementor-element elementor-element-032c983\" data-id=\"032c983\" data-element_type=\"column\">\n\t\t\t<div class=\"elementor-widget-wrap elementor-element-populated\">\n\t\t\t\t\t\t\t\t<div class=\"elementor-element elementor-element-2d32974 elementor-widget elementor-widget-text-editor\" data-id=\"2d32974\" data-element_type=\"widget\" data-widget_type=\"text-editor.default\">\n\t\t\t\t<div class=\"elementor-widget-container\">\n\t\t\t\t\t\t\t<h2>Das liefert die c.i.a.green \u2026<\/h2>\t\t\t\t\t\t<\/div>\n\t\t\t\t<\/div>\n\t\t\t\t<section class=\"elementor-section elementor-inner-section elementor-element elementor-element-98bf196 elementor-section-full_width elementor-section-height-default elementor-section-height-default qodef-elementor-content-no\" data-id=\"98bf196\" data-element_type=\"section\">\n\t\t\t\t\t\t<div class=\"elementor-container elementor-column-gap-default\">\n\t\t\t\t\t<div class=\"elementor-column elementor-col-50 elementor-inner-column elementor-element elementor-element-e1d7e3f\" data-id=\"e1d7e3f\" data-element_type=\"column\">\n\t\t\t<div class=\"elementor-widget-wrap elementor-element-populated\">\n\t\t\t\t\t\t\t\t<div class=\"elementor-element elementor-element-7f0f321 elementor-widget elementor-widget-text-editor\" data-id=\"7f0f321\" data-element_type=\"widget\" data-widget_type=\"text-editor.default\">\n\t\t\t\t<div class=\"elementor-widget-container\">\n\t\t\t\t\t\t\t<p>\uffed Branchenorientierte Beratung<br \/>\uffed Pr\u00e4zise Markt-, Zielgruppen-, Wettbewerbsanalysen<br \/>\uffed Effiziente Kommunikationsstrategien<br \/>\uffed Ausgezeichnete Kreation<\/p>\t\t\t\t\t\t<\/div>\n\t\t\t\t<\/div>\n\t\t\t\t\t<\/div>\n\t\t<\/div>\n\t\t\t\t<div class=\"elementor-column elementor-col-50 elementor-inner-column elementor-element elementor-element-4e2f926\" data-id=\"4e2f926\" data-element_type=\"column\">\n\t\t\t<div class=\"elementor-widget-wrap elementor-element-populated\">\n\t\t\t\t\t\t\t\t<div class=\"elementor-element elementor-element-b58601f elementor-widget elementor-widget-text-editor\" data-id=\"b58601f\" data-element_type=\"widget\" data-widget_type=\"text-editor.default\">\n\t\t\t\t<div class=\"elementor-widget-container\">\n\t\t\t\t\t\t\t<p>\uffed Zielgenaue Medien- und Ma\u00dfnahmenplanung<br \/>\uffed Kosteng\u00fcnstige Produktion<br \/>\uffed Zuverl\u00e4ssiges Projektmanagement<br \/>\uffed Objektive Erfolgskontrolle<\/p>\t\t\t\t\t\t<\/div>\n\t\t\t\t<\/div>\n\t\t\t\t\t<\/div>\n\t\t<\/div>\n\t\t\t\t\t\t\t<\/div>\n\t\t<\/section>\n\t\t\t\t\t<\/div>\n\t\t<\/div>\n\t\t\t\t\t\t\t<\/div>\n\t\t<\/section>\n\t\t\t\t<section class=\"elementor-section elementor-top-section elementor-element elementor-element-9ccb06d elementor-section-full_width qodef-elementor-content-grid elementor-section-height-default elementor-section-height-default\" data-id=\"9ccb06d\" data-element_type=\"section\">\n\t\t\t\t\t\t<div class=\"elementor-container elementor-column-gap-no\">\n\t\t\t\t\t<div class=\"elementor-column elementor-col-100 elementor-top-column elementor-element elementor-element-80f2d3d\" data-id=\"80f2d3d\" data-element_type=\"column\">\n\t\t\t<div class=\"elementor-widget-wrap elementor-element-populated\">\n\t\t\t\t\t\t\t\t<div class=\"elementor-element elementor-element-21591a7 elementor-widget elementor-widget-text-editor\" data-id=\"21591a7\" data-element_type=\"widget\" data-widget_type=\"text-editor.default\">\n\t\t\t\t<div class=\"elementor-widget-container\">\n\t\t\t\t\t\t\t<h2>\u2026 f\u00fcr alle Kommunikationsinstrumente.<\/h2>\t\t\t\t\t\t<\/div>\n\t\t\t\t<\/div>\n\t\t\t\t<section class=\"elementor-section elementor-inner-section elementor-element elementor-element-7a0d09b elementor-section-full_width elementor-section-height-default elementor-section-height-default qodef-elementor-content-no\" data-id=\"7a0d09b\" data-element_type=\"section\">\n\t\t\t\t\t\t<div class=\"elementor-container elementor-column-gap-default\">\n\t\t\t\t\t<div class=\"elementor-column elementor-col-50 elementor-inner-column elementor-element elementor-element-fe7bf8a\" data-id=\"fe7bf8a\" data-element_type=\"column\">\n\t\t\t<div class=\"elementor-widget-wrap elementor-element-populated\">\n\t\t\t\t\t\t\t\t<div class=\"elementor-element elementor-element-f20a8b4 elementor-widget elementor-widget-text-editor\" data-id=\"f20a8b4\" data-element_type=\"widget\" data-widget_type=\"text-editor.default\">\n\t\t\t\t<div class=\"elementor-widget-container\">\n\t\t\t\t\t\t\t<p>\uffed Klassische Werbung<br \/>\uffed Online Kommunikation<br \/>\uffed Verkaufsf\u00f6rderung<\/p>\t\t\t\t\t\t<\/div>\n\t\t\t\t<\/div>\n\t\t\t\t\t<\/div>\n\t\t<\/div>\n\t\t\t\t<div class=\"elementor-column elementor-col-50 elementor-inner-column elementor-element elementor-element-19b7fa2\" data-id=\"19b7fa2\" data-element_type=\"column\">\n\t\t\t<div class=\"elementor-widget-wrap elementor-element-populated\">\n\t\t\t\t\t\t\t\t<div class=\"elementor-element elementor-element-8400aad elementor-widget elementor-widget-text-editor\" data-id=\"8400aad\" data-element_type=\"widget\" data-widget_type=\"text-editor.default\">\n\t\t\t\t<div class=\"elementor-widget-container\">\n\t\t\t\t\t\t\t<p>\uffed Direct Marketing<br \/>\uffed Messen und Veranstaltungen<br \/>\uffed Public Relations<\/p>\t\t\t\t\t\t<\/div>\n\t\t\t\t<\/div>\n\t\t\t\t\t<\/div>\n\t\t<\/div>\n\t\t\t\t\t\t\t<\/div>\n\t\t<\/section>\n\t\t\t\t\t<\/div>\n\t\t<\/div>\n\t\t\t\t\t\t\t<\/div>\n\t\t<\/section>\n\t\t\t\t<section class=\"elementor-section elementor-top-section elementor-element elementor-element-468e626 elementor-section-full_width qodef-elementor-content-grid elementor-section-height-default elementor-section-height-default\" data-id=\"468e626\" data-element_type=\"section\">\n\t\t\t\t\t\t<div class=\"elementor-container elementor-column-gap-no\">\n\t\t\t\t\t<div class=\"elementor-column elementor-col-100 elementor-top-column elementor-element elementor-element-e07cb83\" data-id=\"e07cb83\" data-element_type=\"column\">\n\t\t\t<div class=\"elementor-widget-wrap elementor-element-populated\">\n\t\t\t\t\t\t\t\t<div class=\"elementor-element elementor-element-5f3991f elementor-widget elementor-widget-text-editor\" data-id=\"5f3991f\" data-element_type=\"widget\" data-widget_type=\"text-editor.default\">\n\t\t\t\t<div class=\"elementor-widget-container\">\n\t\t\t\t\t\t\t<h2>Brand development and brand renovation.<\/h2>\t\t\t\t\t\t<\/div>\n\t\t\t\t<\/div>\n\t\t\t\t<section class=\"elementor-section elementor-inner-section elementor-element elementor-element-50f441d elementor-section-full_width elementor-section-height-default elementor-section-height-default qodef-elementor-content-no\" data-id=\"50f441d\" data-element_type=\"section\">\n\t\t\t\t\t\t<div class=\"elementor-container elementor-column-gap-default\">\n\t\t\t\t\t<div class=\"elementor-column elementor-col-50 elementor-inner-column elementor-element elementor-element-9d8cc72\" data-id=\"9d8cc72\" data-element_type=\"column\">\n\t\t\t<div class=\"elementor-widget-wrap elementor-element-populated\">\n\t\t\t\t\t\t\t\t<div class=\"elementor-element elementor-element-393287e elementor-widget elementor-widget-text-editor\" data-id=\"393287e\" data-element_type=\"widget\" data-widget_type=\"text-editor.default\">\n\t\t\t\t<div class=\"elementor-widget-container\">\n\t\t\t\t\t\t\t<p>\uffed Markenkerndefinition<br \/>\uffed Markennamenentwicklung<br \/>\uffed Markenzeichen- \/ Logoentwicklung<\/p>\t\t\t\t\t\t<\/div>\n\t\t\t\t<\/div>\n\t\t\t\t\t<\/div>\n\t\t<\/div>\n\t\t\t\t<div class=\"elementor-column elementor-col-50 elementor-inner-column elementor-element elementor-element-879d524\" data-id=\"879d524\" data-element_type=\"column\">\n\t\t\t<div class=\"elementor-widget-wrap elementor-element-populated\">\n\t\t\t\t\t\t\t\t<div class=\"elementor-element elementor-element-410431f elementor-widget elementor-widget-text-editor\" data-id=\"410431f\" data-element_type=\"widget\" data-widget_type=\"text-editor.default\">\n\t\t\t\t<div class=\"elementor-widget-container\">\n\t\t\t\t\t\t\t<p>\uffed Markendesign \/ Corporate Design<br \/>\uffed Markenrechtliche Absicherung<\/p>\t\t\t\t\t\t<\/div>\n\t\t\t\t<\/div>\n\t\t\t\t\t<\/div>\n\t\t<\/div>\n\t\t\t\t\t\t\t<\/div>\n\t\t<\/section>\n\t\t\t\t\t<\/div>\n\t\t<\/div>\n\t\t\t\t\t\t\t<\/div>\n\t\t<\/section>\n\t\t\t\t<section class=\"elementor-section elementor-top-section elementor-element elementor-element-608c5dd elementor-section-boxed elementor-section-height-default elementor-section-height-default qodef-elementor-content-no\" data-id=\"608c5dd\" data-element_type=\"section\">\n\t\t\t\t\t\t<div class=\"elementor-container elementor-column-gap-default\">\n\t\t\t\t\t<div class=\"elementor-column elementor-col-100 elementor-top-column elementor-element elementor-element-ed4b4c9\" data-id=\"ed4b4c9\" data-element_type=\"column\">\n\t\t\t<div class=\"elementor-widget-wrap\">\n\t\t\t\t\t\t\t\t\t<\/div>\n\t\t<\/div>\n\t\t\t\t\t\t\t<\/div>\n\t\t<\/section>\n\t\t\t\t\t\t\t<\/div>","protected":false},"excerpt":{"rendered":"<p>Wir machen Marken m\u00e4chtig. Unternehmensmarken, Produktmarken, Dienstleistungsmarken \u2013 die c.i.a.green bringt Ihre Marke mit allen Mitteln ans Licht der \u00d6ffentlichkeit. Emotional aufgeladen lassen wir sie heller strahlen als jemals zuvor, erkl\u00e4ren Mehrwerte einleuchtender. Die c.i.a.green hat nur ein Ziel: Ihre Marke zum m\u00e4chtigen Symbol Ihrer Einzigartigkeit zu machen und damit nachhaltig Wachstum zu erzeugen. Das [&hellip;]<\/p>","protected":false},"author":2,"featured_media":0,"parent":0,"menu_order":0,"comment_status":"closed","ping_status":"closed","template":"page-full-width.php","meta":[],"acf":[],"yoast_head":"<!-- This site is optimized with the Yoast SEO plugin v20.3 - https:\/\/yoast.com\/wordpress\/plugins\/seo\/ -->\n<title>Leistungen 2 - cia green communications<\/title>\n<meta name=\"robots\" content=\"index, follow, max-snippet:-1, max-image-preview:large, max-video-preview:-1\" \/>\n<link rel=\"canonical\" href=\"https:\/\/ciagreen.de\/en\/die-leistungen-2\/\" \/>\n<meta property=\"og:locale\" content=\"en_US\" \/>\n<meta property=\"og:type\" content=\"article\" \/>\n<meta property=\"og:title\" content=\"Leistungen 2 - cia green communications\" \/>\n<meta property=\"og:description\" content=\"Wir machen Marken m\u00e4chtig. Unternehmensmarken, Produktmarken, Dienstleistungsmarken \u2013 die c.i.a.green bringt Ihre Marke mit allen Mitteln ans Licht der \u00d6ffentlichkeit. Emotional aufgeladen lassen wir sie heller strahlen als jemals zuvor, erkl\u00e4ren Mehrwerte einleuchtender. Die c.i.a.green hat nur ein Ziel: Ihre Marke zum m\u00e4chtigen Symbol Ihrer Einzigartigkeit zu machen und damit nachhaltig Wachstum zu erzeugen. Das [&hellip;]\" \/>\n<meta property=\"og:url\" content=\"https:\/\/ciagreen.de\/en\/die-leistungen-2\/\" \/>\n<meta property=\"og:site_name\" content=\"cia green communications\" \/>\n<meta property=\"article:modified_time\" content=\"2022-05-23T09:59:31+00:00\" \/>\n<meta property=\"og:image\" content=\"https:\/\/ciagreen.de\/wp-content\/uploads\/2022\/05\/Logos_Neu.jpg\" \/>\n<meta name=\"twitter:card\" content=\"summary_large_image\" \/>\n<meta name=\"twitter:label1\" content=\"Est. reading time\" \/>\n\t<meta name=\"twitter:data1\" content=\"1 minute\" \/>\n<script type=\"application\/ld+json\" class=\"yoast-schema-graph\">{\"@context\":\"https:\/\/schema.org\",\"@graph\":[{\"@type\":\"WebPage\",\"@id\":\"https:\/\/ciagreen.de\/die-leistungen-2\/\",\"url\":\"https:\/\/ciagreen.de\/die-leistungen-2\/\",\"name\":\"Leistungen 2 - cia green communications\",\"isPartOf\":{\"@id\":\"https:\/\/ciagreen.de\/#website\"},\"datePublished\":\"2022-05-20T14:48:30+00:00\",\"dateModified\":\"2022-05-23T09:59:31+00:00\",\"breadcrumb\":{\"@id\":\"https:\/\/ciagreen.de\/die-leistungen-2\/#breadcrumb\"},\"inLanguage\":\"en-US\",\"potentialAction\":[{\"@type\":\"ReadAction\",\"target\":[\"https:\/\/ciagreen.de\/die-leistungen-2\/\"]}]},{\"@type\":\"BreadcrumbList\",\"@id\":\"https:\/\/ciagreen.de\/die-leistungen-2\/#breadcrumb\",\"itemListElement\":[{\"@type\":\"ListItem\",\"position\":1,\"name\":\"Startseite\",\"item\":\"https:\/\/ciagreen.de\/\"},{\"@type\":\"ListItem\",\"position\":2,\"name\":\"Leistungen 2\"}]},{\"@type\":\"WebSite\",\"@id\":\"https:\/\/ciagreen.de\/#website\",\"url\":\"https:\/\/ciagreen.de\/\",\"name\":\"cia green communications\",\"description\":\"\",\"potentialAction\":[{\"@type\":\"SearchAction\",\"target\":{\"@type\":\"EntryPoint\",\"urlTemplate\":\"https:\/\/ciagreen.de\/?s={search_term_string}\"},\"query-input\":\"required name=search_term_string\"}],\"inLanguage\":\"en-US\"}]}<\/script>\n<!-- \/ Yoast SEO plugin. -->","yoast_head_json":{"title":"Leistungen 2 - cia green communications","robots":{"index":"index","follow":"follow","max-snippet":"max-snippet:-1","max-image-preview":"max-image-preview:large","max-video-preview":"max-video-preview:-1"},"canonical":"https:\/\/ciagreen.de\/en\/die-leistungen-2\/","og_locale":"en_US","og_type":"article","og_title":"Leistungen 2 - cia green communications","og_description":"Wir machen Marken m\u00e4chtig. Unternehmensmarken, Produktmarken, Dienstleistungsmarken \u2013 die c.i.a.green bringt Ihre Marke mit allen Mitteln ans Licht der \u00d6ffentlichkeit. Emotional aufgeladen lassen wir sie heller strahlen als jemals zuvor, erkl\u00e4ren Mehrwerte einleuchtender. Die c.i.a.green hat nur ein Ziel: Ihre Marke zum m\u00e4chtigen Symbol Ihrer Einzigartigkeit zu machen und damit nachhaltig Wachstum zu erzeugen. Das [&hellip;]","og_url":"https:\/\/ciagreen.de\/en\/die-leistungen-2\/","og_site_name":"cia green communications","article_modified_time":"2022-05-23T09:59:31+00:00","og_image":[{"url":"https:\/\/ciagreen.de\/wp-content\/uploads\/2022\/05\/Logos_Neu.jpg"}],"twitter_card":"summary_large_image","twitter_misc":{"Est. reading time":"1 minute"},"schema":{"@context":"https:\/\/schema.org","@graph":[{"@type":"WebPage","@id":"https:\/\/ciagreen.de\/die-leistungen-2\/","url":"https:\/\/ciagreen.de\/die-leistungen-2\/","name":"Leistungen 2 - cia green communications","isPartOf":{"@id":"https:\/\/ciagreen.de\/#website"},"datePublished":"2022-05-20T14:48:30+00:00","dateModified":"2022-05-23T09:59:31+00:00","breadcrumb":{"@id":"https:\/\/ciagreen.de\/die-leistungen-2\/#breadcrumb"},"inLanguage":"en-US","potentialAction":[{"@type":"ReadAction","target":["https:\/\/ciagreen.de\/die-leistungen-2\/"]}]},{"@type":"BreadcrumbList","@id":"https:\/\/ciagreen.de\/die-leistungen-2\/#breadcrumb","itemListElement":[{"@type":"ListItem","position":1,"name":"Startseite","item":"https:\/\/ciagreen.de\/"},{"@type":"ListItem","position":2,"name":"Leistungen 2"}]},{"@type":"WebSite","@id":"https:\/\/ciagreen.de\/#website","url":"https:\/\/ciagreen.de\/","name":"cia green communications","description":"","potentialAction":[{"@type":"SearchAction","target":{"@type":"EntryPoint","urlTemplate":"https:\/\/ciagreen.de\/?s={search_term_string}"},"query-input":"required name=search_term_string"}],"inLanguage":"en-US"}]}},"_links":{"self":[{"href":"https:\/\/ciagreen.de\/en\/wp-json\/wp\/v2\/pages\/11649"}],"collection":[{"href":"https:\/\/ciagreen.de\/en\/wp-json\/wp\/v2\/pages"}],"about":[{"href":"https:\/\/ciagreen.de\/en\/wp-json\/wp\/v2\/types\/page"}],"author":[{"embeddable":true,"href":"https:\/\/ciagreen.de\/en\/wp-json\/wp\/v2\/users\/2"}],"replies":[{"embeddable":true,"href":"https:\/\/ciagreen.de\/en\/wp-json\/wp\/v2\/comments?post=11649"}],"version-history":[{"count":30,"href":"https:\/\/ciagreen.de\/en\/wp-json\/wp\/v2\/pages\/11649\/revisions"}],"predecessor-version":[{"id":11770,"href":"https:\/\/ciagreen.de\/en\/wp-json\/wp\/v2\/pages\/11649\/revisions\/11770"}],"wp:attachment":[{"href":"https:\/\/ciagreen.de\/en\/wp-json\/wp\/v2\/media?parent=11649"}],"curies":[{"name":"wp","href":"https:\/\/api.w.org\/{rel}","templated":true}]}}