{"id":11962,"date":"2022-05-24T12:11:28","date_gmt":"2022-05-24T10:11:28","guid":{"rendered":"https:\/\/staging.ciagreen.de\/?page_id=11962"},"modified":"2023-09-25T10:03:59","modified_gmt":"2023-09-25T08:03:59","slug":"impressum","status":"publish","type":"page","link":"https:\/\/ciagreen.de\/en\/impressum\/","title":{"rendered":"Imprint"},"content":{"rendered":"<div data-elementor-type=\"wp-page\" data-elementor-id=\"11962\" class=\"elementor elementor-11962\">\n\t\t\t\t\t\t\t\t\t<section class=\"elementor-section elementor-top-section elementor-element elementor-element-80809b4 elementor-section-full_width qodef-elementor-content-grid elementor-section-height-default elementor-section-height-default\" data-id=\"80809b4\" data-element_type=\"section\">\n\t\t\t\t\t\t<div class=\"elementor-container elementor-column-gap-no\">\n\t\t\t\t\t<div class=\"elementor-column elementor-col-100 elementor-top-column elementor-element elementor-element-3085392\" data-id=\"3085392\" data-element_type=\"column\">\n\t\t\t<div class=\"elementor-widget-wrap elementor-element-populated\">\n\t\t\t\t\t\t\t\t<section class=\"elementor-section elementor-inner-section elementor-element elementor-element-7892309 elementor-section-full_width elementor-section-height-default elementor-section-height-default qodef-elementor-content-no\" data-id=\"7892309\" data-element_type=\"section\">\n\t\t\t\t\t\t<div class=\"elementor-container elementor-column-gap-default\">\n\t\t\t\t\t<div class=\"elementor-column elementor-col-100 elementor-inner-column elementor-element elementor-element-7502901\" data-id=\"7502901\" data-element_type=\"column\">\n\t\t\t<div class=\"elementor-widget-wrap elementor-element-populated\">\n\t\t\t\t\t\t\t\t<div class=\"elementor-element elementor-element-749feef elementor-widget elementor-widget-text-editor\" data-id=\"749feef\" data-element_type=\"widget\" data-widget_type=\"text-editor.default\">\n\t\t\t\t<div class=\"elementor-widget-container\">\n\t\t\t<style>\/*! elementor - v3.13.3 - 28-05-2023 *\/\n.elementor-widget-text-editor.elementor-drop-cap-view-stacked .elementor-drop-cap{background-color:#69727d;color:#fff}.elementor-widget-text-editor.elementor-drop-cap-view-framed .elementor-drop-cap{color:#69727d;border:3px solid;background-color:transparent}.elementor-widget-text-editor:not(.elementor-drop-cap-view-default) .elementor-drop-cap{margin-top:8px}.elementor-widget-text-editor:not(.elementor-drop-cap-view-default) .elementor-drop-cap-letter{width:1em;height:1em}.elementor-widget-text-editor .elementor-drop-cap{float:left;text-align:center;line-height:1;font-size:50px}.elementor-widget-text-editor .elementor-drop-cap-letter{display:inline-block}<\/style>\t\t\t\t<p>c.i.a.green communications GmbH<br \/>D\u00fcppelstra\u00dfe 19<br \/>50679 Cologne<br \/>Postal address:<br \/>Postfach 21 03 46, 50529 Cologne<br \/>Fon: +49 221 27 22 40<br \/>Mail: info@ciagreen.de<br \/>Managing Director: Peter Pochmann<br \/>Sales tax identification number: DE 170792413<br \/>Commercial register number: HRB Cologne: 245598<br \/>Responsible for the content<br \/>c.i.a.green communications GmbH<br \/>V.i.S.d.P.: Peter Pochmann<\/p>\t\t\t\t\t\t<\/div>\n\t\t\t\t<\/div>\n\t\t\t\t\t<\/div>\n\t\t<\/div>\n\t\t\t\t\t\t\t<\/div>\n\t\t<\/section>\n\t\t\t\t\t<\/div>\n\t\t<\/div>\n\t\t\t\t\t\t\t<\/div>\n\t\t<\/section>\n\t\t\t\t\t\t\t<\/div>","protected":false},"excerpt":{"rendered":"<p>c.i.a.green communications GmbHD\u00fcppelstra\u00dfe 1950679 K\u00f6lnPostanschrift:Postfach 21 03 46, 50529 K\u00f6lnFon: +49 221 27 22 40Mail: info@ciagreen.deGesch\u00e4ftsf\u00fchrer: Peter PochmannUmsatzsteuer-Identifikationsnummer: DE 170792413Handelsregisternummer: HRB K\u00f6ln: 245598F\u00fcr den Inhalt verantwortlich:c.i.a.green communications GmbHV.i.S.d.P.: Peter Pochmann<\/p>","protected":false},"author":2,"featured_media":0,"parent":0,"menu_order":0,"comment_status":"closed","ping_status":"closed","template":"","meta":[],"acf":[],"yoast_head":"<!-- This site is optimized with the Yoast SEO plugin v20.3 - https:\/\/yoast.com\/wordpress\/plugins\/seo\/ -->\n<title>Impressum - cia green communications<\/title>\n<meta name=\"robots\" content=\"index, follow, max-snippet:-1, max-image-preview:large, max-video-preview:-1\" \/>\n<link rel=\"canonical\" href=\"https:\/\/ciagreen.de\/en\/impressum\/\" \/>\n<meta property=\"og:locale\" content=\"en_US\" \/>\n<meta property=\"og:type\" content=\"article\" \/>\n<meta property=\"og:title\" content=\"Impressum - cia green communications\" \/>\n<meta property=\"og:description\" content=\"c.i.a.green communications GmbHD\u00fcppelstra\u00dfe 1950679 K\u00f6lnPostanschrift:Postfach 21 03 46, 50529 K\u00f6lnFon: +49 221 27 22 40Mail: info@ciagreen.deGesch\u00e4ftsf\u00fchrer: Peter PochmannUmsatzsteuer-Identifikationsnummer: DE 170792413Handelsregisternummer: HRB K\u00f6ln: 245598F\u00fcr den Inhalt verantwortlich:c.i.a.green communications GmbHV.i.S.d.P.: Peter Pochmann\" \/>\n<meta property=\"og:url\" content=\"https:\/\/ciagreen.de\/en\/impressum\/\" \/>\n<meta property=\"og:site_name\" content=\"cia green communications\" \/>\n<meta property=\"article:modified_time\" content=\"2023-09-25T08:03:59+00:00\" \/>\n<meta name=\"twitter:card\" content=\"summary_large_image\" \/>\n<meta name=\"twitter:label1\" content=\"Est. reading time\" \/>\n\t<meta name=\"twitter:data1\" content=\"1 minute\" \/>\n<script type=\"application\/ld+json\" class=\"yoast-schema-graph\">{\"@context\":\"https:\/\/schema.org\",\"@graph\":[{\"@type\":\"WebPage\",\"@id\":\"https:\/\/ciagreen.de\/impressum\/\",\"url\":\"https:\/\/ciagreen.de\/impressum\/\",\"name\":\"Impressum - cia green communications\",\"isPartOf\":{\"@id\":\"https:\/\/ciagreen.de\/#website\"},\"datePublished\":\"2022-05-24T10:11:28+00:00\",\"dateModified\":\"2023-09-25T08:03:59+00:00\",\"breadcrumb\":{\"@id\":\"https:\/\/ciagreen.de\/impressum\/#breadcrumb\"},\"inLanguage\":\"en-US\",\"potentialAction\":[{\"@type\":\"ReadAction\",\"target\":[\"https:\/\/ciagreen.de\/impressum\/\"]}]},{\"@type\":\"BreadcrumbList\",\"@id\":\"https:\/\/ciagreen.de\/impressum\/#breadcrumb\",\"itemListElement\":[{\"@type\":\"ListItem\",\"position\":1,\"name\":\"Startseite\",\"item\":\"https:\/\/ciagreen.de\/\"},{\"@type\":\"ListItem\",\"position\":2,\"name\":\"Impressum\"}]},{\"@type\":\"WebSite\",\"@id\":\"https:\/\/ciagreen.de\/#website\",\"url\":\"https:\/\/ciagreen.de\/\",\"name\":\"cia green communications\",\"description\":\"\",\"potentialAction\":[{\"@type\":\"SearchAction\",\"target\":{\"@type\":\"EntryPoint\",\"urlTemplate\":\"https:\/\/ciagreen.de\/?s={search_term_string}\"},\"query-input\":\"required name=search_term_string\"}],\"inLanguage\":\"en-US\"}]}<\/script>\n<!-- \/ Yoast SEO plugin. -->","yoast_head_json":{"title":"Impressum - cia green communications","robots":{"index":"index","follow":"follow","max-snippet":"max-snippet:-1","max-image-preview":"max-image-preview:large","max-video-preview":"max-video-preview:-1"},"canonical":"https:\/\/ciagreen.de\/en\/impressum\/","og_locale":"en_US","og_type":"article","og_title":"Impressum - cia green communications","og_description":"c.i.a.green communications GmbHD\u00fcppelstra\u00dfe 1950679 K\u00f6lnPostanschrift:Postfach 21 03 46, 50529 K\u00f6lnFon: +49 221 27 22 40Mail: info@ciagreen.deGesch\u00e4ftsf\u00fchrer: Peter PochmannUmsatzsteuer-Identifikationsnummer: DE 170792413Handelsregisternummer: HRB K\u00f6ln: 245598F\u00fcr den Inhalt verantwortlich:c.i.a.green communications GmbHV.i.S.d.P.: Peter Pochmann","og_url":"https:\/\/ciagreen.de\/en\/impressum\/","og_site_name":"cia green communications","article_modified_time":"2023-09-25T08:03:59+00:00","twitter_card":"summary_large_image","twitter_misc":{"Est. reading time":"1 minute"},"schema":{"@context":"https:\/\/schema.org","@graph":[{"@type":"WebPage","@id":"https:\/\/ciagreen.de\/impressum\/","url":"https:\/\/ciagreen.de\/impressum\/","name":"Impressum - cia green communications","isPartOf":{"@id":"https:\/\/ciagreen.de\/#website"},"datePublished":"2022-05-24T10:11:28+00:00","dateModified":"2023-09-25T08:03:59+00:00","breadcrumb":{"@id":"https:\/\/ciagreen.de\/impressum\/#breadcrumb"},"inLanguage":"en-US","potentialAction":[{"@type":"ReadAction","target":["https:\/\/ciagreen.de\/impressum\/"]}]},{"@type":"BreadcrumbList","@id":"https:\/\/ciagreen.de\/impressum\/#breadcrumb","itemListElement":[{"@type":"ListItem","position":1,"name":"Startseite","item":"https:\/\/ciagreen.de\/"},{"@type":"ListItem","position":2,"name":"Impressum"}]},{"@type":"WebSite","@id":"https:\/\/ciagreen.de\/#website","url":"https:\/\/ciagreen.de\/","name":"cia green communications","description":"","potentialAction":[{"@type":"SearchAction","target":{"@type":"EntryPoint","urlTemplate":"https:\/\/ciagreen.de\/?s={search_term_string}"},"query-input":"required name=search_term_string"}],"inLanguage":"en-US"}]}},"_links":{"self":[{"href":"https:\/\/ciagreen.de\/en\/wp-json\/wp\/v2\/pages\/11962"}],"collection":[{"href":"https:\/\/ciagreen.de\/en\/wp-json\/wp\/v2\/pages"}],"about":[{"href":"https:\/\/ciagreen.de\/en\/wp-json\/wp\/v2\/types\/page"}],"author":[{"embeddable":true,"href":"https:\/\/ciagreen.de\/en\/wp-json\/wp\/v2\/users\/2"}],"replies":[{"embeddable":true,"href":"https:\/\/ciagreen.de\/en\/wp-json\/wp\/v2\/comments?post=11962"}],"version-history":[{"count":19,"href":"https:\/\/ciagreen.de\/en\/wp-json\/wp\/v2\/pages\/11962\/revisions"}],"predecessor-version":[{"id":15780,"href":"https:\/\/ciagreen.de\/en\/wp-json\/wp\/v2\/pages\/11962\/revisions\/15780"}],"wp:attachment":[{"href":"https:\/\/ciagreen.de\/en\/wp-json\/wp\/v2\/media?parent=11962"}],"curies":[{"name":"wp","href":"https:\/\/api.w.org\/{rel}","templated":true}]}}