{"id":14553,"date":"2022-11-22T12:06:36","date_gmt":"2022-11-22T11:06:36","guid":{"rendered":"https:\/\/ciagreen.de\/?page_id=14553"},"modified":"2022-11-22T13:30:24","modified_gmt":"2022-11-22T12:30:24","slug":"harald-bergerhoff","status":"publish","type":"page","link":"https:\/\/ciagreen.de\/en\/harald-bergerhoff\/","title":{"rendered":"Harald Bergerhoff"},"content":{"rendered":"<div data-elementor-type=\"wp-page\" data-elementor-id=\"14553\" class=\"elementor elementor-14553\">\n\t\t\t\t\t\t\t\t\t<section class=\"elementor-section elementor-top-section elementor-element elementor-element-71fa33d elementor-section-full_width elementor-section-height-min-height elementor-section-height-default elementor-section-items-middle qodef-elementor-content-no\" data-id=\"71fa33d\" data-element_type=\"section\" data-settings=\"{&quot;background_background&quot;:&quot;classic&quot;}\">\n\t\t\t\t\t\t<div class=\"elementor-container elementor-column-gap-default\">\n\t\t\t\t\t<div class=\"elementor-column elementor-col-100 elementor-top-column elementor-element elementor-element-72575f1\" data-id=\"72575f1\" data-element_type=\"column\">\n\t\t\t<div class=\"elementor-widget-wrap\">\n\t\t\t\t\t\t\t\t\t<\/div>\n\t\t<\/div>\n\t\t\t\t\t\t\t<\/div>\n\t\t<\/section>\n\t\t\t\t<section class=\"elementor-section elementor-top-section elementor-element elementor-element-2a1929a elementor-section-full_width qodef-elementor-content-grid elementor-section-height-default elementor-section-height-default\" data-id=\"2a1929a\" data-element_type=\"section\">\n\t\t\t\t\t\t<div class=\"elementor-container elementor-column-gap-no\">\n\t\t\t\t\t<div class=\"elementor-column elementor-col-100 elementor-top-column elementor-element elementor-element-7b030cf\" data-id=\"7b030cf\" data-element_type=\"column\">\n\t\t\t<div class=\"elementor-widget-wrap elementor-element-populated\">\n\t\t\t\t\t\t\t\t<div class=\"elementor-element elementor-element-220878e elementor-widget elementor-widget-text-editor\" data-id=\"220878e\" data-element_type=\"widget\" data-widget_type=\"text-editor.default\">\n\t\t\t\t<div class=\"elementor-widget-container\">\n\t\t\t<style>\/*! elementor - v3.13.3 - 28-05-2023 *\/\n.elementor-widget-text-editor.elementor-drop-cap-view-stacked .elementor-drop-cap{background-color:#69727d;color:#fff}.elementor-widget-text-editor.elementor-drop-cap-view-framed .elementor-drop-cap{color:#69727d;border:3px solid;background-color:transparent}.elementor-widget-text-editor:not(.elementor-drop-cap-view-default) .elementor-drop-cap{margin-top:8px}.elementor-widget-text-editor:not(.elementor-drop-cap-view-default) .elementor-drop-cap-letter{width:1em;height:1em}.elementor-widget-text-editor .elementor-drop-cap{float:left;text-align:center;line-height:1;font-size:50px}.elementor-widget-text-editor .elementor-drop-cap-letter{display:inline-block}<\/style>\t\t\t\t<h2>Harald Bergerhoff, Managing Director creation<\/h2>\t\t\t\t\t\t<\/div>\n\t\t\t\t<\/div>\n\t\t\t\t<section class=\"elementor-section elementor-inner-section elementor-element elementor-element-2b75cee elementor-section-full_width elementor-section-height-default elementor-section-height-default qodef-elementor-content-no\" data-id=\"2b75cee\" data-element_type=\"section\">\n\t\t\t\t\t\t<div class=\"elementor-container elementor-column-gap-default\">\n\t\t\t\t\t<div class=\"elementor-column elementor-col-100 elementor-inner-column elementor-element elementor-element-ca11c58\" data-id=\"ca11c58\" data-element_type=\"column\">\n\t\t\t<div class=\"elementor-widget-wrap elementor-element-populated\">\n\t\t\t\t\t\t\t\t<div class=\"elementor-element elementor-element-b9325ab elementor-widget elementor-widget-text-editor\" data-id=\"b9325ab\" data-element_type=\"widget\" data-widget_type=\"text-editor.default\">\n\t\t\t\t<div class=\"elementor-widget-container\">\n\t\t\t\t\t\t\t<p>The creative engine of c.i.a.green for over 20 years. He brings the igniting, moving idea and realises it with his team in breathtaking speed and precision.<\/p>\t\t\t\t\t\t<\/div>\n\t\t\t\t<\/div>\n\t\t\t\t\t<\/div>\n\t\t<\/div>\n\t\t\t\t\t\t\t<\/div>\n\t\t<\/section>\n\t\t\t\t<section class=\"elementor-section elementor-inner-section elementor-element elementor-element-90a999c elementor-section-full_width elementor-section-height-default elementor-section-height-default qodef-elementor-content-no\" data-id=\"90a999c\" data-element_type=\"section\">\n\t\t\t\t\t\t<div class=\"elementor-container elementor-column-gap-default\">\n\t\t\t\t\t<div class=\"elementor-column elementor-col-100 elementor-inner-column elementor-element elementor-element-bb835d2\" data-id=\"bb835d2\" data-element_type=\"column\">\n\t\t\t<div class=\"elementor-widget-wrap elementor-element-populated\">\n\t\t\t\t\t\t\t\t<div class=\"elementor-element elementor-element-bac6992 elementor-widget elementor-widget-text-editor\" data-id=\"bac6992\" data-element_type=\"widget\" data-widget_type=\"text-editor.default\">\n\t\t\t\t<div class=\"elementor-widget-container\">\n\t\t\t\t\t\t\t<p><strong>Personal brand experience outside c.i.a.green:<\/strong><br \/>Bayer Vital GmbH (Aspirin, Canesten, Autan, Talcid) \u2022 Bayer Tiergesundheit GmbH (Baytril, Bolfo) \u2022 Bristol-Myers Squibb GmbH &amp; Co. KGaA (pharmaceuticals) \u2022 GlaxoWellcome GmbH (pharmaceuticals) \u2022 Janssen-Cilag GmbH (corporate communications) \u2022 KaVo Dental GmbH (dental and laboratory technology) \u2022 Lichtwer Pharma AG (Kira, Kwai) \u2022 Novartis Deutschland GmbH (pharmaceuticals) \u2022 Dr. Suwelack GmbH (Matricur)<\/p>\t\t\t\t\t\t<\/div>\n\t\t\t\t<\/div>\n\t\t\t\t\t<\/div>\n\t\t<\/div>\n\t\t\t\t\t\t\t<\/div>\n\t\t<\/section>\n\t\t\t\t<section class=\"elementor-section elementor-inner-section elementor-element elementor-element-c177378 elementor-section-full_width elementor-section-height-default elementor-section-height-default qodef-elementor-content-no\" data-id=\"c177378\" data-element_type=\"section\">\n\t\t\t\t\t\t<div class=\"elementor-container elementor-column-gap-default\">\n\t\t\t\t\t<div class=\"elementor-column elementor-col-100 elementor-inner-column elementor-element elementor-element-7b559c0\" data-id=\"7b559c0\" data-element_type=\"column\">\n\t\t\t<div class=\"elementor-widget-wrap elementor-element-populated\">\n\t\t\t\t\t\t\t\t<div class=\"elementor-element elementor-element-dddbdac elementor-widget elementor-widget-text-editor\" data-id=\"dddbdac\" data-element_type=\"widget\" data-widget_type=\"text-editor.default\">\n\t\t\t\t<div class=\"elementor-widget-container\">\n\t\t\t\t\t\t\t<p><strong>Personal awards outside c.i.a.green:<\/strong><br \/>COMPRIX \u2013 prize for innovative pharmaceuticals marketing: gold in 1997, \u2018Bolfo and Bay-o-Pet\u2019, Bayer Tiergesundheit; gold in 2000, \u2018Voltaren image\u2019, Novartis Pharma GmbH; silver in 1997, \u2018Ciprobay\u2019, Bayer Pharma; bronze in 1997, \u2018Janssen Cilag image\u2019, Janssen Cilag Pharma; bronze in 1997, \u2018Canesten\u2019, Bayer Pharma \u2022 New York Festivals, Silver World Medal in 1999, \u2018Matricur\u2019, Dr. Suwelack GmbH<\/p>\t\t\t\t\t\t<\/div>\n\t\t\t\t<\/div>\n\t\t\t\t\t<\/div>\n\t\t<\/div>\n\t\t\t\t\t\t\t<\/div>\n\t\t<\/section>\n\t\t\t\t\t<\/div>\n\t\t<\/div>\n\t\t\t\t\t\t\t<\/div>\n\t\t<\/section>\n\t\t\t\t\t\t\t<\/div>","protected":false},"excerpt":{"rendered":"<p>Harald Bergerhoff, GF Kreation Seit \u00fcber 20 Jahren der Kreativ-Motor der c.i.a.green. Er bringt die z\u00fcndende, bewegende Idee und realisiert sie mit seinem Team in atemberaubender Geschwindigkeit und Pr\u00e4zision. Pers\u00f6nliche Markenerfahrung \u00fcber die c.i.a.green hinaus: Bayer Vital GmbH (Aspirin, Canesten, Autan, Talcid) \u2022 Bayer Tiergesundheit GmbH (Baytril, Bolfo) \u2022 Bristol-Myers Squibb GmbH &amp; Co. KGaA [&hellip;]<\/p>","protected":false},"author":2,"featured_media":0,"parent":0,"menu_order":0,"comment_status":"closed","ping_status":"closed","template":"","meta":[],"acf":[],"yoast_head":"<!-- This site is optimized with the Yoast SEO plugin v20.3 - https:\/\/yoast.com\/wordpress\/plugins\/seo\/ -->\n<title>Harald Bergerhoff - cia green communications<\/title>\n<meta name=\"description\" content=\"Harald Bergerhoff, Kreation, Kreativ-Motor, z\u00fcndende Idee, bewegende Idee, Geschwindigkeit, Markenerfahrung, Auszeichnungen, c.i.a.green\" \/>\n<meta name=\"robots\" content=\"index, follow, max-snippet:-1, max-image-preview:large, max-video-preview:-1\" \/>\n<link rel=\"canonical\" href=\"https:\/\/ciagreen.de\/en\/harald-bergerhoff\/\" \/>\n<meta property=\"og:locale\" content=\"en_US\" \/>\n<meta property=\"og:type\" content=\"article\" \/>\n<meta property=\"og:title\" content=\"Harald Bergerhoff - cia green communications\" \/>\n<meta property=\"og:description\" content=\"Harald Bergerhoff, Kreation, Kreativ-Motor, z\u00fcndende Idee, bewegende Idee, Geschwindigkeit, Markenerfahrung, Auszeichnungen, c.i.a.green\" \/>\n<meta property=\"og:url\" content=\"https:\/\/ciagreen.de\/en\/harald-bergerhoff\/\" \/>\n<meta property=\"og:site_name\" content=\"cia green communications\" \/>\n<meta property=\"article:modified_time\" content=\"2022-11-22T12:30:24+00:00\" \/>\n<meta name=\"twitter:card\" content=\"summary_large_image\" \/>\n<meta name=\"twitter:label1\" content=\"Est. reading time\" \/>\n\t<meta name=\"twitter:data1\" content=\"1 minute\" \/>\n<script type=\"application\/ld+json\" class=\"yoast-schema-graph\">{\"@context\":\"https:\/\/schema.org\",\"@graph\":[{\"@type\":\"WebPage\",\"@id\":\"https:\/\/ciagreen.de\/harald-bergerhoff\/\",\"url\":\"https:\/\/ciagreen.de\/harald-bergerhoff\/\",\"name\":\"Harald Bergerhoff - cia green communications\",\"isPartOf\":{\"@id\":\"https:\/\/ciagreen.de\/#website\"},\"datePublished\":\"2022-11-22T11:06:36+00:00\",\"dateModified\":\"2022-11-22T12:30:24+00:00\",\"description\":\"Harald Bergerhoff, Kreation, Kreativ-Motor, z\u00fcndende Idee, bewegende Idee, Geschwindigkeit, Markenerfahrung, Auszeichnungen, c.i.a.green\",\"breadcrumb\":{\"@id\":\"https:\/\/ciagreen.de\/harald-bergerhoff\/#breadcrumb\"},\"inLanguage\":\"en-US\",\"potentialAction\":[{\"@type\":\"ReadAction\",\"target\":[\"https:\/\/ciagreen.de\/harald-bergerhoff\/\"]}]},{\"@type\":\"BreadcrumbList\",\"@id\":\"https:\/\/ciagreen.de\/harald-bergerhoff\/#breadcrumb\",\"itemListElement\":[{\"@type\":\"ListItem\",\"position\":1,\"name\":\"Startseite\",\"item\":\"https:\/\/ciagreen.de\/\"},{\"@type\":\"ListItem\",\"position\":2,\"name\":\"Harald Bergerhoff\"}]},{\"@type\":\"WebSite\",\"@id\":\"https:\/\/ciagreen.de\/#website\",\"url\":\"https:\/\/ciagreen.de\/\",\"name\":\"cia green communications\",\"description\":\"\",\"potentialAction\":[{\"@type\":\"SearchAction\",\"target\":{\"@type\":\"EntryPoint\",\"urlTemplate\":\"https:\/\/ciagreen.de\/?s={search_term_string}\"},\"query-input\":\"required name=search_term_string\"}],\"inLanguage\":\"en-US\"}]}<\/script>\n<!-- \/ Yoast SEO plugin. -->","yoast_head_json":{"title":"Harald Bergerhoff - cia green communications","description":"Harald Bergerhoff, Kreation, Kreativ-Motor, z\u00fcndende Idee, bewegende Idee, Geschwindigkeit, Markenerfahrung, Auszeichnungen, c.i.a.green","robots":{"index":"index","follow":"follow","max-snippet":"max-snippet:-1","max-image-preview":"max-image-preview:large","max-video-preview":"max-video-preview:-1"},"canonical":"https:\/\/ciagreen.de\/en\/harald-bergerhoff\/","og_locale":"en_US","og_type":"article","og_title":"Harald Bergerhoff - cia green communications","og_description":"Harald Bergerhoff, Kreation, Kreativ-Motor, z\u00fcndende Idee, bewegende Idee, Geschwindigkeit, Markenerfahrung, Auszeichnungen, c.i.a.green","og_url":"https:\/\/ciagreen.de\/en\/harald-bergerhoff\/","og_site_name":"cia green communications","article_modified_time":"2022-11-22T12:30:24+00:00","twitter_card":"summary_large_image","twitter_misc":{"Est. reading time":"1 minute"},"schema":{"@context":"https:\/\/schema.org","@graph":[{"@type":"WebPage","@id":"https:\/\/ciagreen.de\/harald-bergerhoff\/","url":"https:\/\/ciagreen.de\/harald-bergerhoff\/","name":"Harald Bergerhoff - cia green communications","isPartOf":{"@id":"https:\/\/ciagreen.de\/#website"},"datePublished":"2022-11-22T11:06:36+00:00","dateModified":"2022-11-22T12:30:24+00:00","description":"Harald Bergerhoff, Kreation, Kreativ-Motor, z\u00fcndende Idee, bewegende Idee, Geschwindigkeit, Markenerfahrung, Auszeichnungen, c.i.a.green","breadcrumb":{"@id":"https:\/\/ciagreen.de\/harald-bergerhoff\/#breadcrumb"},"inLanguage":"en-US","potentialAction":[{"@type":"ReadAction","target":["https:\/\/ciagreen.de\/harald-bergerhoff\/"]}]},{"@type":"BreadcrumbList","@id":"https:\/\/ciagreen.de\/harald-bergerhoff\/#breadcrumb","itemListElement":[{"@type":"ListItem","position":1,"name":"Startseite","item":"https:\/\/ciagreen.de\/"},{"@type":"ListItem","position":2,"name":"Harald Bergerhoff"}]},{"@type":"WebSite","@id":"https:\/\/ciagreen.de\/#website","url":"https:\/\/ciagreen.de\/","name":"cia green communications","description":"","potentialAction":[{"@type":"SearchAction","target":{"@type":"EntryPoint","urlTemplate":"https:\/\/ciagreen.de\/?s={search_term_string}"},"query-input":"required name=search_term_string"}],"inLanguage":"en-US"}]}},"_links":{"self":[{"href":"https:\/\/ciagreen.de\/en\/wp-json\/wp\/v2\/pages\/14553"}],"collection":[{"href":"https:\/\/ciagreen.de\/en\/wp-json\/wp\/v2\/pages"}],"about":[{"href":"https:\/\/ciagreen.de\/en\/wp-json\/wp\/v2\/types\/page"}],"author":[{"embeddable":true,"href":"https:\/\/ciagreen.de\/en\/wp-json\/wp\/v2\/users\/2"}],"replies":[{"embeddable":true,"href":"https:\/\/ciagreen.de\/en\/wp-json\/wp\/v2\/comments?post=14553"}],"version-history":[{"count":5,"href":"https:\/\/ciagreen.de\/en\/wp-json\/wp\/v2\/pages\/14553\/revisions"}],"predecessor-version":[{"id":14558,"href":"https:\/\/ciagreen.de\/en\/wp-json\/wp\/v2\/pages\/14553\/revisions\/14558"}],"wp:attachment":[{"href":"https:\/\/ciagreen.de\/en\/wp-json\/wp\/v2\/media?parent=14553"}],"curies":[{"name":"wp","href":"https:\/\/api.w.org\/{rel}","templated":true}]}}