{"id":14559,"date":"2022-11-22T12:16:57","date_gmt":"2022-11-22T11:16:57","guid":{"rendered":"https:\/\/ciagreen.de\/?page_id=14559"},"modified":"2022-11-22T12:21:14","modified_gmt":"2022-11-22T11:21:14","slug":"dr-jil-scheurer","status":"publish","type":"page","link":"https:\/\/ciagreen.de\/en\/dr-jil-scheurer\/","title":{"rendered":"Dr. Jil Scheurer"},"content":{"rendered":"<div data-elementor-type=\"wp-page\" data-elementor-id=\"14559\" class=\"elementor elementor-14559\">\n\t\t\t\t\t\t\t\t\t<section class=\"elementor-section elementor-top-section elementor-element elementor-element-8abd5be elementor-section-full_width elementor-section-height-min-height elementor-section-height-default elementor-section-items-middle qodef-elementor-content-no\" data-id=\"8abd5be\" data-element_type=\"section\" data-settings=\"{&quot;background_background&quot;:&quot;classic&quot;}\">\n\t\t\t\t\t\t<div class=\"elementor-container elementor-column-gap-default\">\n\t\t\t\t\t<div class=\"elementor-column elementor-col-100 elementor-top-column elementor-element elementor-element-af0cd2b\" data-id=\"af0cd2b\" data-element_type=\"column\">\n\t\t\t<div class=\"elementor-widget-wrap\">\n\t\t\t\t\t\t\t\t\t<\/div>\n\t\t<\/div>\n\t\t\t\t\t\t\t<\/div>\n\t\t<\/section>\n\t\t\t\t<section class=\"elementor-section elementor-top-section elementor-element elementor-element-92fd306 elementor-section-full_width qodef-elementor-content-grid elementor-section-height-default elementor-section-height-default\" data-id=\"92fd306\" data-element_type=\"section\">\n\t\t\t\t\t\t<div class=\"elementor-container elementor-column-gap-no\">\n\t\t\t\t\t<div class=\"elementor-column elementor-col-100 elementor-top-column elementor-element elementor-element-348c395\" data-id=\"348c395\" data-element_type=\"column\">\n\t\t\t<div class=\"elementor-widget-wrap elementor-element-populated\">\n\t\t\t\t\t\t\t\t<div class=\"elementor-element elementor-element-6ebce39 elementor-widget elementor-widget-text-editor\" data-id=\"6ebce39\" data-element_type=\"widget\" data-widget_type=\"text-editor.default\">\n\t\t\t\t<div class=\"elementor-widget-container\">\n\t\t\t<style>\/*! elementor - v3.13.3 - 28-05-2023 *\/\n.elementor-widget-text-editor.elementor-drop-cap-view-stacked .elementor-drop-cap{background-color:#69727d;color:#fff}.elementor-widget-text-editor.elementor-drop-cap-view-framed .elementor-drop-cap{color:#69727d;border:3px solid;background-color:transparent}.elementor-widget-text-editor:not(.elementor-drop-cap-view-default) .elementor-drop-cap{margin-top:8px}.elementor-widget-text-editor:not(.elementor-drop-cap-view-default) .elementor-drop-cap-letter{width:1em;height:1em}.elementor-widget-text-editor .elementor-drop-cap{float:left;text-align:center;line-height:1;font-size:50px}.elementor-widget-text-editor .elementor-drop-cap-letter{display:inline-block}<\/style>\t\t\t\t<h2>Dr. Jil Scheurer, Managing Director project and agency management<\/h2>\t\t\t\t\t\t<\/div>\n\t\t\t\t<\/div>\n\t\t\t\t<section class=\"elementor-section elementor-inner-section elementor-element elementor-element-84f0b3b elementor-section-full_width elementor-section-height-default elementor-section-height-default qodef-elementor-content-no\" data-id=\"84f0b3b\" data-element_type=\"section\">\n\t\t\t\t\t\t<div class=\"elementor-container elementor-column-gap-default\">\n\t\t\t\t\t<div class=\"elementor-column elementor-col-100 elementor-inner-column elementor-element elementor-element-d5cd847\" data-id=\"d5cd847\" data-element_type=\"column\">\n\t\t\t<div class=\"elementor-widget-wrap elementor-element-populated\">\n\t\t\t\t\t\t\t\t<div class=\"elementor-element elementor-element-1daed09 elementor-widget elementor-widget-text-editor\" data-id=\"1daed09\" data-element_type=\"widget\" data-widget_type=\"text-editor.default\">\n\t\t\t\t<div class=\"elementor-widget-container\">\n\t\t\t\t\t\t\t<p>After her medical studies and several years of clinical practice, she was looking for new, creative and organisational challenges beyond all routines. She found them here. Since December 2021, she has been responsible for project and agency management at c.i.a.green. With great intelligence and dynamism, she ensures surgically precise processes and healthy figures. In the medium term, we want to use her know-how to open up new business areas. Which ones should be clear.<\/p>\t\t\t\t\t\t<\/div>\n\t\t\t\t<\/div>\n\t\t\t\t\t<\/div>\n\t\t<\/div>\n\t\t\t\t\t\t\t<\/div>\n\t\t<\/section>\n\t\t\t\t\t<\/div>\n\t\t<\/div>\n\t\t\t\t\t\t\t<\/div>\n\t\t<\/section>\n\t\t\t\t\t\t\t<\/div>","protected":false},"excerpt":{"rendered":"<p>Dr. Jil Scheurer, GF Projekt- und Agentur-Management Nach ihrem Medizinstudium und einigen Jahren Klinikpraxis suchte sie neue, kreative und organisatorische Herausforderungen jenseits aller Routinen. Die hat sie hier gefunden. Seit Dezember 2021 ist sie f\u00fcr das Projekt- und Agenturmanagement der c.i.a.green verantwortlich. Mit gro\u00dfer Intelligenz und Dynamik sorgt sie f\u00fcr chirurgisch pr\u00e4zise Abl\u00e4ufe und gesunde [&hellip;]<\/p>","protected":false},"author":2,"featured_media":0,"parent":0,"menu_order":0,"comment_status":"closed","ping_status":"closed","template":"","meta":[],"acf":[],"yoast_head":"<!-- This site is optimized with the Yoast SEO plugin v20.3 - https:\/\/yoast.com\/wordpress\/plugins\/seo\/ -->\n<title>Dr. Jil Scheurer - cia green communications<\/title>\n<meta name=\"description\" content=\"c.i.a.green, Dr. Jil Scheurer, Agentur-Management, Projekt-Management, Medizinstudium, Intelligenz, Dynamik, neue Gesch\u00e4ftsfelder\" \/>\n<meta name=\"robots\" content=\"index, follow, max-snippet:-1, max-image-preview:large, max-video-preview:-1\" \/>\n<link rel=\"canonical\" href=\"https:\/\/ciagreen.de\/en\/dr-jil-scheurer\/\" \/>\n<meta property=\"og:locale\" content=\"en_US\" \/>\n<meta property=\"og:type\" content=\"article\" \/>\n<meta property=\"og:title\" content=\"Dr. Jil Scheurer - cia green communications\" \/>\n<meta property=\"og:description\" content=\"c.i.a.green, Dr. Jil Scheurer, Agentur-Management, Projekt-Management, Medizinstudium, Intelligenz, Dynamik, neue Gesch\u00e4ftsfelder\" \/>\n<meta property=\"og:url\" content=\"https:\/\/ciagreen.de\/en\/dr-jil-scheurer\/\" \/>\n<meta property=\"og:site_name\" content=\"cia green communications\" \/>\n<meta property=\"article:modified_time\" content=\"2022-11-22T11:21:14+00:00\" \/>\n<meta name=\"twitter:card\" content=\"summary_large_image\" \/>\n<meta name=\"twitter:label1\" content=\"Est. reading time\" \/>\n\t<meta name=\"twitter:data1\" content=\"1 minute\" \/>\n<script type=\"application\/ld+json\" class=\"yoast-schema-graph\">{\"@context\":\"https:\/\/schema.org\",\"@graph\":[{\"@type\":\"WebPage\",\"@id\":\"https:\/\/ciagreen.de\/dr-jil-scheurer\/\",\"url\":\"https:\/\/ciagreen.de\/dr-jil-scheurer\/\",\"name\":\"Dr. Jil Scheurer - cia green communications\",\"isPartOf\":{\"@id\":\"https:\/\/ciagreen.de\/#website\"},\"datePublished\":\"2022-11-22T11:16:57+00:00\",\"dateModified\":\"2022-11-22T11:21:14+00:00\",\"description\":\"c.i.a.green, Dr. Jil Scheurer, Agentur-Management, Projekt-Management, Medizinstudium, Intelligenz, Dynamik, neue Gesch\u00e4ftsfelder\",\"breadcrumb\":{\"@id\":\"https:\/\/ciagreen.de\/dr-jil-scheurer\/#breadcrumb\"},\"inLanguage\":\"en-US\",\"potentialAction\":[{\"@type\":\"ReadAction\",\"target\":[\"https:\/\/ciagreen.de\/dr-jil-scheurer\/\"]}]},{\"@type\":\"BreadcrumbList\",\"@id\":\"https:\/\/ciagreen.de\/dr-jil-scheurer\/#breadcrumb\",\"itemListElement\":[{\"@type\":\"ListItem\",\"position\":1,\"name\":\"Startseite\",\"item\":\"https:\/\/ciagreen.de\/\"},{\"@type\":\"ListItem\",\"position\":2,\"name\":\"Dr. Jil Scheurer\"}]},{\"@type\":\"WebSite\",\"@id\":\"https:\/\/ciagreen.de\/#website\",\"url\":\"https:\/\/ciagreen.de\/\",\"name\":\"cia green communications\",\"description\":\"\",\"potentialAction\":[{\"@type\":\"SearchAction\",\"target\":{\"@type\":\"EntryPoint\",\"urlTemplate\":\"https:\/\/ciagreen.de\/?s={search_term_string}\"},\"query-input\":\"required name=search_term_string\"}],\"inLanguage\":\"en-US\"}]}<\/script>\n<!-- \/ Yoast SEO plugin. -->","yoast_head_json":{"title":"Dr. Jil Scheurer - cia green communications","description":"c.i.a.green, Dr. Jil Scheurer, Agentur-Management, Projekt-Management, Medizinstudium, Intelligenz, Dynamik, neue Gesch\u00e4ftsfelder","robots":{"index":"index","follow":"follow","max-snippet":"max-snippet:-1","max-image-preview":"max-image-preview:large","max-video-preview":"max-video-preview:-1"},"canonical":"https:\/\/ciagreen.de\/en\/dr-jil-scheurer\/","og_locale":"en_US","og_type":"article","og_title":"Dr. Jil Scheurer - cia green communications","og_description":"c.i.a.green, Dr. Jil Scheurer, Agentur-Management, Projekt-Management, Medizinstudium, Intelligenz, Dynamik, neue Gesch\u00e4ftsfelder","og_url":"https:\/\/ciagreen.de\/en\/dr-jil-scheurer\/","og_site_name":"cia green communications","article_modified_time":"2022-11-22T11:21:14+00:00","twitter_card":"summary_large_image","twitter_misc":{"Est. reading time":"1 minute"},"schema":{"@context":"https:\/\/schema.org","@graph":[{"@type":"WebPage","@id":"https:\/\/ciagreen.de\/dr-jil-scheurer\/","url":"https:\/\/ciagreen.de\/dr-jil-scheurer\/","name":"Dr. Jil Scheurer - cia green communications","isPartOf":{"@id":"https:\/\/ciagreen.de\/#website"},"datePublished":"2022-11-22T11:16:57+00:00","dateModified":"2022-11-22T11:21:14+00:00","description":"c.i.a.green, Dr. Jil Scheurer, Agentur-Management, Projekt-Management, Medizinstudium, Intelligenz, Dynamik, neue Gesch\u00e4ftsfelder","breadcrumb":{"@id":"https:\/\/ciagreen.de\/dr-jil-scheurer\/#breadcrumb"},"inLanguage":"en-US","potentialAction":[{"@type":"ReadAction","target":["https:\/\/ciagreen.de\/dr-jil-scheurer\/"]}]},{"@type":"BreadcrumbList","@id":"https:\/\/ciagreen.de\/dr-jil-scheurer\/#breadcrumb","itemListElement":[{"@type":"ListItem","position":1,"name":"Startseite","item":"https:\/\/ciagreen.de\/"},{"@type":"ListItem","position":2,"name":"Dr. Jil Scheurer"}]},{"@type":"WebSite","@id":"https:\/\/ciagreen.de\/#website","url":"https:\/\/ciagreen.de\/","name":"cia green communications","description":"","potentialAction":[{"@type":"SearchAction","target":{"@type":"EntryPoint","urlTemplate":"https:\/\/ciagreen.de\/?s={search_term_string}"},"query-input":"required name=search_term_string"}],"inLanguage":"en-US"}]}},"_links":{"self":[{"href":"https:\/\/ciagreen.de\/en\/wp-json\/wp\/v2\/pages\/14559"}],"collection":[{"href":"https:\/\/ciagreen.de\/en\/wp-json\/wp\/v2\/pages"}],"about":[{"href":"https:\/\/ciagreen.de\/en\/wp-json\/wp\/v2\/types\/page"}],"author":[{"embeddable":true,"href":"https:\/\/ciagreen.de\/en\/wp-json\/wp\/v2\/users\/2"}],"replies":[{"embeddable":true,"href":"https:\/\/ciagreen.de\/en\/wp-json\/wp\/v2\/comments?post=14559"}],"version-history":[{"count":8,"href":"https:\/\/ciagreen.de\/en\/wp-json\/wp\/v2\/pages\/14559\/revisions"}],"predecessor-version":[{"id":14567,"href":"https:\/\/ciagreen.de\/en\/wp-json\/wp\/v2\/pages\/14559\/revisions\/14567"}],"wp:attachment":[{"href":"https:\/\/ciagreen.de\/en\/wp-json\/wp\/v2\/media?parent=14559"}],"curies":[{"name":"wp","href":"https:\/\/api.w.org\/{rel}","templated":true}]}}