{"id":7400,"date":"2022-03-17T14:38:23","date_gmt":"2022-03-17T13:38:23","guid":{"rendered":"https:\/\/staging.ciagreen.de\/?page_id=7400"},"modified":"2022-03-31T11:41:21","modified_gmt":"2022-03-31T09:41:21","slug":"360-kampagne","status":"publish","type":"page","link":"https:\/\/ciagreen.de\/en\/360-kampagne\/","title":{"rendered":"360\u00b0 Campaign"},"content":{"rendered":"<div data-elementor-type=\"wp-page\" data-elementor-id=\"7400\" class=\"elementor elementor-7400\">\n\t\t\t\t\t\t\t\t\t<section class=\"elementor-section elementor-top-section elementor-element elementor-element-5b175e3 elementor-section-full_width elementor-section-height-default elementor-section-height-default qodef-elementor-content-no\" data-id=\"5b175e3\" data-element_type=\"section\">\n\t\t\t\t\t\t\t<div class=\"elementor-background-overlay\"><\/div>\n\t\t\t\t\t\t\t<div class=\"elementor-container elementor-column-gap-default\">\n\t\t\t\t\t<div class=\"elementor-column elementor-col-33 elementor-top-column elementor-element elementor-element-36a0c93\" data-id=\"36a0c93\" data-element_type=\"column\">\n\t\t\t<div class=\"elementor-widget-wrap elementor-element-populated\">\n\t\t\t\t\t\t\t\t<div class=\"elementor-element elementor-element-5d83bf5 elementor-widget elementor-widget-image\" data-id=\"5d83bf5\" data-element_type=\"widget\" data-widget_type=\"image.default\">\n\t\t\t\t<div class=\"elementor-widget-container\">\n\t\t\t<style>\/*! elementor - v3.13.3 - 28-05-2023 *\/\n.elementor-widget-image{text-align:center}.elementor-widget-image a{display:inline-block}.elementor-widget-image a img[src$=\".svg\"]{width:48px}.elementor-widget-image img{vertical-align:middle;display:inline-block}<\/style>\t\t\t\t\t\t\t\t\t\t\t\t\t<a href=\"https:\/\/ciagreen.de\/en\/der-mercedes-unter-den-geraetetraegern\/\">\n\t\t\t\t\t\t\t<img width=\"956\" height=\"712\" src=\"https:\/\/ciagreen.de\/wp-content\/uploads\/2022\/03\/360Grad_Unimog-956x712.jpg\" class=\"attachment-large size-large wp-image-7410\" alt=\"c.i.a.green, Mercedes Benz, Unimog, Ger\u00e4tetr\u00e4ger, Br\u00fccke\" srcset=\"https:\/\/ciagreen.de\/wp-content\/uploads\/2022\/03\/360Grad_Unimog-956x712.jpg 956w, https:\/\/ciagreen.de\/wp-content\/uploads\/2022\/03\/360Grad_Unimog-768x572.jpg 768w, https:\/\/ciagreen.de\/wp-content\/uploads\/2022\/03\/360Grad_Unimog-600x447.jpg 600w, https:\/\/ciagreen.de\/wp-content\/uploads\/2022\/03\/360Grad_Unimog.jpg 1100w\" sizes=\"(max-width: 956px) 100vw, 956px\" \/>\t\t\t\t\t\t\t\t<\/a>\n\t\t\t\t\t\t\t\t\t\t\t\t\t\t\t<\/div>\n\t\t\t\t<\/div>\n\t\t\t\t<div class=\"elementor-element elementor-element-b6a8740 elementor-widget elementor-widget-text-editor\" data-id=\"b6a8740\" data-element_type=\"widget\" data-widget_type=\"text-editor.default\">\n\t\t\t\t<div class=\"elementor-widget-container\">\n\t\t\t<style>\/*! elementor - v3.13.3 - 28-05-2023 *\/\n.elementor-widget-text-editor.elementor-drop-cap-view-stacked .elementor-drop-cap{background-color:#69727d;color:#fff}.elementor-widget-text-editor.elementor-drop-cap-view-framed .elementor-drop-cap{color:#69727d;border:3px solid;background-color:transparent}.elementor-widget-text-editor:not(.elementor-drop-cap-view-default) .elementor-drop-cap{margin-top:8px}.elementor-widget-text-editor:not(.elementor-drop-cap-view-default) .elementor-drop-cap-letter{width:1em;height:1em}.elementor-widget-text-editor .elementor-drop-cap{float:left;text-align:center;line-height:1;font-size:50px}.elementor-widget-text-editor .elementor-drop-cap-letter{display:inline-block}<\/style>\t\t\t\t<p>Mercedes Benz Unimog<\/p>\t\t\t\t\t\t<\/div>\n\t\t\t\t<\/div>\n\t\t\t\t<div class=\"elementor-element elementor-element-b9e992f elementor-widget elementor-widget-heading\" data-id=\"b9e992f\" data-element_type=\"widget\" data-widget_type=\"heading.default\">\n\t\t\t\t<div class=\"elementor-widget-container\">\n\t\t\t<style>\/*! elementor - v3.13.3 - 28-05-2023 *\/\n.elementor-heading-title{padding:0;margin:0;line-height:1}.elementor-widget-heading .elementor-heading-title[class*=elementor-size-]>a{color:inherit;font-size:inherit;line-height:inherit}.elementor-widget-heading .elementor-heading-title.elementor-size-small{font-size:15px}.elementor-widget-heading .elementor-heading-title.elementor-size-medium{font-size:19px}.elementor-widget-heading .elementor-heading-title.elementor-size-large{font-size:29px}.elementor-widget-heading .elementor-heading-title.elementor-size-xl{font-size:39px}.elementor-widget-heading .elementor-heading-title.elementor-size-xxl{font-size:59px}<\/style><h2 class=\"elementor-heading-title elementor-size-default\">Der Mercedes unter den Ger\u00e4tetr\u00e4gern.<\/h2>\t\t<\/div>\n\t\t\t\t<\/div>\n\t\t\t\t\t<\/div>\n\t\t<\/div>\n\t\t\t\t<div class=\"elementor-column elementor-col-33 elementor-top-column elementor-element elementor-element-76e4783\" data-id=\"76e4783\" data-element_type=\"column\">\n\t\t\t<div class=\"elementor-widget-wrap elementor-element-populated\">\n\t\t\t\t\t\t\t\t<div class=\"elementor-element elementor-element-5c92653 elementor-widget elementor-widget-image\" data-id=\"5c92653\" data-element_type=\"widget\" data-widget_type=\"image.default\">\n\t\t\t\t<div class=\"elementor-widget-container\">\n\t\t\t\t\t\t\t\t\t\t\t\t\t\t\t\t<a href=\"https:\/\/ciagreen.de\/en\/vielfalt-drischt-besser\/\">\n\t\t\t\t\t\t\t<img width=\"956\" height=\"712\" src=\"https:\/\/ciagreen.de\/wp-content\/uploads\/2022\/03\/360Grad_Saaten-Union-956x712.jpg\" class=\"attachment-large size-large wp-image-7408\" alt=\"c.i.a.green, Saaten-Union, Feldkontrolle, Weizenfeld, Mann, Auto\" srcset=\"https:\/\/ciagreen.de\/wp-content\/uploads\/2022\/03\/360Grad_Saaten-Union-956x712.jpg 956w, https:\/\/ciagreen.de\/wp-content\/uploads\/2022\/03\/360Grad_Saaten-Union-768x572.jpg 768w, https:\/\/ciagreen.de\/wp-content\/uploads\/2022\/03\/360Grad_Saaten-Union-600x447.jpg 600w, https:\/\/ciagreen.de\/wp-content\/uploads\/2022\/03\/360Grad_Saaten-Union.jpg 1100w\" sizes=\"(max-width: 956px) 100vw, 956px\" \/>\t\t\t\t\t\t\t\t<\/a>\n\t\t\t\t\t\t\t\t\t\t\t\t\t\t\t<\/div>\n\t\t\t\t<\/div>\n\t\t\t\t<div class=\"elementor-element elementor-element-58f948d elementor-widget elementor-widget-text-editor\" data-id=\"58f948d\" data-element_type=\"widget\" data-widget_type=\"text-editor.default\">\n\t\t\t\t<div class=\"elementor-widget-container\">\n\t\t\t\t\t\t\t<p>Saaten-Union<\/p>\t\t\t\t\t\t<\/div>\n\t\t\t\t<\/div>\n\t\t\t\t<div class=\"elementor-element elementor-element-34fdd71 elementor-widget elementor-widget-heading\" data-id=\"34fdd71\" data-element_type=\"widget\" data-widget_type=\"heading.default\">\n\t\t\t\t<div class=\"elementor-widget-container\">\n\t\t\t<h2 class=\"elementor-heading-title elementor-size-default\">Vielfalt drischt besser.<\/h2>\t\t<\/div>\n\t\t\t\t<\/div>\n\t\t\t\t\t<\/div>\n\t\t<\/div>\n\t\t\t\t<div class=\"elementor-column elementor-col-33 elementor-top-column elementor-element elementor-element-190038b\" data-id=\"190038b\" data-element_type=\"column\">\n\t\t\t<div class=\"elementor-widget-wrap elementor-element-populated\">\n\t\t\t\t\t\t\t\t<div class=\"elementor-element elementor-element-4f105e4 elementor-widget elementor-widget-image\" data-id=\"4f105e4\" data-element_type=\"widget\" data-widget_type=\"image.default\">\n\t\t\t\t<div class=\"elementor-widget-container\">\n\t\t\t\t\t\t\t\t\t\t\t\t\t\t\t\t<a href=\"https:\/\/ciagreen.de\/en\/die-zukunft-der-milcherzeugung\/\">\n\t\t\t\t\t\t\t<img width=\"956\" height=\"712\" src=\"https:\/\/ciagreen.de\/wp-content\/uploads\/2022\/03\/360Grad_GEA-956x712.jpg\" class=\"attachment-large size-large wp-image-7406\" alt=\"c.i.a.green, GEA, WestfaliaSurge, Markenwechsel, Mann, Frau, Kuh, Stall\" srcset=\"https:\/\/ciagreen.de\/wp-content\/uploads\/2022\/03\/360Grad_GEA-956x712.jpg 956w, https:\/\/ciagreen.de\/wp-content\/uploads\/2022\/03\/360Grad_GEA-768x572.jpg 768w, https:\/\/ciagreen.de\/wp-content\/uploads\/2022\/03\/360Grad_GEA-600x447.jpg 600w, https:\/\/ciagreen.de\/wp-content\/uploads\/2022\/03\/360Grad_GEA.jpg 1100w\" sizes=\"(max-width: 956px) 100vw, 956px\" \/>\t\t\t\t\t\t\t\t<\/a>\n\t\t\t\t\t\t\t\t\t\t\t\t\t\t\t<\/div>\n\t\t\t\t<\/div>\n\t\t\t\t<div class=\"elementor-element elementor-element-9d616b7 elementor-widget elementor-widget-text-editor\" data-id=\"9d616b7\" data-element_type=\"widget\" data-widget_type=\"text-editor.default\">\n\t\t\t\t<div class=\"elementor-widget-container\">\n\t\t\t\t\t\t\t<p>GEA Farm Technologies<\/p>\t\t\t\t\t\t<\/div>\n\t\t\t\t<\/div>\n\t\t\t\t<div class=\"elementor-element elementor-element-a3eab27 elementor-widget elementor-widget-heading\" data-id=\"a3eab27\" data-element_type=\"widget\" data-widget_type=\"heading.default\">\n\t\t\t\t<div class=\"elementor-widget-container\">\n\t\t\t<h2 class=\"elementor-heading-title elementor-size-default\">Die Zukunft der Milcherzeugung.<\/h2>\t\t<\/div>\n\t\t\t\t<\/div>\n\t\t\t\t\t<\/div>\n\t\t<\/div>\n\t\t\t\t\t\t\t<\/div>\n\t\t<\/section>\n\t\t\t\t<section class=\"elementor-section elementor-top-section elementor-element elementor-element-06e3859 elementor-section-full_width elementor-section-height-default elementor-section-height-default qodef-elementor-content-no\" data-id=\"06e3859\" data-element_type=\"section\">\n\t\t\t\t\t\t\t<div class=\"elementor-background-overlay\"><\/div>\n\t\t\t\t\t\t\t<div class=\"elementor-container elementor-column-gap-default\">\n\t\t\t\t\t<div class=\"elementor-column elementor-col-33 elementor-top-column elementor-element elementor-element-625f91a\" data-id=\"625f91a\" data-element_type=\"column\">\n\t\t\t<div class=\"elementor-widget-wrap elementor-element-populated\">\n\t\t\t\t\t\t\t\t<div class=\"elementor-element elementor-element-e2a1450 elementor-widget elementor-widget-image\" data-id=\"e2a1450\" data-element_type=\"widget\" data-widget_type=\"image.default\">\n\t\t\t\t<div class=\"elementor-widget-container\">\n\t\t\t\t\t\t\t\t\t\t\t\t\t\t\t\t<a href=\"https:\/\/ciagreen.de\/en\/bonsilage-messbar-mehr-futterqualitaet\/\">\n\t\t\t\t\t\t\t<img width=\"956\" height=\"712\" src=\"https:\/\/ciagreen.de\/wp-content\/uploads\/2022\/03\/360Grad_Schaumann-956x712.jpg\" class=\"attachment-large size-large wp-image-7409\" alt=\"c.i.a.green, Schaumann, Bonsilage, Silage, Futterqualit\u00e4t, Forscher\" srcset=\"https:\/\/ciagreen.de\/wp-content\/uploads\/2022\/03\/360Grad_Schaumann-956x712.jpg 956w, https:\/\/ciagreen.de\/wp-content\/uploads\/2022\/03\/360Grad_Schaumann-768x572.jpg 768w, https:\/\/ciagreen.de\/wp-content\/uploads\/2022\/03\/360Grad_Schaumann-600x447.jpg 600w, https:\/\/ciagreen.de\/wp-content\/uploads\/2022\/03\/360Grad_Schaumann.jpg 1100w\" sizes=\"(max-width: 956px) 100vw, 956px\" \/>\t\t\t\t\t\t\t\t<\/a>\n\t\t\t\t\t\t\t\t\t\t\t\t\t\t\t<\/div>\n\t\t\t\t<\/div>\n\t\t\t\t<div class=\"elementor-element elementor-element-3b2ee57 elementor-widget elementor-widget-text-editor\" data-id=\"3b2ee57\" data-element_type=\"widget\" data-widget_type=\"text-editor.default\">\n\t\t\t\t<div class=\"elementor-widget-container\">\n\t\t\t\t\t\t\t<p>Schaumann<\/p>\t\t\t\t\t\t<\/div>\n\t\t\t\t<\/div>\n\t\t\t\t<div class=\"elementor-element elementor-element-f20d2e5 elementor-widget elementor-widget-heading\" data-id=\"f20d2e5\" data-element_type=\"widget\" data-widget_type=\"heading.default\">\n\t\t\t\t<div class=\"elementor-widget-container\">\n\t\t\t<h2 class=\"elementor-heading-title elementor-size-default\">Bonsilage. Messbar mehr Futterqualit\u00e4t.<\/h2>\t\t<\/div>\n\t\t\t\t<\/div>\n\t\t\t\t\t<\/div>\n\t\t<\/div>\n\t\t\t\t<div class=\"elementor-column elementor-col-33 elementor-top-column elementor-element elementor-element-edf0ba4\" data-id=\"edf0ba4\" data-element_type=\"column\">\n\t\t\t<div class=\"elementor-widget-wrap elementor-element-populated\">\n\t\t\t\t\t\t\t\t<div class=\"elementor-element elementor-element-a4598d7 elementor-widget elementor-widget-image\" data-id=\"a4598d7\" data-element_type=\"widget\" data-widget_type=\"image.default\">\n\t\t\t\t<div class=\"elementor-widget-container\">\n\t\t\t\t\t\t\t\t\t\t\t\t\t\t\t\t<a href=\"https:\/\/ciagreen.de\/en\/historisches-souper\/\">\n\t\t\t\t\t\t\t<img src=\"https:\/\/ciagreen.de\/wp-content\/uploads\/2022\/03\/360Grad_Grau.jpg\" title=\"\" alt=\"\" loading=\"lazy\" \/>\t\t\t\t\t\t\t\t<\/a>\n\t\t\t\t\t\t\t\t\t\t\t\t\t\t\t<\/div>\n\t\t\t\t<\/div>\n\t\t\t\t<div class=\"elementor-element elementor-element-a55311d elementor-widget elementor-widget-text-editor\" data-id=\"a55311d\" data-element_type=\"widget\" data-widget_type=\"text-editor.default\">\n\t\t\t\t<div class=\"elementor-widget-container\">\n\t\t\t\t\t\t\t<p>Lorem Ipsum<\/p>\t\t\t\t\t\t<\/div>\n\t\t\t\t<\/div>\n\t\t\t\t<div class=\"elementor-element elementor-element-2ab7d09 elementor-widget elementor-widget-heading\" data-id=\"2ab7d09\" data-element_type=\"widget\" data-widget_type=\"heading.default\">\n\t\t\t\t<div class=\"elementor-widget-container\">\n\t\t\t<h2 class=\"elementor-heading-title elementor-size-default\">Dolor ipsum est lorem.<\/h2>\t\t<\/div>\n\t\t\t\t<\/div>\n\t\t\t\t\t<\/div>\n\t\t<\/div>\n\t\t\t\t<div class=\"elementor-column elementor-col-33 elementor-top-column elementor-element elementor-element-36b9930\" data-id=\"36b9930\" data-element_type=\"column\">\n\t\t\t<div class=\"elementor-widget-wrap elementor-element-populated\">\n\t\t\t\t\t\t\t\t<div class=\"elementor-element elementor-element-cf6bcfd elementor-widget elementor-widget-image\" data-id=\"cf6bcfd\" data-element_type=\"widget\" data-widget_type=\"image.default\">\n\t\t\t\t<div class=\"elementor-widget-container\">\n\t\t\t\t\t\t\t\t\t\t\t\t\t\t\t<img src=\"https:\/\/ciagreen.de\/wp-content\/uploads\/2022\/03\/360Grad_Grau.jpg\" title=\"\" alt=\"\" loading=\"lazy\" \/>\t\t\t\t\t\t\t\t\t\t\t\t\t\t\t<\/div>\n\t\t\t\t<\/div>\n\t\t\t\t<div class=\"elementor-element elementor-element-2df78da elementor-widget elementor-widget-text-editor\" data-id=\"2df78da\" data-element_type=\"widget\" data-widget_type=\"text-editor.default\">\n\t\t\t\t<div class=\"elementor-widget-container\">\n\t\t\t\t\t\t\t<p>Lorem Ipsum<\/p>\t\t\t\t\t\t<\/div>\n\t\t\t\t<\/div>\n\t\t\t\t<div class=\"elementor-element elementor-element-a1a0ca6 elementor-widget elementor-widget-heading\" data-id=\"a1a0ca6\" data-element_type=\"widget\" data-widget_type=\"heading.default\">\n\t\t\t\t<div class=\"elementor-widget-container\">\n\t\t\t<h2 class=\"elementor-heading-title elementor-size-default\">Dolor ipsum est lorem.<\/h2>\t\t<\/div>\n\t\t\t\t<\/div>\n\t\t\t\t\t<\/div>\n\t\t<\/div>\n\t\t\t\t\t\t\t<\/div>\n\t\t<\/section>\n\t\t\t\t\t\t\t<\/div>","protected":false},"excerpt":{"rendered":"<p>Mercedes Benz Unimog Der Mercedes unter den Ger\u00e4tetr\u00e4gern. Saaten-Union Vielfalt drischt besser. GEA Farm Technologies Die Zukunft der Milcherzeugung. Schaumann Bonsilage. Messbar mehr Futterqualit\u00e4t. Lorem Ipsum Dolor ipsum est lorem. Lorem Ipsum Dolor ipsum est lorem.<\/p>","protected":false},"author":2,"featured_media":0,"parent":0,"menu_order":0,"comment_status":"closed","ping_status":"closed","template":"","meta":[],"acf":[],"yoast_head":"<!-- This site is optimized with the Yoast SEO plugin v20.3 - https:\/\/yoast.com\/wordpress\/plugins\/seo\/ -->\n<title>360\u00b0 Kampagne - cia green communications<\/title>\n<meta name=\"robots\" content=\"index, follow, max-snippet:-1, max-image-preview:large, max-video-preview:-1\" \/>\n<link rel=\"canonical\" href=\"https:\/\/ciagreen.de\/en\/360-kampagne\/\" \/>\n<meta property=\"og:locale\" content=\"en_US\" \/>\n<meta property=\"og:type\" content=\"article\" \/>\n<meta property=\"og:title\" content=\"360\u00b0 Kampagne - cia green communications\" \/>\n<meta property=\"og:description\" content=\"Mercedes Benz Unimog Der Mercedes unter den Ger\u00e4tetr\u00e4gern. Saaten-Union Vielfalt drischt besser. GEA Farm Technologies Die Zukunft der Milcherzeugung. Schaumann Bonsilage. Messbar mehr Futterqualit\u00e4t. Lorem Ipsum Dolor ipsum est lorem. Lorem Ipsum Dolor ipsum est lorem.\" \/>\n<meta property=\"og:url\" content=\"https:\/\/ciagreen.de\/en\/360-kampagne\/\" \/>\n<meta property=\"og:site_name\" content=\"cia green communications\" \/>\n<meta property=\"article:modified_time\" content=\"2022-03-31T09:41:21+00:00\" \/>\n<meta property=\"og:image\" content=\"https:\/\/ciagreen.de\/wp-content\/uploads\/2022\/03\/360Grad_Unimog-956x712.jpg\" \/>\n<meta name=\"twitter:card\" content=\"summary_large_image\" \/>\n<script type=\"application\/ld+json\" class=\"yoast-schema-graph\">{\"@context\":\"https:\/\/schema.org\",\"@graph\":[{\"@type\":\"WebPage\",\"@id\":\"https:\/\/ciagreen.de\/360-kampagne\/\",\"url\":\"https:\/\/ciagreen.de\/360-kampagne\/\",\"name\":\"360\u00b0 Kampagne - cia green communications\",\"isPartOf\":{\"@id\":\"https:\/\/ciagreen.de\/#website\"},\"datePublished\":\"2022-03-17T13:38:23+00:00\",\"dateModified\":\"2022-03-31T09:41:21+00:00\",\"breadcrumb\":{\"@id\":\"https:\/\/ciagreen.de\/360-kampagne\/#breadcrumb\"},\"inLanguage\":\"en-US\",\"potentialAction\":[{\"@type\":\"ReadAction\",\"target\":[\"https:\/\/ciagreen.de\/360-kampagne\/\"]}]},{\"@type\":\"BreadcrumbList\",\"@id\":\"https:\/\/ciagreen.de\/360-kampagne\/#breadcrumb\",\"itemListElement\":[{\"@type\":\"ListItem\",\"position\":1,\"name\":\"Startseite\",\"item\":\"https:\/\/ciagreen.de\/\"},{\"@type\":\"ListItem\",\"position\":2,\"name\":\"360\u00b0 Kampagne\"}]},{\"@type\":\"WebSite\",\"@id\":\"https:\/\/ciagreen.de\/#website\",\"url\":\"https:\/\/ciagreen.de\/\",\"name\":\"cia green communications\",\"description\":\"\",\"potentialAction\":[{\"@type\":\"SearchAction\",\"target\":{\"@type\":\"EntryPoint\",\"urlTemplate\":\"https:\/\/ciagreen.de\/?s={search_term_string}\"},\"query-input\":\"required name=search_term_string\"}],\"inLanguage\":\"en-US\"}]}<\/script>\n<!-- \/ Yoast SEO plugin. -->","yoast_head_json":{"title":"360\u00b0 Kampagne - cia green communications","robots":{"index":"index","follow":"follow","max-snippet":"max-snippet:-1","max-image-preview":"max-image-preview:large","max-video-preview":"max-video-preview:-1"},"canonical":"https:\/\/ciagreen.de\/en\/360-kampagne\/","og_locale":"en_US","og_type":"article","og_title":"360\u00b0 Kampagne - cia green communications","og_description":"Mercedes Benz Unimog Der Mercedes unter den Ger\u00e4tetr\u00e4gern. Saaten-Union Vielfalt drischt besser. GEA Farm Technologies Die Zukunft der Milcherzeugung. Schaumann Bonsilage. Messbar mehr Futterqualit\u00e4t. Lorem Ipsum Dolor ipsum est lorem. Lorem Ipsum Dolor ipsum est lorem.","og_url":"https:\/\/ciagreen.de\/en\/360-kampagne\/","og_site_name":"cia green communications","article_modified_time":"2022-03-31T09:41:21+00:00","og_image":[{"url":"https:\/\/ciagreen.de\/wp-content\/uploads\/2022\/03\/360Grad_Unimog-956x712.jpg"}],"twitter_card":"summary_large_image","schema":{"@context":"https:\/\/schema.org","@graph":[{"@type":"WebPage","@id":"https:\/\/ciagreen.de\/360-kampagne\/","url":"https:\/\/ciagreen.de\/360-kampagne\/","name":"360\u00b0 Kampagne - cia green communications","isPartOf":{"@id":"https:\/\/ciagreen.de\/#website"},"datePublished":"2022-03-17T13:38:23+00:00","dateModified":"2022-03-31T09:41:21+00:00","breadcrumb":{"@id":"https:\/\/ciagreen.de\/360-kampagne\/#breadcrumb"},"inLanguage":"en-US","potentialAction":[{"@type":"ReadAction","target":["https:\/\/ciagreen.de\/360-kampagne\/"]}]},{"@type":"BreadcrumbList","@id":"https:\/\/ciagreen.de\/360-kampagne\/#breadcrumb","itemListElement":[{"@type":"ListItem","position":1,"name":"Startseite","item":"https:\/\/ciagreen.de\/"},{"@type":"ListItem","position":2,"name":"360\u00b0 Kampagne"}]},{"@type":"WebSite","@id":"https:\/\/ciagreen.de\/#website","url":"https:\/\/ciagreen.de\/","name":"cia green communications","description":"","potentialAction":[{"@type":"SearchAction","target":{"@type":"EntryPoint","urlTemplate":"https:\/\/ciagreen.de\/?s={search_term_string}"},"query-input":"required name=search_term_string"}],"inLanguage":"en-US"}]}},"_links":{"self":[{"href":"https:\/\/ciagreen.de\/en\/wp-json\/wp\/v2\/pages\/7400"}],"collection":[{"href":"https:\/\/ciagreen.de\/en\/wp-json\/wp\/v2\/pages"}],"about":[{"href":"https:\/\/ciagreen.de\/en\/wp-json\/wp\/v2\/types\/page"}],"author":[{"embeddable":true,"href":"https:\/\/ciagreen.de\/en\/wp-json\/wp\/v2\/users\/2"}],"replies":[{"embeddable":true,"href":"https:\/\/ciagreen.de\/en\/wp-json\/wp\/v2\/comments?post=7400"}],"version-history":[{"count":69,"href":"https:\/\/ciagreen.de\/en\/wp-json\/wp\/v2\/pages\/7400\/revisions"}],"predecessor-version":[{"id":8786,"href":"https:\/\/ciagreen.de\/en\/wp-json\/wp\/v2\/pages\/7400\/revisions\/8786"}],"wp:attachment":[{"href":"https:\/\/ciagreen.de\/en\/wp-json\/wp\/v2\/media?parent=7400"}],"curies":[{"name":"wp","href":"https:\/\/api.w.org\/{rel}","templated":true}]}}