{"id":8086,"date":"2022-03-24T09:16:47","date_gmt":"2022-03-24T08:16:47","guid":{"rendered":"https:\/\/staging.ciagreen.de\/?page_id=8086"},"modified":"2022-12-01T09:33:21","modified_gmt":"2022-12-01T08:33:21","slug":"100-jahre-krone","status":"publish","type":"page","link":"https:\/\/ciagreen.de\/en\/100-jahre-krone\/","title":{"rendered":"100 Jahre Krone"},"content":{"rendered":"<div data-elementor-type=\"wp-page\" data-elementor-id=\"8086\" class=\"elementor elementor-8086\">\n\t\t\t\t\t\t\t\t\t<section class=\"elementor-section elementor-top-section elementor-element elementor-element-6592b32 elementor-section-full_width elementor-section-height-min-height elementor-section-height-default elementor-section-items-middle qodef-elementor-content-no\" data-id=\"6592b32\" data-element_type=\"section\" data-settings=\"{&quot;background_background&quot;:&quot;classic&quot;}\">\n\t\t\t\t\t\t\t<div class=\"elementor-background-overlay\"><\/div>\n\t\t\t\t\t\t\t<div class=\"elementor-container elementor-column-gap-default\">\n\t\t\t\t\t<div class=\"elementor-column elementor-col-100 elementor-top-column elementor-element elementor-element-3fda7e1\" data-id=\"3fda7e1\" data-element_type=\"column\">\n\t\t\t<div class=\"elementor-widget-wrap elementor-element-populated\">\n\t\t\t\t\t\t\t\t<div class=\"elementor-element elementor-element-1abb708 elementor-widget elementor-widget-text-editor\" data-id=\"1abb708\" data-element_type=\"widget\" data-widget_type=\"text-editor.default\">\n\t\t\t\t<div class=\"elementor-widget-container\">\n\t\t\t<style>\/*! elementor - v3.13.3 - 28-05-2023 *\/\n.elementor-widget-text-editor.elementor-drop-cap-view-stacked .elementor-drop-cap{background-color:#69727d;color:#fff}.elementor-widget-text-editor.elementor-drop-cap-view-framed .elementor-drop-cap{color:#69727d;border:3px solid;background-color:transparent}.elementor-widget-text-editor:not(.elementor-drop-cap-view-default) .elementor-drop-cap{margin-top:8px}.elementor-widget-text-editor:not(.elementor-drop-cap-view-default) .elementor-drop-cap-letter{width:1em;height:1em}.elementor-widget-text-editor .elementor-drop-cap{float:left;text-align:center;line-height:1;font-size:50px}.elementor-widget-text-editor .elementor-drop-cap-letter{display:inline-block}<\/style>\t\t\t\t<p>Krone Agricultural machinery<\/p>\t\t\t\t\t\t<\/div>\n\t\t\t\t<\/div>\n\t\t\t\t<div class=\"elementor-element elementor-element-412ea4c elementor-widget elementor-widget-heading\" data-id=\"412ea4c\" data-element_type=\"widget\" data-widget_type=\"heading.default\">\n\t\t\t\t<div class=\"elementor-widget-container\">\n\t\t\t<style>\/*! elementor - v3.13.3 - 28-05-2023 *\/\n.elementor-heading-title{padding:0;margin:0;line-height:1}.elementor-widget-heading .elementor-heading-title[class*=elementor-size-]>a{color:inherit;font-size:inherit;line-height:inherit}.elementor-widget-heading .elementor-heading-title.elementor-size-small{font-size:15px}.elementor-widget-heading .elementor-heading-title.elementor-size-medium{font-size:19px}.elementor-widget-heading .elementor-heading-title.elementor-size-large{font-size:29px}.elementor-widget-heading .elementor-heading-title.elementor-size-xl{font-size:39px}.elementor-widget-heading .elementor-heading-title.elementor-size-xxl{font-size:59px}<\/style><h1 class=\"elementor-heading-title elementor-size-default\">Krone.<br>\nThe next 100 years.<\/h1>\t\t<\/div>\n\t\t\t\t<\/div>\n\t\t\t\t<div class=\"elementor-element elementor-element-9ab8a18 elementor-widget elementor-widget-spacer\" data-id=\"9ab8a18\" data-element_type=\"widget\" data-widget_type=\"spacer.default\">\n\t\t\t\t<div class=\"elementor-widget-container\">\n\t\t\t<style>\/*! elementor - v3.13.3 - 28-05-2023 *\/\n.elementor-column .elementor-spacer-inner{height:var(--spacer-size)}.e-con{--container-widget-width:100%}.e-con-inner>.elementor-widget-spacer,.e-con>.elementor-widget-spacer{width:var(--container-widget-width,var(--spacer-size));--align-self:var(--container-widget-align-self,initial);--flex-shrink:0}.e-con-inner>.elementor-widget-spacer>.elementor-widget-container,.e-con-inner>.elementor-widget-spacer>.elementor-widget-container>.elementor-spacer,.e-con>.elementor-widget-spacer>.elementor-widget-container,.e-con>.elementor-widget-spacer>.elementor-widget-container>.elementor-spacer{height:100%}.e-con-inner>.elementor-widget-spacer>.elementor-widget-container>.elementor-spacer>.elementor-spacer-inner,.e-con>.elementor-widget-spacer>.elementor-widget-container>.elementor-spacer>.elementor-spacer-inner{height:var(--container-widget-height,var(--spacer-size))}<\/style>\t\t<div class=\"elementor-spacer\">\n\t\t\t<div class=\"elementor-spacer-inner\"><\/div>\n\t\t<\/div>\n\t\t\t\t<\/div>\n\t\t\t\t<\/div>\n\t\t\t\t<div class=\"elementor-element elementor-element-349c26f elementor-widget elementor-widget-spacer\" data-id=\"349c26f\" data-element_type=\"widget\" data-widget_type=\"spacer.default\">\n\t\t\t\t<div class=\"elementor-widget-container\">\n\t\t\t\t\t<div class=\"elementor-spacer\">\n\t\t\t<div class=\"elementor-spacer-inner\"><\/div>\n\t\t<\/div>\n\t\t\t\t<\/div>\n\t\t\t\t<\/div>\n\t\t\t\t\t<\/div>\n\t\t<\/div>\n\t\t\t\t\t\t\t<\/div>\n\t\t<\/section>\n\t\t\t\t<section class=\"elementor-section elementor-top-section elementor-element elementor-element-8f2dec7 elementor-section-boxed elementor-section-height-default elementor-section-height-default qodef-elementor-content-no\" data-id=\"8f2dec7\" data-element_type=\"section\">\n\t\t\t\t\t\t<div class=\"elementor-container elementor-column-gap-default\">\n\t\t\t\t\t<div class=\"elementor-column elementor-col-100 elementor-top-column elementor-element elementor-element-6766c98\" data-id=\"6766c98\" data-element_type=\"column\">\n\t\t\t<div class=\"elementor-widget-wrap elementor-element-populated\">\n\t\t\t\t\t\t\t\t<div class=\"elementor-element elementor-element-1074a3f elementor-widget elementor-widget-text-editor\" data-id=\"1074a3f\" data-element_type=\"widget\" data-widget_type=\"text-editor.default\">\n\t\t\t\t<div class=\"elementor-widget-container\">\n\t\t\t\t\t\t\t<p>Krone is the world's specialist in forage harvesting technology. The company is characterised by innovative thinking and personal customer service. For the 100th anniversary, c.i.a.green staged the start of the next century as an event and a future campaign based on it in all media genres.<\/p>\t\t\t\t\t\t<\/div>\n\t\t\t\t<\/div>\n\t\t\t\t\t<\/div>\n\t\t<\/div>\n\t\t\t\t\t\t\t<\/div>\n\t\t<\/section>\n\t\t\t\t<section class=\"elementor-section elementor-top-section elementor-element elementor-element-e288366 elementor-section-boxed elementor-section-height-default elementor-section-height-default qodef-elementor-content-no\" data-id=\"e288366\" data-element_type=\"section\">\n\t\t\t\t\t\t<div class=\"elementor-container elementor-column-gap-default\">\n\t\t\t\t\t<div class=\"elementor-column elementor-col-50 elementor-top-column elementor-element elementor-element-9c2d6b2\" data-id=\"9c2d6b2\" data-element_type=\"column\">\n\t\t\t<div class=\"elementor-widget-wrap elementor-element-populated\">\n\t\t\t\t\t\t\t\t<div class=\"elementor-element elementor-element-340d647 elementor-widget elementor-widget-image\" data-id=\"340d647\" data-element_type=\"widget\" data-widget_type=\"image.default\">\n\t\t\t\t<div class=\"elementor-widget-container\">\n\t\t\t<style>\/*! elementor - v3.13.3 - 28-05-2023 *\/\n.elementor-widget-image{text-align:center}.elementor-widget-image a{display:inline-block}.elementor-widget-image a img[src$=\".svg\"]{width:48px}.elementor-widget-image img{vertical-align:middle;display:inline-block}<\/style>\t\t\t\t\t\t\t\t\t\t\t\t<img width=\"949\" height=\"957\" src=\"https:\/\/ciagreen.de\/wp-content\/uploads\/2022\/12\/Krone_Event_2.webp\" class=\"attachment-large size-large wp-image-15147\" alt=\"c.i.a.green, KRONE LANDMASCHINEN, 100 Jahre Event, H\u00e4cksler\" srcset=\"https:\/\/ciagreen.de\/wp-content\/uploads\/2022\/12\/Krone_Event_2.webp 949w, https:\/\/ciagreen.de\/wp-content\/uploads\/2022\/12\/Krone_Event_2-768x774.webp 768w, https:\/\/ciagreen.de\/wp-content\/uploads\/2022\/12\/Krone_Event_2-12x12.webp 12w, https:\/\/ciagreen.de\/wp-content\/uploads\/2022\/12\/Krone_Event_2-600x605.webp 600w, https:\/\/ciagreen.de\/wp-content\/uploads\/2022\/12\/Krone_Event_2-100x100.webp 100w\" sizes=\"(max-width: 949px) 100vw, 949px\" \/>\t\t\t\t\t\t\t\t\t\t\t\t\t\t\t<\/div>\n\t\t\t\t<\/div>\n\t\t\t\t<div class=\"elementor-element elementor-element-40cb510 elementor-widget elementor-widget-text-editor\" data-id=\"40cb510\" data-element_type=\"widget\" data-widget_type=\"text-editor.default\">\n\t\t\t\t<div class=\"elementor-widget-container\">\n\t\t\t\t\t\t\t\t\t\t\t\t\t<\/div>\n\t\t\t\t<\/div>\n\t\t\t\t\t<\/div>\n\t\t<\/div>\n\t\t\t\t<div class=\"elementor-column elementor-col-50 elementor-top-column elementor-element elementor-element-7c01a60\" data-id=\"7c01a60\" data-element_type=\"column\">\n\t\t\t<div class=\"elementor-widget-wrap elementor-element-populated\">\n\t\t\t\t\t\t\t\t<div class=\"elementor-element elementor-element-2fc6f2f elementor-widget elementor-widget-image\" data-id=\"2fc6f2f\" data-element_type=\"widget\" data-widget_type=\"image.default\">\n\t\t\t\t<div class=\"elementor-widget-container\">\n\t\t\t\t\t\t\t\t\t\t\t\t\t\t\t<img width=\"949\" height=\"957\" src=\"https:\/\/ciagreen.de\/wp-content\/uploads\/2022\/12\/Krone_Event_3.webp\" class=\"attachment-large size-large wp-image-15148\" alt=\"c.i.a.green, KRONE LANDMASCHINEN, 100 Jahre Event, Ballons\" srcset=\"https:\/\/ciagreen.de\/wp-content\/uploads\/2022\/12\/Krone_Event_3.webp 949w, https:\/\/ciagreen.de\/wp-content\/uploads\/2022\/12\/Krone_Event_3-768x774.webp 768w, https:\/\/ciagreen.de\/wp-content\/uploads\/2022\/12\/Krone_Event_3-12x12.webp 12w, https:\/\/ciagreen.de\/wp-content\/uploads\/2022\/12\/Krone_Event_3-600x605.webp 600w, https:\/\/ciagreen.de\/wp-content\/uploads\/2022\/12\/Krone_Event_3-100x100.webp 100w\" sizes=\"(max-width: 949px) 100vw, 949px\" \/>\t\t\t\t\t\t\t\t\t\t\t\t\t\t\t<\/div>\n\t\t\t\t<\/div>\n\t\t\t\t<div class=\"elementor-element elementor-element-02a0698 elementor-widget elementor-widget-text-editor\" data-id=\"02a0698\" data-element_type=\"widget\" data-widget_type=\"text-editor.default\">\n\t\t\t\t<div class=\"elementor-widget-container\">\n\t\t\t\t\t\t\t\t\t\t\t\t\t<\/div>\n\t\t\t\t<\/div>\n\t\t\t\t\t<\/div>\n\t\t<\/div>\n\t\t\t\t\t\t\t<\/div>\n\t\t<\/section>\n\t\t\t\t<section class=\"elementor-section elementor-top-section elementor-element elementor-element-7a667e7 elementor-section-boxed elementor-section-height-default elementor-section-height-default qodef-elementor-content-no\" data-id=\"7a667e7\" data-element_type=\"section\">\n\t\t\t\t\t\t<div class=\"elementor-container elementor-column-gap-default\">\n\t\t\t\t\t<div class=\"elementor-column elementor-col-100 elementor-top-column elementor-element elementor-element-2315a9b\" data-id=\"2315a9b\" data-element_type=\"column\">\n\t\t\t<div class=\"elementor-widget-wrap elementor-element-populated\">\n\t\t\t\t\t\t\t\t<div class=\"elementor-element elementor-element-4109783 elementor-widget elementor-widget-image\" data-id=\"4109783\" data-element_type=\"widget\" data-widget_type=\"image.default\">\n\t\t\t\t<div class=\"elementor-widget-container\">\n\t\t\t\t\t\t\t\t\t\t\t\t\t\t\t<img width=\"956\" height=\"538\" src=\"https:\/\/ciagreen.de\/wp-content\/uploads\/2022\/12\/Krone_Event_Titel-956x538.webp\" class=\"attachment-large size-large wp-image-15150\" alt=\"c.i.a.green, KRONE LANDMASCHINEN, 100 Jahre Event, Halle\" srcset=\"https:\/\/ciagreen.de\/wp-content\/uploads\/2022\/12\/Krone_Event_Titel-956x538.webp 956w, https:\/\/ciagreen.de\/wp-content\/uploads\/2022\/12\/Krone_Event_Titel-768x432.webp 768w, https:\/\/ciagreen.de\/wp-content\/uploads\/2022\/12\/Krone_Event_Titel-1536x864.webp 1536w, https:\/\/ciagreen.de\/wp-content\/uploads\/2022\/12\/Krone_Event_Titel-18x10.webp 18w, https:\/\/ciagreen.de\/wp-content\/uploads\/2022\/12\/Krone_Event_Titel-600x338.webp 600w, https:\/\/ciagreen.de\/wp-content\/uploads\/2022\/12\/Krone_Event_Titel.webp 1920w\" sizes=\"(max-width: 956px) 100vw, 956px\" \/>\t\t\t\t\t\t\t\t\t\t\t\t\t\t\t<\/div>\n\t\t\t\t<\/div>\n\t\t\t\t<div class=\"elementor-element elementor-element-53a3ccd elementor-widget elementor-widget-text-editor\" data-id=\"53a3ccd\" data-element_type=\"widget\" data-widget_type=\"text-editor.default\">\n\t\t\t\t<div class=\"elementor-widget-container\">\n\t\t\t\t\t\t\t\t\t\t\t\t\t<\/div>\n\t\t\t\t<\/div>\n\t\t\t\t\t<\/div>\n\t\t<\/div>\n\t\t\t\t\t\t\t<\/div>\n\t\t<\/section>\n\t\t\t\t<section class=\"elementor-section elementor-top-section elementor-element elementor-element-894cc73 elementor-section-boxed elementor-section-height-default elementor-section-height-default qodef-elementor-content-no\" data-id=\"894cc73\" data-element_type=\"section\">\n\t\t\t\t\t\t<div class=\"elementor-container elementor-column-gap-default\">\n\t\t\t\t\t<div class=\"elementor-column elementor-col-100 elementor-top-column elementor-element elementor-element-c377296\" data-id=\"c377296\" data-element_type=\"column\">\n\t\t\t<div class=\"elementor-widget-wrap elementor-element-populated\">\n\t\t\t\t\t\t\t\t<div class=\"elementor-element elementor-element-da32f12 elementor-widget elementor-widget-image\" data-id=\"da32f12\" data-element_type=\"widget\" data-widget_type=\"image.default\">\n\t\t\t\t<div class=\"elementor-widget-container\">\n\t\t\t\t\t\t\t\t\t\t\t\t\t\t\t<img width=\"956\" height=\"477\" src=\"https:\/\/ciagreen.de\/wp-content\/uploads\/2022\/12\/Krone_Event_1-956x477.webp\" class=\"attachment-large size-large wp-image-15146\" alt=\"c.i.a.green, KRONE LANDMASCHINEN, 100 Jahre Event, Vorstand\" srcset=\"https:\/\/ciagreen.de\/wp-content\/uploads\/2022\/12\/Krone_Event_1-956x477.webp 956w, https:\/\/ciagreen.de\/wp-content\/uploads\/2022\/12\/Krone_Event_1-768x383.webp 768w, https:\/\/ciagreen.de\/wp-content\/uploads\/2022\/12\/Krone_Event_1-1536x766.webp 1536w, https:\/\/ciagreen.de\/wp-content\/uploads\/2022\/12\/Krone_Event_1-18x9.webp 18w, https:\/\/ciagreen.de\/wp-content\/uploads\/2022\/12\/Krone_Event_1-1300x650.webp 1300w, https:\/\/ciagreen.de\/wp-content\/uploads\/2022\/12\/Krone_Event_1-600x299.webp 600w, https:\/\/ciagreen.de\/wp-content\/uploads\/2022\/12\/Krone_Event_1.webp 1920w\" sizes=\"(max-width: 956px) 100vw, 956px\" \/>\t\t\t\t\t\t\t\t\t\t\t\t\t\t\t<\/div>\n\t\t\t\t<\/div>\n\t\t\t\t<div class=\"elementor-element elementor-element-686f22e elementor-widget elementor-widget-text-editor\" data-id=\"686f22e\" data-element_type=\"widget\" data-widget_type=\"text-editor.default\">\n\t\t\t\t<div class=\"elementor-widget-container\">\n\t\t\t\t\t\t\t\t\t\t\t\t\t<\/div>\n\t\t\t\t<\/div>\n\t\t\t\t\t<\/div>\n\t\t<\/div>\n\t\t\t\t\t\t\t<\/div>\n\t\t<\/section>\n\t\t\t\t<section class=\"elementor-section elementor-top-section elementor-element elementor-element-8be405d elementor-section-boxed elementor-section-height-default elementor-section-height-default qodef-elementor-content-no\" data-id=\"8be405d\" data-element_type=\"section\">\n\t\t\t\t\t\t<div class=\"elementor-container elementor-column-gap-default\">\n\t\t\t\t\t<div class=\"elementor-column elementor-col-100 elementor-top-column elementor-element elementor-element-69c704b\" data-id=\"69c704b\" data-element_type=\"column\">\n\t\t\t<div class=\"elementor-widget-wrap elementor-element-populated\">\n\t\t\t\t\t\t\t\t<div class=\"elementor-element elementor-element-7683232 elementor-widget elementor-widget-spacer\" data-id=\"7683232\" data-element_type=\"widget\" data-widget_type=\"spacer.default\">\n\t\t\t\t<div class=\"elementor-widget-container\">\n\t\t\t\t\t<div class=\"elementor-spacer\">\n\t\t\t<div class=\"elementor-spacer-inner\"><\/div>\n\t\t<\/div>\n\t\t\t\t<\/div>\n\t\t\t\t<\/div>\n\t\t\t\t\t<\/div>\n\t\t<\/div>\n\t\t\t\t\t\t\t<\/div>\n\t\t<\/section>\n\t\t\t\t\t\t\t<\/div>","protected":false},"excerpt":{"rendered":"<p>Krone Landmaschinen Krone. Die n\u00e4chsten 100 Jahre. Krone ist weltweit der Spezialist f\u00fcr Futtererntetechnik. Innovatives Denken und pers\u00f6nlicher Kundenservice zeichnen das Unternehmen aus. Zum 100-j\u00e4hrigen Jubil\u00e4um inszenierte die c.i.a.green den Start in das n\u00e4chste Jahrhundert als Event und eine darauf aufbauende Zukunftskampagne in allen Mediengattungen.<\/p>","protected":false},"author":2,"featured_media":0,"parent":0,"menu_order":0,"comment_status":"closed","ping_status":"closed","template":"page-full-width.php","meta":[],"acf":[],"yoast_head":"<!-- This site is optimized with the Yoast SEO plugin v20.3 - https:\/\/yoast.com\/wordpress\/plugins\/seo\/ -->\n<title>100 Jahre Krone - cia green communications<\/title>\n<meta name=\"description\" content=\"c.i.a.green, Werbeagentur K\u00f6ln, Krone, Landmachinen, Futtererntetechnik, Eventmanagement, B to b Kommunikation, Krone 100 Jahre, Agrar\" \/>\n<meta name=\"robots\" content=\"index, follow, max-snippet:-1, max-image-preview:large, max-video-preview:-1\" \/>\n<link rel=\"canonical\" href=\"https:\/\/ciagreen.de\/en\/100-jahre-krone\/\" \/>\n<meta property=\"og:locale\" content=\"en_US\" \/>\n<meta property=\"og:type\" content=\"article\" \/>\n<meta property=\"og:title\" content=\"100 Jahre Krone - cia green communications\" \/>\n<meta property=\"og:description\" content=\"c.i.a.green, Werbeagentur K\u00f6ln, Krone, Landmachinen, Futtererntetechnik, Eventmanagement, B to b Kommunikation, Krone 100 Jahre, Agrar\" \/>\n<meta property=\"og:url\" content=\"https:\/\/ciagreen.de\/en\/100-jahre-krone\/\" \/>\n<meta property=\"og:site_name\" content=\"cia green communications\" \/>\n<meta property=\"article:modified_time\" content=\"2022-12-01T08:33:21+00:00\" \/>\n<meta property=\"og:image\" content=\"https:\/\/ciagreen.de\/wp-content\/uploads\/2022\/12\/Krone_Event_2.webp\" \/>\n<meta name=\"twitter:card\" content=\"summary_large_image\" \/>\n<meta name=\"twitter:label1\" content=\"Est. reading time\" \/>\n\t<meta name=\"twitter:data1\" content=\"2 minutes\" \/>\n<script type=\"application\/ld+json\" class=\"yoast-schema-graph\">{\"@context\":\"https:\/\/schema.org\",\"@graph\":[{\"@type\":\"WebPage\",\"@id\":\"https:\/\/ciagreen.de\/100-jahre-krone\/\",\"url\":\"https:\/\/ciagreen.de\/100-jahre-krone\/\",\"name\":\"100 Jahre Krone - cia green communications\",\"isPartOf\":{\"@id\":\"https:\/\/ciagreen.de\/#website\"},\"datePublished\":\"2022-03-24T08:16:47+00:00\",\"dateModified\":\"2022-12-01T08:33:21+00:00\",\"description\":\"c.i.a.green, Werbeagentur K\u00f6ln, Krone, Landmachinen, Futtererntetechnik, Eventmanagement, B to b Kommunikation, Krone 100 Jahre, Agrar\",\"breadcrumb\":{\"@id\":\"https:\/\/ciagreen.de\/100-jahre-krone\/#breadcrumb\"},\"inLanguage\":\"en-US\",\"potentialAction\":[{\"@type\":\"ReadAction\",\"target\":[\"https:\/\/ciagreen.de\/100-jahre-krone\/\"]}]},{\"@type\":\"BreadcrumbList\",\"@id\":\"https:\/\/ciagreen.de\/100-jahre-krone\/#breadcrumb\",\"itemListElement\":[{\"@type\":\"ListItem\",\"position\":1,\"name\":\"Startseite\",\"item\":\"https:\/\/ciagreen.de\/\"},{\"@type\":\"ListItem\",\"position\":2,\"name\":\"100 Jahre Krone\"}]},{\"@type\":\"WebSite\",\"@id\":\"https:\/\/ciagreen.de\/#website\",\"url\":\"https:\/\/ciagreen.de\/\",\"name\":\"cia green communications\",\"description\":\"\",\"potentialAction\":[{\"@type\":\"SearchAction\",\"target\":{\"@type\":\"EntryPoint\",\"urlTemplate\":\"https:\/\/ciagreen.de\/?s={search_term_string}\"},\"query-input\":\"required name=search_term_string\"}],\"inLanguage\":\"en-US\"}]}<\/script>\n<!-- \/ Yoast SEO plugin. -->","yoast_head_json":{"title":"100 Jahre Krone - cia green communications","description":"c.i.a.green, Werbeagentur K\u00f6ln, Krone, Landmachinen, Futtererntetechnik, Eventmanagement, B to b Kommunikation, Krone 100 Jahre, Agrar","robots":{"index":"index","follow":"follow","max-snippet":"max-snippet:-1","max-image-preview":"max-image-preview:large","max-video-preview":"max-video-preview:-1"},"canonical":"https:\/\/ciagreen.de\/en\/100-jahre-krone\/","og_locale":"en_US","og_type":"article","og_title":"100 Jahre Krone - cia green communications","og_description":"c.i.a.green, Werbeagentur K\u00f6ln, Krone, Landmachinen, Futtererntetechnik, Eventmanagement, B to b Kommunikation, Krone 100 Jahre, Agrar","og_url":"https:\/\/ciagreen.de\/en\/100-jahre-krone\/","og_site_name":"cia green communications","article_modified_time":"2022-12-01T08:33:21+00:00","og_image":[{"url":"https:\/\/ciagreen.de\/wp-content\/uploads\/2022\/12\/Krone_Event_2.webp"}],"twitter_card":"summary_large_image","twitter_misc":{"Est. reading time":"2 minutes"},"schema":{"@context":"https:\/\/schema.org","@graph":[{"@type":"WebPage","@id":"https:\/\/ciagreen.de\/100-jahre-krone\/","url":"https:\/\/ciagreen.de\/100-jahre-krone\/","name":"100 Jahre Krone - cia green communications","isPartOf":{"@id":"https:\/\/ciagreen.de\/#website"},"datePublished":"2022-03-24T08:16:47+00:00","dateModified":"2022-12-01T08:33:21+00:00","description":"c.i.a.green, Werbeagentur K\u00f6ln, Krone, Landmachinen, Futtererntetechnik, Eventmanagement, B to b Kommunikation, Krone 100 Jahre, Agrar","breadcrumb":{"@id":"https:\/\/ciagreen.de\/100-jahre-krone\/#breadcrumb"},"inLanguage":"en-US","potentialAction":[{"@type":"ReadAction","target":["https:\/\/ciagreen.de\/100-jahre-krone\/"]}]},{"@type":"BreadcrumbList","@id":"https:\/\/ciagreen.de\/100-jahre-krone\/#breadcrumb","itemListElement":[{"@type":"ListItem","position":1,"name":"Startseite","item":"https:\/\/ciagreen.de\/"},{"@type":"ListItem","position":2,"name":"100 Jahre Krone"}]},{"@type":"WebSite","@id":"https:\/\/ciagreen.de\/#website","url":"https:\/\/ciagreen.de\/","name":"cia green communications","description":"","potentialAction":[{"@type":"SearchAction","target":{"@type":"EntryPoint","urlTemplate":"https:\/\/ciagreen.de\/?s={search_term_string}"},"query-input":"required name=search_term_string"}],"inLanguage":"en-US"}]}},"_links":{"self":[{"href":"https:\/\/ciagreen.de\/en\/wp-json\/wp\/v2\/pages\/8086"}],"collection":[{"href":"https:\/\/ciagreen.de\/en\/wp-json\/wp\/v2\/pages"}],"about":[{"href":"https:\/\/ciagreen.de\/en\/wp-json\/wp\/v2\/types\/page"}],"author":[{"embeddable":true,"href":"https:\/\/ciagreen.de\/en\/wp-json\/wp\/v2\/users\/2"}],"replies":[{"embeddable":true,"href":"https:\/\/ciagreen.de\/en\/wp-json\/wp\/v2\/comments?post=8086"}],"version-history":[{"count":55,"href":"https:\/\/ciagreen.de\/en\/wp-json\/wp\/v2\/pages\/8086\/revisions"}],"predecessor-version":[{"id":15492,"href":"https:\/\/ciagreen.de\/en\/wp-json\/wp\/v2\/pages\/8086\/revisions\/15492"}],"wp:attachment":[{"href":"https:\/\/ciagreen.de\/en\/wp-json\/wp\/v2\/media?parent=8086"}],"curies":[{"name":"wp","href":"https:\/\/api.w.org\/{rel}","templated":true}]}}