{"id":8142,"date":"2022-03-25T09:38:53","date_gmt":"2022-03-25T08:38:53","guid":{"rendered":"https:\/\/staging.ciagreen.de\/?page_id=8142"},"modified":"2022-12-01T12:25:48","modified_gmt":"2022-12-01T11:25:48","slug":"rainbow-serenade-event","status":"publish","type":"page","link":"https:\/\/ciagreen.de\/en\/rainbow-serenade-event\/","title":{"rendered":"Rainbow Serenade Event"},"content":{"rendered":"<div data-elementor-type=\"wp-page\" data-elementor-id=\"8142\" class=\"elementor elementor-8142\">\n\t\t\t\t\t\t\t\t\t<section class=\"elementor-section elementor-top-section elementor-element elementor-element-6592b32 elementor-section-full_width elementor-section-height-min-height elementor-section-height-default elementor-section-items-middle qodef-elementor-content-no\" data-id=\"6592b32\" data-element_type=\"section\" data-settings=\"{&quot;background_background&quot;:&quot;classic&quot;}\">\n\t\t\t\t\t\t\t<div class=\"elementor-background-overlay\"><\/div>\n\t\t\t\t\t\t\t<div class=\"elementor-container elementor-column-gap-default\">\n\t\t\t\t\t<div class=\"elementor-column elementor-col-100 elementor-top-column elementor-element elementor-element-3fda7e1\" data-id=\"3fda7e1\" data-element_type=\"column\">\n\t\t\t<div class=\"elementor-widget-wrap elementor-element-populated\">\n\t\t\t\t\t\t\t\t<div class=\"elementor-element elementor-element-1abb708 elementor-widget elementor-widget-text-editor\" data-id=\"1abb708\" data-element_type=\"widget\" data-widget_type=\"text-editor.default\">\n\t\t\t\t<div class=\"elementor-widget-container\">\n\t\t\t<style>\/*! elementor - v3.13.3 - 28-05-2023 *\/\n.elementor-widget-text-editor.elementor-drop-cap-view-stacked .elementor-drop-cap{background-color:#69727d;color:#fff}.elementor-widget-text-editor.elementor-drop-cap-view-framed .elementor-drop-cap{color:#69727d;border:3px solid;background-color:transparent}.elementor-widget-text-editor:not(.elementor-drop-cap-view-default) .elementor-drop-cap{margin-top:8px}.elementor-widget-text-editor:not(.elementor-drop-cap-view-default) .elementor-drop-cap-letter{width:1em;height:1em}.elementor-widget-text-editor .elementor-drop-cap{float:left;text-align:center;line-height:1;font-size:50px}.elementor-widget-text-editor .elementor-drop-cap-letter{display:inline-block}<\/style>\t\t\t\t<p>Bayer Chemicals<\/p>\t\t\t\t\t\t<\/div>\n\t\t\t\t<\/div>\n\t\t\t\t<div class=\"elementor-element elementor-element-412ea4c elementor-widget elementor-widget-heading\" data-id=\"412ea4c\" data-element_type=\"widget\" data-widget_type=\"heading.default\">\n\t\t\t\t<div class=\"elementor-widget-container\">\n\t\t\t<style>\/*! elementor - v3.13.3 - 28-05-2023 *\/\n.elementor-heading-title{padding:0;margin:0;line-height:1}.elementor-widget-heading .elementor-heading-title[class*=elementor-size-]>a{color:inherit;font-size:inherit;line-height:inherit}.elementor-widget-heading .elementor-heading-title.elementor-size-small{font-size:15px}.elementor-widget-heading .elementor-heading-title.elementor-size-medium{font-size:19px}.elementor-widget-heading .elementor-heading-title.elementor-size-large{font-size:29px}.elementor-widget-heading .elementor-heading-title.elementor-size-xl{font-size:39px}.elementor-widget-heading .elementor-heading-title.elementor-size-xxl{font-size:59px}<\/style><h1 class=\"elementor-heading-title elementor-size-default\">Rainbow<br>\nserenade<\/h1>\t\t<\/div>\n\t\t\t\t<\/div>\n\t\t\t\t<div class=\"elementor-element elementor-element-9ab8a18 elementor-widget elementor-widget-spacer\" data-id=\"9ab8a18\" data-element_type=\"widget\" data-widget_type=\"spacer.default\">\n\t\t\t\t<div class=\"elementor-widget-container\">\n\t\t\t<style>\/*! elementor - v3.13.3 - 28-05-2023 *\/\n.elementor-column .elementor-spacer-inner{height:var(--spacer-size)}.e-con{--container-widget-width:100%}.e-con-inner>.elementor-widget-spacer,.e-con>.elementor-widget-spacer{width:var(--container-widget-width,var(--spacer-size));--align-self:var(--container-widget-align-self,initial);--flex-shrink:0}.e-con-inner>.elementor-widget-spacer>.elementor-widget-container,.e-con-inner>.elementor-widget-spacer>.elementor-widget-container>.elementor-spacer,.e-con>.elementor-widget-spacer>.elementor-widget-container,.e-con>.elementor-widget-spacer>.elementor-widget-container>.elementor-spacer{height:100%}.e-con-inner>.elementor-widget-spacer>.elementor-widget-container>.elementor-spacer>.elementor-spacer-inner,.e-con>.elementor-widget-spacer>.elementor-widget-container>.elementor-spacer>.elementor-spacer-inner{height:var(--container-widget-height,var(--spacer-size))}<\/style>\t\t<div class=\"elementor-spacer\">\n\t\t\t<div class=\"elementor-spacer-inner\"><\/div>\n\t\t<\/div>\n\t\t\t\t<\/div>\n\t\t\t\t<\/div>\n\t\t\t\t<div class=\"elementor-element elementor-element-349c26f elementor-widget elementor-widget-spacer\" data-id=\"349c26f\" data-element_type=\"widget\" data-widget_type=\"spacer.default\">\n\t\t\t\t<div class=\"elementor-widget-container\">\n\t\t\t\t\t<div class=\"elementor-spacer\">\n\t\t\t<div class=\"elementor-spacer-inner\"><\/div>\n\t\t<\/div>\n\t\t\t\t<\/div>\n\t\t\t\t<\/div>\n\t\t\t\t\t<\/div>\n\t\t<\/div>\n\t\t\t\t\t\t\t<\/div>\n\t\t<\/section>\n\t\t\t\t<section class=\"elementor-section elementor-top-section elementor-element elementor-element-8f2dec7 elementor-section-boxed elementor-section-height-default elementor-section-height-default qodef-elementor-content-no\" data-id=\"8f2dec7\" data-element_type=\"section\">\n\t\t\t\t\t\t<div class=\"elementor-container elementor-column-gap-default\">\n\t\t\t\t\t<div class=\"elementor-column elementor-col-100 elementor-top-column elementor-element elementor-element-6766c98\" data-id=\"6766c98\" data-element_type=\"column\">\n\t\t\t<div class=\"elementor-widget-wrap elementor-element-populated\">\n\t\t\t\t\t\t\t\t<div class=\"elementor-element elementor-element-1074a3f elementor-widget elementor-widget-text-editor\" data-id=\"1074a3f\" data-element_type=\"widget\" data-widget_type=\"text-editor.default\">\n\t\t\t\t<div class=\"elementor-widget-container\">\n\t\t\t\t\t\t\t<p>Colours for life staged live. On the occasion of the European Coating Show, a central trade fair for the paint industry, Bayer Chemicals invited the top decision-makers to the evening event. c.i.a.green staged the theme \"Colours for Life\" in a highly innovative way as modern dance theatre. Entertainment on a high cultural level. The psychology of colours was presented in 5 acts, which united to form a rainbow in the finale.<\/p>\t\t\t\t\t\t<\/div>\n\t\t\t\t<\/div>\n\t\t\t\t\t<\/div>\n\t\t<\/div>\n\t\t\t\t\t\t\t<\/div>\n\t\t<\/section>\n\t\t\t\t<section class=\"elementor-section elementor-top-section elementor-element elementor-element-e288366 elementor-section-boxed elementor-section-height-default elementor-section-height-default qodef-elementor-content-no\" data-id=\"e288366\" data-element_type=\"section\">\n\t\t\t\t\t\t<div class=\"elementor-container elementor-column-gap-default\">\n\t\t\t\t\t<div class=\"elementor-column elementor-col-50 elementor-top-column elementor-element elementor-element-9c2d6b2\" data-id=\"9c2d6b2\" data-element_type=\"column\">\n\t\t\t<div class=\"elementor-widget-wrap elementor-element-populated\">\n\t\t\t\t\t\t\t\t<div class=\"elementor-element elementor-element-340d647 elementor-widget elementor-widget-image\" data-id=\"340d647\" data-element_type=\"widget\" data-widget_type=\"image.default\">\n\t\t\t\t<div class=\"elementor-widget-container\">\n\t\t\t<style>\/*! elementor - v3.13.3 - 28-05-2023 *\/\n.elementor-widget-image{text-align:center}.elementor-widget-image a{display:inline-block}.elementor-widget-image a img[src$=\".svg\"]{width:48px}.elementor-widget-image img{vertical-align:middle;display:inline-block}<\/style>\t\t\t\t\t\t\t\t\t\t\t\t<img width=\"949\" height=\"957\" src=\"https:\/\/ciagreen.de\/wp-content\/uploads\/2022\/12\/Rainbow_Serenade_Event_3.webp\" class=\"attachment-large size-large wp-image-15307\" alt=\"c.i.a.green, BAYER CHEMICALS, Rainbow Serenade Event, European Coating Show, Farben\" srcset=\"https:\/\/ciagreen.de\/wp-content\/uploads\/2022\/12\/Rainbow_Serenade_Event_3.webp 949w, https:\/\/ciagreen.de\/wp-content\/uploads\/2022\/12\/Rainbow_Serenade_Event_3-768x774.webp 768w, https:\/\/ciagreen.de\/wp-content\/uploads\/2022\/12\/Rainbow_Serenade_Event_3-12x12.webp 12w, https:\/\/ciagreen.de\/wp-content\/uploads\/2022\/12\/Rainbow_Serenade_Event_3-600x605.webp 600w, https:\/\/ciagreen.de\/wp-content\/uploads\/2022\/12\/Rainbow_Serenade_Event_3-100x100.webp 100w\" sizes=\"(max-width: 949px) 100vw, 949px\" \/>\t\t\t\t\t\t\t\t\t\t\t\t\t\t\t<\/div>\n\t\t\t\t<\/div>\n\t\t\t\t<div class=\"elementor-element elementor-element-40cb510 elementor-widget elementor-widget-text-editor\" data-id=\"40cb510\" data-element_type=\"widget\" data-widget_type=\"text-editor.default\">\n\t\t\t\t<div class=\"elementor-widget-container\">\n\t\t\t\t\t\t\t\t\t\t\t\t\t<\/div>\n\t\t\t\t<\/div>\n\t\t\t\t\t<\/div>\n\t\t<\/div>\n\t\t\t\t<div class=\"elementor-column elementor-col-50 elementor-top-column elementor-element elementor-element-d89c984\" data-id=\"d89c984\" data-element_type=\"column\">\n\t\t\t<div class=\"elementor-widget-wrap elementor-element-populated\">\n\t\t\t\t\t\t\t\t<div class=\"elementor-element elementor-element-ebfd2a8 elementor-widget elementor-widget-image\" data-id=\"ebfd2a8\" data-element_type=\"widget\" data-widget_type=\"image.default\">\n\t\t\t\t<div class=\"elementor-widget-container\">\n\t\t\t\t\t\t\t\t\t\t\t\t\t\t\t<img width=\"949\" height=\"957\" src=\"https:\/\/ciagreen.de\/wp-content\/uploads\/2022\/12\/Rainbow_Serenade_Event_6.webp\" class=\"attachment-large size-large wp-image-15310\" alt=\"c.i.a.green, BAYER CHEMICALS, Rainbow Serenade Event, European Coating Show, Farben, T\u00e4nzerin\" srcset=\"https:\/\/ciagreen.de\/wp-content\/uploads\/2022\/12\/Rainbow_Serenade_Event_6.webp 949w, https:\/\/ciagreen.de\/wp-content\/uploads\/2022\/12\/Rainbow_Serenade_Event_6-768x774.webp 768w, https:\/\/ciagreen.de\/wp-content\/uploads\/2022\/12\/Rainbow_Serenade_Event_6-12x12.webp 12w, https:\/\/ciagreen.de\/wp-content\/uploads\/2022\/12\/Rainbow_Serenade_Event_6-600x605.webp 600w, https:\/\/ciagreen.de\/wp-content\/uploads\/2022\/12\/Rainbow_Serenade_Event_6-100x100.webp 100w\" sizes=\"(max-width: 949px) 100vw, 949px\" \/>\t\t\t\t\t\t\t\t\t\t\t\t\t\t\t<\/div>\n\t\t\t\t<\/div>\n\t\t\t\t<div class=\"elementor-element elementor-element-377db80 elementor-widget elementor-widget-text-editor\" data-id=\"377db80\" data-element_type=\"widget\" data-widget_type=\"text-editor.default\">\n\t\t\t\t<div class=\"elementor-widget-container\">\n\t\t\t\t\t\t\t\t\t\t\t\t\t<\/div>\n\t\t\t\t<\/div>\n\t\t\t\t\t<\/div>\n\t\t<\/div>\n\t\t\t\t\t\t\t<\/div>\n\t\t<\/section>\n\t\t\t\t<section class=\"elementor-section elementor-top-section elementor-element elementor-element-e168791 elementor-section-boxed elementor-section-height-default elementor-section-height-default qodef-elementor-content-no\" data-id=\"e168791\" data-element_type=\"section\">\n\t\t\t\t\t\t<div class=\"elementor-container elementor-column-gap-default\">\n\t\t\t\t\t<div class=\"elementor-column elementor-col-50 elementor-top-column elementor-element elementor-element-1cb62f6\" data-id=\"1cb62f6\" data-element_type=\"column\">\n\t\t\t<div class=\"elementor-widget-wrap elementor-element-populated\">\n\t\t\t\t\t\t\t\t<div class=\"elementor-element elementor-element-dd0296b elementor-widget elementor-widget-image\" data-id=\"dd0296b\" data-element_type=\"widget\" data-widget_type=\"image.default\">\n\t\t\t\t<div class=\"elementor-widget-container\">\n\t\t\t\t\t\t\t\t\t\t\t\t\t\t\t<img width=\"949\" height=\"957\" src=\"https:\/\/ciagreen.de\/wp-content\/uploads\/2022\/12\/Rainbow_Serenade_Event_2.webp\" class=\"attachment-large size-large wp-image-15306\" alt=\"c.i.a.green, BAYER CHEMICALS, Rainbow Serenade Event, European Coating Show, Farben, T\u00e4nzer\" srcset=\"https:\/\/ciagreen.de\/wp-content\/uploads\/2022\/12\/Rainbow_Serenade_Event_2.webp 949w, https:\/\/ciagreen.de\/wp-content\/uploads\/2022\/12\/Rainbow_Serenade_Event_2-768x774.webp 768w, https:\/\/ciagreen.de\/wp-content\/uploads\/2022\/12\/Rainbow_Serenade_Event_2-12x12.webp 12w, https:\/\/ciagreen.de\/wp-content\/uploads\/2022\/12\/Rainbow_Serenade_Event_2-600x605.webp 600w, https:\/\/ciagreen.de\/wp-content\/uploads\/2022\/12\/Rainbow_Serenade_Event_2-100x100.webp 100w\" sizes=\"(max-width: 949px) 100vw, 949px\" \/>\t\t\t\t\t\t\t\t\t\t\t\t\t\t\t<\/div>\n\t\t\t\t<\/div>\n\t\t\t\t<div class=\"elementor-element elementor-element-b54ffee elementor-widget elementor-widget-text-editor\" data-id=\"b54ffee\" data-element_type=\"widget\" data-widget_type=\"text-editor.default\">\n\t\t\t\t<div class=\"elementor-widget-container\">\n\t\t\t\t\t\t\t\t\t\t\t\t\t<\/div>\n\t\t\t\t<\/div>\n\t\t\t\t\t<\/div>\n\t\t<\/div>\n\t\t\t\t<div class=\"elementor-column elementor-col-50 elementor-top-column elementor-element elementor-element-af9e6be\" data-id=\"af9e6be\" data-element_type=\"column\">\n\t\t\t<div class=\"elementor-widget-wrap elementor-element-populated\">\n\t\t\t\t\t\t\t\t<div class=\"elementor-element elementor-element-160e071 elementor-widget elementor-widget-image\" data-id=\"160e071\" data-element_type=\"widget\" data-widget_type=\"image.default\">\n\t\t\t\t<div class=\"elementor-widget-container\">\n\t\t\t\t\t\t\t\t\t\t\t\t\t\t\t<img width=\"949\" height=\"957\" src=\"https:\/\/ciagreen.de\/wp-content\/uploads\/2022\/12\/Rainbow_Serenade_Event_5.webp\" class=\"attachment-large size-large wp-image-15309\" alt=\"c.i.a.green, BAYER CHEMICALS, Rainbow Serenade Event, European Coating Show, Farben, T\u00e4nzerin\" srcset=\"https:\/\/ciagreen.de\/wp-content\/uploads\/2022\/12\/Rainbow_Serenade_Event_5.webp 949w, https:\/\/ciagreen.de\/wp-content\/uploads\/2022\/12\/Rainbow_Serenade_Event_5-768x774.webp 768w, https:\/\/ciagreen.de\/wp-content\/uploads\/2022\/12\/Rainbow_Serenade_Event_5-12x12.webp 12w, https:\/\/ciagreen.de\/wp-content\/uploads\/2022\/12\/Rainbow_Serenade_Event_5-600x605.webp 600w, https:\/\/ciagreen.de\/wp-content\/uploads\/2022\/12\/Rainbow_Serenade_Event_5-100x100.webp 100w\" sizes=\"(max-width: 949px) 100vw, 949px\" \/>\t\t\t\t\t\t\t\t\t\t\t\t\t\t\t<\/div>\n\t\t\t\t<\/div>\n\t\t\t\t<div class=\"elementor-element elementor-element-efdc62a elementor-widget elementor-widget-text-editor\" data-id=\"efdc62a\" data-element_type=\"widget\" data-widget_type=\"text-editor.default\">\n\t\t\t\t<div class=\"elementor-widget-container\">\n\t\t\t\t\t\t\t\t\t\t\t\t\t<\/div>\n\t\t\t\t<\/div>\n\t\t\t\t\t<\/div>\n\t\t<\/div>\n\t\t\t\t\t\t\t<\/div>\n\t\t<\/section>\n\t\t\t\t<section class=\"elementor-section elementor-top-section elementor-element elementor-element-3ab04da elementor-section-boxed elementor-section-height-default elementor-section-height-default qodef-elementor-content-no\" data-id=\"3ab04da\" data-element_type=\"section\">\n\t\t\t\t\t\t<div class=\"elementor-container elementor-column-gap-default\">\n\t\t\t\t\t<div class=\"elementor-column elementor-col-100 elementor-top-column elementor-element elementor-element-b0e8c0d\" data-id=\"b0e8c0d\" data-element_type=\"column\">\n\t\t\t<div class=\"elementor-widget-wrap elementor-element-populated\">\n\t\t\t\t\t\t\t\t<div class=\"elementor-element elementor-element-2e74014 elementor-widget elementor-widget-image\" data-id=\"2e74014\" data-element_type=\"widget\" data-widget_type=\"image.default\">\n\t\t\t\t<div class=\"elementor-widget-container\">\n\t\t\t\t\t\t\t\t\t\t\t\t\t\t\t<img width=\"956\" height=\"477\" src=\"https:\/\/ciagreen.de\/wp-content\/uploads\/2022\/12\/Rainbow_Serenade_Event_4-956x477.webp\" class=\"attachment-large size-large wp-image-15308\" alt=\"c.i.a.green, BAYER CHEMICALS, Rainbow Serenade Event, European Coating Show, Farben, T\u00e4nzer\" srcset=\"https:\/\/ciagreen.de\/wp-content\/uploads\/2022\/12\/Rainbow_Serenade_Event_4-956x477.webp 956w, https:\/\/ciagreen.de\/wp-content\/uploads\/2022\/12\/Rainbow_Serenade_Event_4-768x383.webp 768w, https:\/\/ciagreen.de\/wp-content\/uploads\/2022\/12\/Rainbow_Serenade_Event_4-1536x766.webp 1536w, https:\/\/ciagreen.de\/wp-content\/uploads\/2022\/12\/Rainbow_Serenade_Event_4-18x9.webp 18w, https:\/\/ciagreen.de\/wp-content\/uploads\/2022\/12\/Rainbow_Serenade_Event_4-1300x650.webp 1300w, https:\/\/ciagreen.de\/wp-content\/uploads\/2022\/12\/Rainbow_Serenade_Event_4-600x299.webp 600w, https:\/\/ciagreen.de\/wp-content\/uploads\/2022\/12\/Rainbow_Serenade_Event_4.webp 1920w\" sizes=\"(max-width: 956px) 100vw, 956px\" \/>\t\t\t\t\t\t\t\t\t\t\t\t\t\t\t<\/div>\n\t\t\t\t<\/div>\n\t\t\t\t<div class=\"elementor-element elementor-element-9ead960 elementor-widget elementor-widget-text-editor\" data-id=\"9ead960\" data-element_type=\"widget\" data-widget_type=\"text-editor.default\">\n\t\t\t\t<div class=\"elementor-widget-container\">\n\t\t\t\t\t\t\t\t\t\t\t\t\t<\/div>\n\t\t\t\t<\/div>\n\t\t\t\t\t<\/div>\n\t\t<\/div>\n\t\t\t\t\t\t\t<\/div>\n\t\t<\/section>\n\t\t\t\t<section class=\"elementor-section elementor-top-section elementor-element elementor-element-3a956c2 elementor-section-boxed elementor-section-height-default elementor-section-height-default qodef-elementor-content-no\" data-id=\"3a956c2\" data-element_type=\"section\">\n\t\t\t\t\t\t<div class=\"elementor-container elementor-column-gap-default\">\n\t\t\t\t\t<div class=\"elementor-column elementor-col-100 elementor-top-column elementor-element elementor-element-ea37059\" data-id=\"ea37059\" data-element_type=\"column\">\n\t\t\t<div class=\"elementor-widget-wrap elementor-element-populated\">\n\t\t\t\t\t\t\t\t<div class=\"elementor-element elementor-element-c512b22 elementor-widget elementor-widget-image\" data-id=\"c512b22\" data-element_type=\"widget\" data-widget_type=\"image.default\">\n\t\t\t\t<div class=\"elementor-widget-container\">\n\t\t\t\t\t\t\t\t\t\t\t\t\t\t\t<img width=\"956\" height=\"477\" src=\"https:\/\/ciagreen.de\/wp-content\/uploads\/2022\/12\/Rainbow_Serenade_Event_1-956x477.webp\" class=\"attachment-large size-large wp-image-15304\" alt=\"c.i.a.green, BAYER CHEMICALS, Rainbow Serenade Event, European Coating Show, Farben, Rainbowfinale\" srcset=\"https:\/\/ciagreen.de\/wp-content\/uploads\/2022\/12\/Rainbow_Serenade_Event_1-956x477.webp 956w, https:\/\/ciagreen.de\/wp-content\/uploads\/2022\/12\/Rainbow_Serenade_Event_1-768x383.webp 768w, https:\/\/ciagreen.de\/wp-content\/uploads\/2022\/12\/Rainbow_Serenade_Event_1-1536x766.webp 1536w, https:\/\/ciagreen.de\/wp-content\/uploads\/2022\/12\/Rainbow_Serenade_Event_1-18x9.webp 18w, https:\/\/ciagreen.de\/wp-content\/uploads\/2022\/12\/Rainbow_Serenade_Event_1-1300x650.webp 1300w, https:\/\/ciagreen.de\/wp-content\/uploads\/2022\/12\/Rainbow_Serenade_Event_1-600x299.webp 600w, https:\/\/ciagreen.de\/wp-content\/uploads\/2022\/12\/Rainbow_Serenade_Event_1.webp 1920w\" sizes=\"(max-width: 956px) 100vw, 956px\" \/>\t\t\t\t\t\t\t\t\t\t\t\t\t\t\t<\/div>\n\t\t\t\t<\/div>\n\t\t\t\t<div class=\"elementor-element elementor-element-3d1cc22 elementor-widget elementor-widget-text-editor\" data-id=\"3d1cc22\" data-element_type=\"widget\" data-widget_type=\"text-editor.default\">\n\t\t\t\t<div class=\"elementor-widget-container\">\n\t\t\t\t\t\t\t\t\t\t\t\t\t<\/div>\n\t\t\t\t<\/div>\n\t\t\t\t\t<\/div>\n\t\t<\/div>\n\t\t\t\t\t\t\t<\/div>\n\t\t<\/section>\n\t\t\t\t<section class=\"elementor-section elementor-top-section elementor-element elementor-element-8be405d elementor-section-boxed elementor-section-height-default elementor-section-height-default qodef-elementor-content-no\" data-id=\"8be405d\" data-element_type=\"section\">\n\t\t\t\t\t\t<div class=\"elementor-container elementor-column-gap-default\">\n\t\t\t\t\t<div class=\"elementor-column elementor-col-100 elementor-top-column elementor-element elementor-element-69c704b\" data-id=\"69c704b\" data-element_type=\"column\">\n\t\t\t<div class=\"elementor-widget-wrap elementor-element-populated\">\n\t\t\t\t\t\t\t\t<div class=\"elementor-element elementor-element-7683232 elementor-widget elementor-widget-spacer\" data-id=\"7683232\" data-element_type=\"widget\" data-widget_type=\"spacer.default\">\n\t\t\t\t<div class=\"elementor-widget-container\">\n\t\t\t\t\t<div class=\"elementor-spacer\">\n\t\t\t<div class=\"elementor-spacer-inner\"><\/div>\n\t\t<\/div>\n\t\t\t\t<\/div>\n\t\t\t\t<\/div>\n\t\t\t\t\t<\/div>\n\t\t<\/div>\n\t\t\t\t\t\t\t<\/div>\n\t\t<\/section>\n\t\t\t\t\t\t\t<\/div>","protected":false},"excerpt":{"rendered":"<p>Bayer Chemicals Rainbow serenade Farben f\u00fcr&#8217;s Leben live inszeniert. Anl\u00e4sslich der European Coating Show, einer zentralen Messe f\u00fcr die Farbenindustrie, lud Bayer Chemicals die Top-Entscheider zur Abendveranstaltung ein. c.i.a.green inszenierte das Thema \u201eFarben f\u00fcr&#8217;s Leben\u201c hochinnovativ als modernes Tanztheater. Entertainment auf hohem kulturellen Niveau. In 5 Akten wurde die Psychologie der Farben dargestellt, die sich [&hellip;]<\/p>","protected":false},"author":2,"featured_media":0,"parent":0,"menu_order":0,"comment_status":"closed","ping_status":"closed","template":"page-full-width.php","meta":[],"acf":[],"yoast_head":"<!-- This site is optimized with the Yoast SEO plugin v20.3 - https:\/\/yoast.com\/wordpress\/plugins\/seo\/ -->\n<title>Rainbow Serenade Event - cia green communications<\/title>\n<meta name=\"description\" content=\"c.i.a.green, Werbeagentur K\u00f6ln, Rainbow Serenade Event, European Coating Show, Bayer Chemicals, Eventmanagement, Farbenindustrie, Farben\" \/>\n<meta name=\"robots\" content=\"index, follow, max-snippet:-1, max-image-preview:large, max-video-preview:-1\" \/>\n<link rel=\"canonical\" href=\"https:\/\/ciagreen.de\/en\/rainbow-serenade-event\/\" \/>\n<meta property=\"og:locale\" content=\"en_US\" \/>\n<meta property=\"og:type\" content=\"article\" \/>\n<meta property=\"og:title\" content=\"Rainbow Serenade Event - cia green communications\" \/>\n<meta property=\"og:description\" content=\"c.i.a.green, Werbeagentur K\u00f6ln, Rainbow Serenade Event, European Coating Show, Bayer Chemicals, Eventmanagement, Farbenindustrie, Farben\" \/>\n<meta property=\"og:url\" content=\"https:\/\/ciagreen.de\/en\/rainbow-serenade-event\/\" \/>\n<meta property=\"og:site_name\" content=\"cia green communications\" \/>\n<meta property=\"article:modified_time\" content=\"2022-12-01T11:25:48+00:00\" \/>\n<meta property=\"og:image\" content=\"https:\/\/ciagreen.de\/wp-content\/uploads\/2022\/12\/Rainbow_Serenade_Event_3.webp\" \/>\n<meta name=\"twitter:card\" content=\"summary_large_image\" \/>\n<meta name=\"twitter:label1\" content=\"Est. reading time\" \/>\n\t<meta name=\"twitter:data1\" content=\"2 minutes\" \/>\n<script type=\"application\/ld+json\" class=\"yoast-schema-graph\">{\"@context\":\"https:\/\/schema.org\",\"@graph\":[{\"@type\":\"WebPage\",\"@id\":\"https:\/\/ciagreen.de\/rainbow-serenade-event\/\",\"url\":\"https:\/\/ciagreen.de\/rainbow-serenade-event\/\",\"name\":\"Rainbow Serenade Event - cia green communications\",\"isPartOf\":{\"@id\":\"https:\/\/ciagreen.de\/#website\"},\"datePublished\":\"2022-03-25T08:38:53+00:00\",\"dateModified\":\"2022-12-01T11:25:48+00:00\",\"description\":\"c.i.a.green, Werbeagentur K\u00f6ln, Rainbow Serenade Event, European Coating Show, Bayer Chemicals, Eventmanagement, Farbenindustrie, Farben\",\"breadcrumb\":{\"@id\":\"https:\/\/ciagreen.de\/rainbow-serenade-event\/#breadcrumb\"},\"inLanguage\":\"en-US\",\"potentialAction\":[{\"@type\":\"ReadAction\",\"target\":[\"https:\/\/ciagreen.de\/rainbow-serenade-event\/\"]}]},{\"@type\":\"BreadcrumbList\",\"@id\":\"https:\/\/ciagreen.de\/rainbow-serenade-event\/#breadcrumb\",\"itemListElement\":[{\"@type\":\"ListItem\",\"position\":1,\"name\":\"Startseite\",\"item\":\"https:\/\/ciagreen.de\/\"},{\"@type\":\"ListItem\",\"position\":2,\"name\":\"Rainbow Serenade Event\"}]},{\"@type\":\"WebSite\",\"@id\":\"https:\/\/ciagreen.de\/#website\",\"url\":\"https:\/\/ciagreen.de\/\",\"name\":\"cia green communications\",\"description\":\"\",\"potentialAction\":[{\"@type\":\"SearchAction\",\"target\":{\"@type\":\"EntryPoint\",\"urlTemplate\":\"https:\/\/ciagreen.de\/?s={search_term_string}\"},\"query-input\":\"required name=search_term_string\"}],\"inLanguage\":\"en-US\"}]}<\/script>\n<!-- \/ Yoast SEO plugin. -->","yoast_head_json":{"title":"Rainbow Serenade Event - cia green communications","description":"c.i.a.green, Werbeagentur K\u00f6ln, Rainbow Serenade Event, European Coating Show, Bayer Chemicals, Eventmanagement, Farbenindustrie, Farben","robots":{"index":"index","follow":"follow","max-snippet":"max-snippet:-1","max-image-preview":"max-image-preview:large","max-video-preview":"max-video-preview:-1"},"canonical":"https:\/\/ciagreen.de\/en\/rainbow-serenade-event\/","og_locale":"en_US","og_type":"article","og_title":"Rainbow Serenade Event - cia green communications","og_description":"c.i.a.green, Werbeagentur K\u00f6ln, Rainbow Serenade Event, European Coating Show, Bayer Chemicals, Eventmanagement, Farbenindustrie, Farben","og_url":"https:\/\/ciagreen.de\/en\/rainbow-serenade-event\/","og_site_name":"cia green communications","article_modified_time":"2022-12-01T11:25:48+00:00","og_image":[{"url":"https:\/\/ciagreen.de\/wp-content\/uploads\/2022\/12\/Rainbow_Serenade_Event_3.webp"}],"twitter_card":"summary_large_image","twitter_misc":{"Est. reading time":"2 minutes"},"schema":{"@context":"https:\/\/schema.org","@graph":[{"@type":"WebPage","@id":"https:\/\/ciagreen.de\/rainbow-serenade-event\/","url":"https:\/\/ciagreen.de\/rainbow-serenade-event\/","name":"Rainbow Serenade Event - cia green communications","isPartOf":{"@id":"https:\/\/ciagreen.de\/#website"},"datePublished":"2022-03-25T08:38:53+00:00","dateModified":"2022-12-01T11:25:48+00:00","description":"c.i.a.green, Werbeagentur K\u00f6ln, Rainbow Serenade Event, European Coating Show, Bayer Chemicals, Eventmanagement, Farbenindustrie, Farben","breadcrumb":{"@id":"https:\/\/ciagreen.de\/rainbow-serenade-event\/#breadcrumb"},"inLanguage":"en-US","potentialAction":[{"@type":"ReadAction","target":["https:\/\/ciagreen.de\/rainbow-serenade-event\/"]}]},{"@type":"BreadcrumbList","@id":"https:\/\/ciagreen.de\/rainbow-serenade-event\/#breadcrumb","itemListElement":[{"@type":"ListItem","position":1,"name":"Startseite","item":"https:\/\/ciagreen.de\/"},{"@type":"ListItem","position":2,"name":"Rainbow Serenade Event"}]},{"@type":"WebSite","@id":"https:\/\/ciagreen.de\/#website","url":"https:\/\/ciagreen.de\/","name":"cia green communications","description":"","potentialAction":[{"@type":"SearchAction","target":{"@type":"EntryPoint","urlTemplate":"https:\/\/ciagreen.de\/?s={search_term_string}"},"query-input":"required name=search_term_string"}],"inLanguage":"en-US"}]}},"_links":{"self":[{"href":"https:\/\/ciagreen.de\/en\/wp-json\/wp\/v2\/pages\/8142"}],"collection":[{"href":"https:\/\/ciagreen.de\/en\/wp-json\/wp\/v2\/pages"}],"about":[{"href":"https:\/\/ciagreen.de\/en\/wp-json\/wp\/v2\/types\/page"}],"author":[{"embeddable":true,"href":"https:\/\/ciagreen.de\/en\/wp-json\/wp\/v2\/users\/2"}],"replies":[{"embeddable":true,"href":"https:\/\/ciagreen.de\/en\/wp-json\/wp\/v2\/comments?post=8142"}],"version-history":[{"count":62,"href":"https:\/\/ciagreen.de\/en\/wp-json\/wp\/v2\/pages\/8142\/revisions"}],"predecessor-version":[{"id":15317,"href":"https:\/\/ciagreen.de\/en\/wp-json\/wp\/v2\/pages\/8142\/revisions\/15317"}],"wp:attachment":[{"href":"https:\/\/ciagreen.de\/en\/wp-json\/wp\/v2\/media?parent=8142"}],"curies":[{"name":"wp","href":"https:\/\/api.w.org\/{rel}","templated":true}]}}