{"id":8229,"date":"2022-03-30T15:35:26","date_gmt":"2022-03-30T13:35:26","guid":{"rendered":"https:\/\/staging.ciagreen.de\/?page_id=8229"},"modified":"2023-06-14T14:49:04","modified_gmt":"2023-06-14T12:49:04","slug":"branion-come-together","status":"publish","type":"page","link":"https:\/\/ciagreen.de\/en\/branion-come-together\/","title":{"rendered":"Branion Come together"},"content":{"rendered":"<div data-elementor-type=\"wp-page\" data-elementor-id=\"8229\" class=\"elementor elementor-8229\">\n\t\t\t\t\t\t\t\t\t<section class=\"elementor-section elementor-top-section elementor-element elementor-element-6592b32 elementor-section-full_width elementor-section-height-min-height elementor-section-height-default elementor-section-items-middle qodef-elementor-content-no\" data-id=\"6592b32\" data-element_type=\"section\" data-settings=\"{&quot;background_background&quot;:&quot;classic&quot;}\">\n\t\t\t\t\t\t\t<div class=\"elementor-background-overlay\"><\/div>\n\t\t\t\t\t\t\t<div class=\"elementor-container elementor-column-gap-default\">\n\t\t\t\t\t<div class=\"elementor-column elementor-col-100 elementor-top-column elementor-element elementor-element-3fda7e1\" data-id=\"3fda7e1\" data-element_type=\"column\">\n\t\t\t<div class=\"elementor-widget-wrap elementor-element-populated\">\n\t\t\t\t\t\t\t\t<div class=\"elementor-element elementor-element-1abb708 elementor-widget elementor-widget-text-editor\" data-id=\"1abb708\" data-element_type=\"widget\" data-widget_type=\"text-editor.default\">\n\t\t\t\t<div class=\"elementor-widget-container\">\n\t\t\t<style>\/*! elementor - v3.13.3 - 28-05-2023 *\/\n.elementor-widget-text-editor.elementor-drop-cap-view-stacked .elementor-drop-cap{background-color:#69727d;color:#fff}.elementor-widget-text-editor.elementor-drop-cap-view-framed .elementor-drop-cap{color:#69727d;border:3px solid;background-color:transparent}.elementor-widget-text-editor:not(.elementor-drop-cap-view-default) .elementor-drop-cap{margin-top:8px}.elementor-widget-text-editor:not(.elementor-drop-cap-view-default) .elementor-drop-cap-letter{width:1em;height:1em}.elementor-widget-text-editor .elementor-drop-cap{float:left;text-align:center;line-height:1;font-size:50px}.elementor-widget-text-editor .elementor-drop-cap-letter{display:inline-block}<\/style>\t\t\t\t<p>Branion<\/p>\t\t\t\t\t\t<\/div>\n\t\t\t\t<\/div>\n\t\t\t\t<div class=\"elementor-element elementor-element-412ea4c elementor-widget elementor-widget-heading\" data-id=\"412ea4c\" data-element_type=\"widget\" data-widget_type=\"heading.default\">\n\t\t\t\t<div class=\"elementor-widget-container\">\n\t\t\t<style>\/*! elementor - v3.13.3 - 28-05-2023 *\/\n.elementor-heading-title{padding:0;margin:0;line-height:1}.elementor-widget-heading .elementor-heading-title[class*=elementor-size-]>a{color:inherit;font-size:inherit;line-height:inherit}.elementor-widget-heading .elementor-heading-title.elementor-size-small{font-size:15px}.elementor-widget-heading .elementor-heading-title.elementor-size-medium{font-size:19px}.elementor-widget-heading .elementor-heading-title.elementor-size-large{font-size:29px}.elementor-widget-heading .elementor-heading-title.elementor-size-xl{font-size:39px}.elementor-widget-heading .elementor-heading-title.elementor-size-xxl{font-size:59px}<\/style><h1 class=\"elementor-heading-title elementor-size-default\">Together forever.<\/h1>\t\t<\/div>\n\t\t\t\t<\/div>\n\t\t\t\t<div class=\"elementor-element elementor-element-9ab8a18 elementor-widget elementor-widget-spacer\" data-id=\"9ab8a18\" data-element_type=\"widget\" data-widget_type=\"spacer.default\">\n\t\t\t\t<div class=\"elementor-widget-container\">\n\t\t\t<style>\/*! elementor - v3.13.3 - 28-05-2023 *\/\n.elementor-column .elementor-spacer-inner{height:var(--spacer-size)}.e-con{--container-widget-width:100%}.e-con-inner>.elementor-widget-spacer,.e-con>.elementor-widget-spacer{width:var(--container-widget-width,var(--spacer-size));--align-self:var(--container-widget-align-self,initial);--flex-shrink:0}.e-con-inner>.elementor-widget-spacer>.elementor-widget-container,.e-con-inner>.elementor-widget-spacer>.elementor-widget-container>.elementor-spacer,.e-con>.elementor-widget-spacer>.elementor-widget-container,.e-con>.elementor-widget-spacer>.elementor-widget-container>.elementor-spacer{height:100%}.e-con-inner>.elementor-widget-spacer>.elementor-widget-container>.elementor-spacer>.elementor-spacer-inner,.e-con>.elementor-widget-spacer>.elementor-widget-container>.elementor-spacer>.elementor-spacer-inner{height:var(--container-widget-height,var(--spacer-size))}<\/style>\t\t<div class=\"elementor-spacer\">\n\t\t\t<div class=\"elementor-spacer-inner\"><\/div>\n\t\t<\/div>\n\t\t\t\t<\/div>\n\t\t\t\t<\/div>\n\t\t\t\t<div class=\"elementor-element elementor-element-349c26f elementor-widget elementor-widget-spacer\" data-id=\"349c26f\" data-element_type=\"widget\" data-widget_type=\"spacer.default\">\n\t\t\t\t<div class=\"elementor-widget-container\">\n\t\t\t\t\t<div class=\"elementor-spacer\">\n\t\t\t<div class=\"elementor-spacer-inner\"><\/div>\n\t\t<\/div>\n\t\t\t\t<\/div>\n\t\t\t\t<\/div>\n\t\t\t\t\t<\/div>\n\t\t<\/div>\n\t\t\t\t\t\t\t<\/div>\n\t\t<\/section>\n\t\t\t\t<section class=\"elementor-section elementor-top-section elementor-element elementor-element-8f2dec7 elementor-section-boxed elementor-section-height-default elementor-section-height-default qodef-elementor-content-no\" data-id=\"8f2dec7\" data-element_type=\"section\">\n\t\t\t\t\t\t<div class=\"elementor-container elementor-column-gap-default\">\n\t\t\t\t\t<div class=\"elementor-column elementor-col-100 elementor-top-column elementor-element elementor-element-6766c98\" data-id=\"6766c98\" data-element_type=\"column\">\n\t\t\t<div class=\"elementor-widget-wrap elementor-element-populated\">\n\t\t\t\t\t\t\t\t<div class=\"elementor-element elementor-element-1074a3f elementor-widget elementor-widget-text-editor\" data-id=\"1074a3f\" data-element_type=\"widget\" data-widget_type=\"text-editor.default\">\n\t\t\t\t<div class=\"elementor-widget-container\">\n\t\t\t\t\t\t\t<p class=\"p1\">Soennecken. B\u00fcro Aktuell. Two companies become one: Branion E.G. A new joint company anthem is created. Live in front of 2,600 employees and guests. For the song project \"Together Forever\" the well-known presenter and talent scout Linus is looking for talents from both companies. Musically gifted employees spontaneously become superstars. Symbolism and interaction in a class of its own. Concept, planning and production press conference and show evening: c.i.a.green.<\/p>\t\t\t\t\t\t<\/div>\n\t\t\t\t<\/div>\n\t\t\t\t\t<\/div>\n\t\t<\/div>\n\t\t\t\t\t\t\t<\/div>\n\t\t<\/section>\n\t\t\t\t<section class=\"elementor-section elementor-top-section elementor-element elementor-element-29e8dc4 elementor-section-boxed elementor-section-height-default elementor-section-height-default qodef-elementor-content-no\" data-id=\"29e8dc4\" data-element_type=\"section\" data-settings=\"{&quot;background_background&quot;:&quot;classic&quot;}\">\n\t\t\t\t\t\t<div class=\"elementor-container elementor-column-gap-default\">\n\t\t\t\t\t<div class=\"elementor-column elementor-col-100 elementor-top-column elementor-element elementor-element-40f2248\" data-id=\"40f2248\" data-element_type=\"column\">\n\t\t\t<div class=\"elementor-widget-wrap elementor-element-populated\">\n\t\t\t\t\t\t\t\t<div class=\"elementor-element elementor-element-021dead elementor-widget elementor-widget-video\" data-id=\"021dead\" data-element_type=\"widget\" data-settings=\"{&quot;video_type&quot;:&quot;hosted&quot;,&quot;controls&quot;:&quot;yes&quot;}\" data-widget_type=\"video.default\">\n\t\t\t\t<div class=\"elementor-widget-container\">\n\t\t\t<style>\/*! elementor - v3.13.3 - 28-05-2023 *\/\n.elementor-widget-video .elementor-widget-container{overflow:hidden;transform:translateZ(0)}.elementor-widget-video .elementor-wrapper{aspect-ratio:var(--video-aspect-ratio)}.elementor-widget-video .elementor-wrapper iframe,.elementor-widget-video .elementor-wrapper video{height:100%;width:100%;display:flex;border:none;background-color:#000}@supports not (aspect-ratio:1\/1){.elementor-widget-video .elementor-wrapper{position:relative;overflow:hidden;height:0;padding-bottom:calc(100% \/ var(--video-aspect-ratio))}.elementor-widget-video .elementor-wrapper iframe,.elementor-widget-video .elementor-wrapper video{position:absolute;top:0;right:0;bottom:0;left:0}}.elementor-widget-video .elementor-open-inline .elementor-custom-embed-image-overlay{position:absolute;top:0;left:0;width:100%;height:100%;background-size:cover;background-position:50%}.elementor-widget-video .elementor-custom-embed-image-overlay{cursor:pointer;text-align:center}.elementor-widget-video .elementor-custom-embed-image-overlay:hover .elementor-custom-embed-play i{opacity:1}.elementor-widget-video .elementor-custom-embed-image-overlay img{display:block;width:100%}.elementor-widget-video .e-hosted-video .elementor-video{-o-object-fit:cover;object-fit:cover}.e-con-inner>.elementor-widget-video,.e-con>.elementor-widget-video{width:var(--container-widget-width);--flex-grow:var(--container-widget-flex-grow)}<\/style>\t\t<div class=\"e-hosted-video elementor-wrapper elementor-open-inline\">\n\t\t\t\t\t<video class=\"elementor-video\" src=\"https:\/\/ciagreen.de\/wp-content\/uploads\/2023\/06\/Branion_Event.mp4\" controls=\"\" preload=\"metadata\" controlslist=\"nodownload\" poster=\"https:\/\/ciagreen.de\/wp-content\/uploads\/2023\/06\/Screen_Branion.jpg\"><\/video>\n\t\t\t\t<\/div>\n\t\t\t\t<\/div>\n\t\t\t\t<\/div>\n\t\t\t\t<div class=\"elementor-element elementor-element-bde34df elementor-widget elementor-widget-text-editor\" data-id=\"bde34df\" data-element_type=\"widget\" data-widget_type=\"text-editor.default\">\n\t\t\t\t<div class=\"elementor-widget-container\">\n\t\t\t\t\t\t\t<p>Branion Show Evening.<\/p>\t\t\t\t\t\t<\/div>\n\t\t\t\t<\/div>\n\t\t\t\t\t<\/div>\n\t\t<\/div>\n\t\t\t\t\t\t\t<\/div>\n\t\t<\/section>\n\t\t\t\t<section class=\"elementor-section elementor-top-section elementor-element elementor-element-e288366 elementor-section-boxed elementor-section-height-default elementor-section-height-default qodef-elementor-content-no\" data-id=\"e288366\" data-element_type=\"section\">\n\t\t\t\t\t\t<div class=\"elementor-container elementor-column-gap-default\">\n\t\t\t\t\t<div class=\"elementor-column elementor-col-50 elementor-top-column elementor-element elementor-element-9c2d6b2\" data-id=\"9c2d6b2\" data-element_type=\"column\">\n\t\t\t<div class=\"elementor-widget-wrap elementor-element-populated\">\n\t\t\t\t\t\t\t\t<div class=\"elementor-element elementor-element-340d647 elementor-widget elementor-widget-image\" data-id=\"340d647\" data-element_type=\"widget\" data-widget_type=\"image.default\">\n\t\t\t\t<div class=\"elementor-widget-container\">\n\t\t\t<style>\/*! elementor - v3.13.3 - 28-05-2023 *\/\n.elementor-widget-image{text-align:center}.elementor-widget-image a{display:inline-block}.elementor-widget-image a img[src$=\".svg\"]{width:48px}.elementor-widget-image img{vertical-align:middle;display:inline-block}<\/style>\t\t\t\t\t\t\t\t\t\t\t\t<img width=\"949\" height=\"957\" src=\"https:\/\/ciagreen.de\/wp-content\/uploads\/2022\/12\/Branion_Event_1.webp\" class=\"attachment-large size-large wp-image-15379\" alt=\"c.i.a.green, Branion Event, Dirigent, Soennecken, B\u00fcro Aktuell\" srcset=\"https:\/\/ciagreen.de\/wp-content\/uploads\/2022\/12\/Branion_Event_1.webp 949w, https:\/\/ciagreen.de\/wp-content\/uploads\/2022\/12\/Branion_Event_1-768x774.webp 768w, https:\/\/ciagreen.de\/wp-content\/uploads\/2022\/12\/Branion_Event_1-12x12.webp 12w, https:\/\/ciagreen.de\/wp-content\/uploads\/2022\/12\/Branion_Event_1-600x605.webp 600w, https:\/\/ciagreen.de\/wp-content\/uploads\/2022\/12\/Branion_Event_1-100x100.webp 100w\" sizes=\"(max-width: 949px) 100vw, 949px\" \/>\t\t\t\t\t\t\t\t\t\t\t\t\t\t\t<\/div>\n\t\t\t\t<\/div>\n\t\t\t\t<div class=\"elementor-element elementor-element-40cb510 elementor-widget elementor-widget-text-editor\" data-id=\"40cb510\" data-element_type=\"widget\" data-widget_type=\"text-editor.default\">\n\t\t\t\t<div class=\"elementor-widget-container\">\n\t\t\t\t\t\t\t\t\t\t\t\t\t<\/div>\n\t\t\t\t<\/div>\n\t\t\t\t\t<\/div>\n\t\t<\/div>\n\t\t\t\t<div class=\"elementor-column elementor-col-50 elementor-top-column elementor-element elementor-element-7c01a60\" data-id=\"7c01a60\" data-element_type=\"column\">\n\t\t\t<div class=\"elementor-widget-wrap elementor-element-populated\">\n\t\t\t\t\t\t\t\t<div class=\"elementor-element elementor-element-2fc6f2f elementor-widget elementor-widget-image\" data-id=\"2fc6f2f\" data-element_type=\"widget\" data-widget_type=\"image.default\">\n\t\t\t\t<div class=\"elementor-widget-container\">\n\t\t\t\t\t\t\t\t\t\t\t\t\t\t\t<img width=\"949\" height=\"957\" src=\"https:\/\/ciagreen.de\/wp-content\/uploads\/2022\/12\/Branion_Event_4.webp\" class=\"attachment-large size-large wp-image-15377\" alt=\"c.i.a.green, Branion Event, S\u00e4nger auf B\u00fchne, Soennecken, B\u00fcro Aktuell\" srcset=\"https:\/\/ciagreen.de\/wp-content\/uploads\/2022\/12\/Branion_Event_4.webp 949w, https:\/\/ciagreen.de\/wp-content\/uploads\/2022\/12\/Branion_Event_4-768x774.webp 768w, https:\/\/ciagreen.de\/wp-content\/uploads\/2022\/12\/Branion_Event_4-12x12.webp 12w, https:\/\/ciagreen.de\/wp-content\/uploads\/2022\/12\/Branion_Event_4-600x605.webp 600w, https:\/\/ciagreen.de\/wp-content\/uploads\/2022\/12\/Branion_Event_4-100x100.webp 100w\" sizes=\"(max-width: 949px) 100vw, 949px\" \/>\t\t\t\t\t\t\t\t\t\t\t\t\t\t\t<\/div>\n\t\t\t\t<\/div>\n\t\t\t\t<div class=\"elementor-element elementor-element-02a0698 elementor-widget elementor-widget-text-editor\" data-id=\"02a0698\" data-element_type=\"widget\" data-widget_type=\"text-editor.default\">\n\t\t\t\t<div class=\"elementor-widget-container\">\n\t\t\t\t\t\t\t\t\t\t\t\t\t<\/div>\n\t\t\t\t<\/div>\n\t\t\t\t\t<\/div>\n\t\t<\/div>\n\t\t\t\t\t\t\t<\/div>\n\t\t<\/section>\n\t\t\t\t<section class=\"elementor-section elementor-top-section elementor-element elementor-element-7a667e7 elementor-section-boxed elementor-section-height-default elementor-section-height-default qodef-elementor-content-no\" data-id=\"7a667e7\" data-element_type=\"section\">\n\t\t\t\t\t\t<div class=\"elementor-container elementor-column-gap-default\">\n\t\t\t\t\t<div class=\"elementor-column elementor-col-100 elementor-top-column elementor-element elementor-element-2315a9b\" data-id=\"2315a9b\" data-element_type=\"column\">\n\t\t\t<div class=\"elementor-widget-wrap elementor-element-populated\">\n\t\t\t\t\t\t\t\t<div class=\"elementor-element elementor-element-4109783 elementor-widget elementor-widget-image\" data-id=\"4109783\" data-element_type=\"widget\" data-widget_type=\"image.default\">\n\t\t\t\t<div class=\"elementor-widget-container\">\n\t\t\t\t\t\t\t\t\t\t\t\t\t\t\t<img width=\"956\" height=\"477\" src=\"https:\/\/ciagreen.de\/wp-content\/uploads\/2022\/12\/Branion_Event_3-1-956x477.webp\" class=\"attachment-large size-large wp-image-15376\" alt=\"c.i.a.green, Branion Event, S\u00e4nger auf B\u00fchne, Soennecken, B\u00fcro Aktuell\" srcset=\"https:\/\/ciagreen.de\/wp-content\/uploads\/2022\/12\/Branion_Event_3-1-956x477.webp 956w, https:\/\/ciagreen.de\/wp-content\/uploads\/2022\/12\/Branion_Event_3-1-768x383.webp 768w, https:\/\/ciagreen.de\/wp-content\/uploads\/2022\/12\/Branion_Event_3-1-1536x766.webp 1536w, https:\/\/ciagreen.de\/wp-content\/uploads\/2022\/12\/Branion_Event_3-1-18x9.webp 18w, https:\/\/ciagreen.de\/wp-content\/uploads\/2022\/12\/Branion_Event_3-1-1300x650.webp 1300w, https:\/\/ciagreen.de\/wp-content\/uploads\/2022\/12\/Branion_Event_3-1-600x299.webp 600w, https:\/\/ciagreen.de\/wp-content\/uploads\/2022\/12\/Branion_Event_3-1.webp 1920w\" sizes=\"(max-width: 956px) 100vw, 956px\" \/>\t\t\t\t\t\t\t\t\t\t\t\t\t\t\t<\/div>\n\t\t\t\t<\/div>\n\t\t\t\t<div class=\"elementor-element elementor-element-53a3ccd elementor-widget elementor-widget-text-editor\" data-id=\"53a3ccd\" data-element_type=\"widget\" data-widget_type=\"text-editor.default\">\n\t\t\t\t<div class=\"elementor-widget-container\">\n\t\t\t\t\t\t\t\t\t\t\t\t\t<\/div>\n\t\t\t\t<\/div>\n\t\t\t\t\t<\/div>\n\t\t<\/div>\n\t\t\t\t\t\t\t<\/div>\n\t\t<\/section>\n\t\t\t\t<section class=\"elementor-section elementor-top-section elementor-element elementor-element-8be405d elementor-section-boxed elementor-section-height-default elementor-section-height-default qodef-elementor-content-no\" data-id=\"8be405d\" data-element_type=\"section\">\n\t\t\t\t\t\t<div class=\"elementor-container elementor-column-gap-default\">\n\t\t\t\t\t<div class=\"elementor-column elementor-col-100 elementor-top-column elementor-element elementor-element-69c704b\" data-id=\"69c704b\" data-element_type=\"column\">\n\t\t\t<div class=\"elementor-widget-wrap elementor-element-populated\">\n\t\t\t\t\t\t\t\t<div class=\"elementor-element elementor-element-7683232 elementor-widget elementor-widget-spacer\" data-id=\"7683232\" data-element_type=\"widget\" data-widget_type=\"spacer.default\">\n\t\t\t\t<div class=\"elementor-widget-container\">\n\t\t\t\t\t<div class=\"elementor-spacer\">\n\t\t\t<div class=\"elementor-spacer-inner\"><\/div>\n\t\t<\/div>\n\t\t\t\t<\/div>\n\t\t\t\t<\/div>\n\t\t\t\t\t<\/div>\n\t\t<\/div>\n\t\t\t\t\t\t\t<\/div>\n\t\t<\/section>\n\t\t\t\t\t\t\t<\/div>","protected":false},"excerpt":{"rendered":"<p>Branion Together forever. Soennecken. B\u00fcro Aktuell. Aus zwei Unternehmen wir ein neues: die Branion E.G. Eine neue gemeinsame Firmenhymne entsteht. Live vor 2.600 Mitarbeitern und G\u00e4sten. F\u00fcr das Songprojekt \u201eTogether Forever\u201c\u00a0 sucht der bekannte Moderator und Talentscout Linus Talente aus beiden Unternehmen. Musikalisch begabte Mitarbeiter werden spontan zum Superstar. Symbolik und Interaktion der Extraklasse. Konzeption, [&hellip;]<\/p>","protected":false},"author":2,"featured_media":0,"parent":0,"menu_order":0,"comment_status":"closed","ping_status":"closed","template":"page-full-width.php","meta":[],"acf":[],"yoast_head":"<!-- This site is optimized with the Yoast SEO plugin v20.3 - https:\/\/yoast.com\/wordpress\/plugins\/seo\/ -->\n<title>Branion Come together - cia green communications<\/title>\n<meta name=\"description\" content=\"c.i.a.green, Werbeagentur K\u00f6ln, Branion, Come together, Together forever, Soennecken, B\u00fcro Aktuell, Firmenhymne, Eventmanagement, Showabend\" \/>\n<meta name=\"robots\" content=\"index, follow, max-snippet:-1, max-image-preview:large, max-video-preview:-1\" \/>\n<link rel=\"canonical\" href=\"https:\/\/ciagreen.de\/en\/branion-come-together\/\" \/>\n<meta property=\"og:locale\" content=\"en_US\" \/>\n<meta property=\"og:type\" content=\"article\" \/>\n<meta property=\"og:title\" content=\"Branion Come together - cia green communications\" \/>\n<meta property=\"og:description\" content=\"c.i.a.green, Werbeagentur K\u00f6ln, Branion, Come together, Together forever, Soennecken, B\u00fcro Aktuell, Firmenhymne, Eventmanagement, Showabend\" \/>\n<meta property=\"og:url\" content=\"https:\/\/ciagreen.de\/en\/branion-come-together\/\" \/>\n<meta property=\"og:site_name\" content=\"cia green communications\" \/>\n<meta property=\"article:modified_time\" content=\"2023-06-14T12:49:04+00:00\" \/>\n<meta property=\"og:image\" content=\"https:\/\/ciagreen.de\/wp-content\/uploads\/2022\/12\/Branion_Event_1.webp\" \/>\n<meta name=\"twitter:card\" content=\"summary_large_image\" \/>\n<meta name=\"twitter:label1\" content=\"Est. reading time\" \/>\n\t<meta name=\"twitter:data1\" content=\"1 minute\" \/>\n<script type=\"application\/ld+json\" class=\"yoast-schema-graph\">{\"@context\":\"https:\/\/schema.org\",\"@graph\":[{\"@type\":\"WebPage\",\"@id\":\"https:\/\/ciagreen.de\/branion-come-together\/\",\"url\":\"https:\/\/ciagreen.de\/branion-come-together\/\",\"name\":\"Branion Come together - cia green communications\",\"isPartOf\":{\"@id\":\"https:\/\/ciagreen.de\/#website\"},\"datePublished\":\"2022-03-30T13:35:26+00:00\",\"dateModified\":\"2023-06-14T12:49:04+00:00\",\"description\":\"c.i.a.green, Werbeagentur K\u00f6ln, Branion, Come together, Together forever, Soennecken, B\u00fcro Aktuell, Firmenhymne, Eventmanagement, Showabend\",\"breadcrumb\":{\"@id\":\"https:\/\/ciagreen.de\/branion-come-together\/#breadcrumb\"},\"inLanguage\":\"en-US\",\"potentialAction\":[{\"@type\":\"ReadAction\",\"target\":[\"https:\/\/ciagreen.de\/branion-come-together\/\"]}]},{\"@type\":\"BreadcrumbList\",\"@id\":\"https:\/\/ciagreen.de\/branion-come-together\/#breadcrumb\",\"itemListElement\":[{\"@type\":\"ListItem\",\"position\":1,\"name\":\"Startseite\",\"item\":\"https:\/\/ciagreen.de\/\"},{\"@type\":\"ListItem\",\"position\":2,\"name\":\"Branion Come together\"}]},{\"@type\":\"WebSite\",\"@id\":\"https:\/\/ciagreen.de\/#website\",\"url\":\"https:\/\/ciagreen.de\/\",\"name\":\"cia green communications\",\"description\":\"\",\"potentialAction\":[{\"@type\":\"SearchAction\",\"target\":{\"@type\":\"EntryPoint\",\"urlTemplate\":\"https:\/\/ciagreen.de\/?s={search_term_string}\"},\"query-input\":\"required name=search_term_string\"}],\"inLanguage\":\"en-US\"}]}<\/script>\n<!-- \/ Yoast SEO plugin. -->","yoast_head_json":{"title":"Branion Come together - cia green communications","description":"c.i.a.green, Werbeagentur K\u00f6ln, Branion, Come together, Together forever, Soennecken, B\u00fcro Aktuell, Firmenhymne, Eventmanagement, Showabend","robots":{"index":"index","follow":"follow","max-snippet":"max-snippet:-1","max-image-preview":"max-image-preview:large","max-video-preview":"max-video-preview:-1"},"canonical":"https:\/\/ciagreen.de\/en\/branion-come-together\/","og_locale":"en_US","og_type":"article","og_title":"Branion Come together - cia green communications","og_description":"c.i.a.green, Werbeagentur K\u00f6ln, Branion, Come together, Together forever, Soennecken, B\u00fcro Aktuell, Firmenhymne, Eventmanagement, Showabend","og_url":"https:\/\/ciagreen.de\/en\/branion-come-together\/","og_site_name":"cia green communications","article_modified_time":"2023-06-14T12:49:04+00:00","og_image":[{"url":"https:\/\/ciagreen.de\/wp-content\/uploads\/2022\/12\/Branion_Event_1.webp"}],"twitter_card":"summary_large_image","twitter_misc":{"Est. reading time":"1 minute"},"schema":{"@context":"https:\/\/schema.org","@graph":[{"@type":"WebPage","@id":"https:\/\/ciagreen.de\/branion-come-together\/","url":"https:\/\/ciagreen.de\/branion-come-together\/","name":"Branion Come together - cia green communications","isPartOf":{"@id":"https:\/\/ciagreen.de\/#website"},"datePublished":"2022-03-30T13:35:26+00:00","dateModified":"2023-06-14T12:49:04+00:00","description":"c.i.a.green, Werbeagentur K\u00f6ln, Branion, Come together, Together forever, Soennecken, B\u00fcro Aktuell, Firmenhymne, Eventmanagement, Showabend","breadcrumb":{"@id":"https:\/\/ciagreen.de\/branion-come-together\/#breadcrumb"},"inLanguage":"en-US","potentialAction":[{"@type":"ReadAction","target":["https:\/\/ciagreen.de\/branion-come-together\/"]}]},{"@type":"BreadcrumbList","@id":"https:\/\/ciagreen.de\/branion-come-together\/#breadcrumb","itemListElement":[{"@type":"ListItem","position":1,"name":"Startseite","item":"https:\/\/ciagreen.de\/"},{"@type":"ListItem","position":2,"name":"Branion Come together"}]},{"@type":"WebSite","@id":"https:\/\/ciagreen.de\/#website","url":"https:\/\/ciagreen.de\/","name":"cia green communications","description":"","potentialAction":[{"@type":"SearchAction","target":{"@type":"EntryPoint","urlTemplate":"https:\/\/ciagreen.de\/?s={search_term_string}"},"query-input":"required name=search_term_string"}],"inLanguage":"en-US"}]}},"_links":{"self":[{"href":"https:\/\/ciagreen.de\/en\/wp-json\/wp\/v2\/pages\/8229"}],"collection":[{"href":"https:\/\/ciagreen.de\/en\/wp-json\/wp\/v2\/pages"}],"about":[{"href":"https:\/\/ciagreen.de\/en\/wp-json\/wp\/v2\/types\/page"}],"author":[{"embeddable":true,"href":"https:\/\/ciagreen.de\/en\/wp-json\/wp\/v2\/users\/2"}],"replies":[{"embeddable":true,"href":"https:\/\/ciagreen.de\/en\/wp-json\/wp\/v2\/comments?post=8229"}],"version-history":[{"count":69,"href":"https:\/\/ciagreen.de\/en\/wp-json\/wp\/v2\/pages\/8229\/revisions"}],"predecessor-version":[{"id":15550,"href":"https:\/\/ciagreen.de\/en\/wp-json\/wp\/v2\/pages\/8229\/revisions\/15550"}],"wp:attachment":[{"href":"https:\/\/ciagreen.de\/en\/wp-json\/wp\/v2\/media?parent=8229"}],"curies":[{"name":"wp","href":"https:\/\/api.w.org\/{rel}","templated":true}]}}