{"id":9002,"date":"2022-05-03T12:17:23","date_gmt":"2022-05-03T10:17:23","guid":{"rendered":"https:\/\/staging.ciagreen.de\/?page_id=9002"},"modified":"2022-11-29T17:05:29","modified_gmt":"2022-11-29T16:05:29","slug":"referenzen-netporc","status":"publish","type":"page","link":"https:\/\/ciagreen.de\/en\/referenzen-netporc\/","title":{"rendered":"Referenzen Netporc"},"content":{"rendered":"<div data-elementor-type=\"wp-page\" data-elementor-id=\"9002\" class=\"elementor elementor-9002\">\n\t\t\t\t\t\t\t\t\t<section class=\"elementor-section elementor-top-section elementor-element elementor-element-6592b32 elementor-section-full_width elementor-section-height-min-height elementor-section-height-default elementor-section-items-middle qodef-elementor-content-no\" data-id=\"6592b32\" data-element_type=\"section\" data-settings=\"{&quot;background_background&quot;:&quot;classic&quot;}\">\n\t\t\t\t\t\t\t<div class=\"elementor-background-overlay\"><\/div>\n\t\t\t\t\t\t\t<div class=\"elementor-container elementor-column-gap-default\">\n\t\t\t\t\t<div class=\"elementor-column elementor-col-100 elementor-top-column elementor-element elementor-element-3fda7e1\" data-id=\"3fda7e1\" data-element_type=\"column\">\n\t\t\t<div class=\"elementor-widget-wrap elementor-element-populated\">\n\t\t\t\t\t\t\t\t<div class=\"elementor-element elementor-element-1abb708 elementor-widget elementor-widget-text-editor\" data-id=\"1abb708\" data-element_type=\"widget\" data-widget_type=\"text-editor.default\">\n\t\t\t\t<div class=\"elementor-widget-container\">\n\t\t\t<style>\/*! elementor - v3.13.3 - 28-05-2023 *\/\n.elementor-widget-text-editor.elementor-drop-cap-view-stacked .elementor-drop-cap{background-color:#69727d;color:#fff}.elementor-widget-text-editor.elementor-drop-cap-view-framed .elementor-drop-cap{color:#69727d;border:3px solid;background-color:transparent}.elementor-widget-text-editor:not(.elementor-drop-cap-view-default) .elementor-drop-cap{margin-top:8px}.elementor-widget-text-editor:not(.elementor-drop-cap-view-default) .elementor-drop-cap-letter{width:1em;height:1em}.elementor-widget-text-editor .elementor-drop-cap{float:left;text-align:center;line-height:1;font-size:50px}.elementor-widget-text-editor .elementor-drop-cap-letter{display:inline-block}<\/style>\t\t\t\t<p>Reuling Intervar B.V.<\/p>\t\t\t\t\t\t<\/div>\n\t\t\t\t<\/div>\n\t\t\t\t<div class=\"elementor-element elementor-element-412ea4c elementor-widget elementor-widget-heading\" data-id=\"412ea4c\" data-element_type=\"widget\" data-widget_type=\"heading.default\">\n\t\t\t\t<div class=\"elementor-widget-container\">\n\t\t\t<style>\/*! elementor - v3.13.3 - 28-05-2023 *\/\n.elementor-heading-title{padding:0;margin:0;line-height:1}.elementor-widget-heading .elementor-heading-title[class*=elementor-size-]>a{color:inherit;font-size:inherit;line-height:inherit}.elementor-widget-heading .elementor-heading-title.elementor-size-small{font-size:15px}.elementor-widget-heading .elementor-heading-title.elementor-size-medium{font-size:19px}.elementor-widget-heading .elementor-heading-title.elementor-size-large{font-size:29px}.elementor-widget-heading .elementor-heading-title.elementor-size-xl{font-size:39px}.elementor-widget-heading .elementor-heading-title.elementor-size-xxl{font-size:59px}<\/style><h1 class=\"elementor-heading-title elementor-size-default\">Netporc.<br>\nConsistently better piglets.<\/h1>\t\t<\/div>\n\t\t\t\t<\/div>\n\t\t\t\t<div class=\"elementor-element elementor-element-9ab8a18 elementor-widget elementor-widget-spacer\" data-id=\"9ab8a18\" data-element_type=\"widget\" data-widget_type=\"spacer.default\">\n\t\t\t\t<div class=\"elementor-widget-container\">\n\t\t\t<style>\/*! elementor - v3.13.3 - 28-05-2023 *\/\n.elementor-column .elementor-spacer-inner{height:var(--spacer-size)}.e-con{--container-widget-width:100%}.e-con-inner>.elementor-widget-spacer,.e-con>.elementor-widget-spacer{width:var(--container-widget-width,var(--spacer-size));--align-self:var(--container-widget-align-self,initial);--flex-shrink:0}.e-con-inner>.elementor-widget-spacer>.elementor-widget-container,.e-con-inner>.elementor-widget-spacer>.elementor-widget-container>.elementor-spacer,.e-con>.elementor-widget-spacer>.elementor-widget-container,.e-con>.elementor-widget-spacer>.elementor-widget-container>.elementor-spacer{height:100%}.e-con-inner>.elementor-widget-spacer>.elementor-widget-container>.elementor-spacer>.elementor-spacer-inner,.e-con>.elementor-widget-spacer>.elementor-widget-container>.elementor-spacer>.elementor-spacer-inner{height:var(--container-widget-height,var(--spacer-size))}<\/style>\t\t<div class=\"elementor-spacer\">\n\t\t\t<div class=\"elementor-spacer-inner\"><\/div>\n\t\t<\/div>\n\t\t\t\t<\/div>\n\t\t\t\t<\/div>\n\t\t\t\t<div class=\"elementor-element elementor-element-349c26f elementor-widget elementor-widget-spacer\" data-id=\"349c26f\" data-element_type=\"widget\" data-widget_type=\"spacer.default\">\n\t\t\t\t<div class=\"elementor-widget-container\">\n\t\t\t\t\t<div class=\"elementor-spacer\">\n\t\t\t<div class=\"elementor-spacer-inner\"><\/div>\n\t\t<\/div>\n\t\t\t\t<\/div>\n\t\t\t\t<\/div>\n\t\t\t\t\t<\/div>\n\t\t<\/div>\n\t\t\t\t\t\t\t<\/div>\n\t\t<\/section>\n\t\t\t\t<section class=\"elementor-section elementor-top-section elementor-element elementor-element-8f2dec7 elementor-section-boxed elementor-section-height-default elementor-section-height-default qodef-elementor-content-no\" data-id=\"8f2dec7\" data-element_type=\"section\">\n\t\t\t\t\t\t<div class=\"elementor-container elementor-column-gap-default\">\n\t\t\t\t\t<div class=\"elementor-column elementor-col-100 elementor-top-column elementor-element elementor-element-6766c98\" data-id=\"6766c98\" data-element_type=\"column\">\n\t\t\t<div class=\"elementor-widget-wrap elementor-element-populated\">\n\t\t\t\t\t\t\t\t<div class=\"elementor-element elementor-element-1074a3f elementor-widget elementor-widget-text-editor\" data-id=\"1074a3f\" data-element_type=\"widget\" data-widget_type=\"text-editor.default\">\n\t\t\t\t<div class=\"elementor-widget-container\">\n\t\t\t\t\t\t\t<p>Consistent piglet quality, the best genetics, selected farms, all-round veterinary care, professional transport, central database, transparent production data, intensive dialogue between fatteners and producers \u2013 NETPORK makes the master success reliably calculable. c.i.a.green supported the Dutch start-up company in its brand conception, from brand name and trademark development, brand content definition, Europe-wide trademark registration to the market launch campaign.<\/p>\t\t\t\t\t\t<\/div>\n\t\t\t\t<\/div>\n\t\t\t\t\t<\/div>\n\t\t<\/div>\n\t\t\t\t\t\t\t<\/div>\n\t\t<\/section>\n\t\t\t\t<section class=\"elementor-section elementor-top-section elementor-element elementor-element-bd09eaf elementor-section-boxed elementor-section-height-default elementor-section-height-default qodef-elementor-content-no\" data-id=\"bd09eaf\" data-element_type=\"section\">\n\t\t\t\t\t\t<div class=\"elementor-container elementor-column-gap-default\">\n\t\t\t\t\t<div class=\"elementor-column elementor-col-50 elementor-top-column elementor-element elementor-element-2999592\" data-id=\"2999592\" data-element_type=\"column\">\n\t\t\t<div class=\"elementor-widget-wrap elementor-element-populated\">\n\t\t\t\t\t\t\t\t<div class=\"elementor-element elementor-element-5c1f499 elementor-widget elementor-widget-image\" data-id=\"5c1f499\" data-element_type=\"widget\" data-widget_type=\"image.default\">\n\t\t\t\t<div class=\"elementor-widget-container\">\n\t\t\t<style>\/*! elementor - v3.13.3 - 28-05-2023 *\/\n.elementor-widget-image{text-align:center}.elementor-widget-image a{display:inline-block}.elementor-widget-image a img[src$=\".svg\"]{width:48px}.elementor-widget-image img{vertical-align:middle;display:inline-block}<\/style>\t\t\t\t\t\t\t\t\t\t\t\t<img width=\"949\" height=\"671\" src=\"https:\/\/ciagreen.de\/wp-content\/uploads\/2022\/11\/Anz_Netporc_2.webp\" class=\"attachment-large size-large wp-image-14929\" alt=\"c.i.a.green, REULING INTERVAR B.V., NetPorc, Schweinegenetik, Anzeige Transparenz\" srcset=\"https:\/\/ciagreen.de\/wp-content\/uploads\/2022\/11\/Anz_Netporc_2.webp 949w, https:\/\/ciagreen.de\/wp-content\/uploads\/2022\/11\/Anz_Netporc_2-768x543.webp 768w, https:\/\/ciagreen.de\/wp-content\/uploads\/2022\/11\/Anz_Netporc_2-18x12.webp 18w, https:\/\/ciagreen.de\/wp-content\/uploads\/2022\/11\/Anz_Netporc_2-600x424.webp 600w\" sizes=\"(max-width: 949px) 100vw, 949px\" \/>\t\t\t\t\t\t\t\t\t\t\t\t\t\t\t<\/div>\n\t\t\t\t<\/div>\n\t\t\t\t<div class=\"elementor-element elementor-element-1bcf44d elementor-widget elementor-widget-text-editor\" data-id=\"1bcf44d\" data-element_type=\"widget\" data-widget_type=\"text-editor.default\">\n\t\t\t\t<div class=\"elementor-widget-container\">\n\t\t\t\t\t\t\t<p>Ad campaign motive transparency<\/p>\t\t\t\t\t\t<\/div>\n\t\t\t\t<\/div>\n\t\t\t\t\t<\/div>\n\t\t<\/div>\n\t\t\t\t<div class=\"elementor-column elementor-col-50 elementor-top-column elementor-element elementor-element-6f3db05\" data-id=\"6f3db05\" data-element_type=\"column\">\n\t\t\t<div class=\"elementor-widget-wrap elementor-element-populated\">\n\t\t\t\t\t\t\t\t<div class=\"elementor-element elementor-element-da54335 elementor-widget elementor-widget-image\" data-id=\"da54335\" data-element_type=\"widget\" data-widget_type=\"image.default\">\n\t\t\t\t<div class=\"elementor-widget-container\">\n\t\t\t\t\t\t\t\t\t\t\t\t\t\t\t<img width=\"949\" height=\"671\" src=\"https:\/\/ciagreen.de\/wp-content\/uploads\/2022\/11\/Anz_Netporc_1.webp\" class=\"attachment-large size-large wp-image-14928\" alt=\"c.i.a.green, REULING INTERVAR B.V., NetPorc, Schweinegenetik, Anzeige Masterfolge\" srcset=\"https:\/\/ciagreen.de\/wp-content\/uploads\/2022\/11\/Anz_Netporc_1.webp 949w, https:\/\/ciagreen.de\/wp-content\/uploads\/2022\/11\/Anz_Netporc_1-768x543.webp 768w, https:\/\/ciagreen.de\/wp-content\/uploads\/2022\/11\/Anz_Netporc_1-18x12.webp 18w, https:\/\/ciagreen.de\/wp-content\/uploads\/2022\/11\/Anz_Netporc_1-600x424.webp 600w\" sizes=\"(max-width: 949px) 100vw, 949px\" \/>\t\t\t\t\t\t\t\t\t\t\t\t\t\t\t<\/div>\n\t\t\t\t<\/div>\n\t\t\t\t<div class=\"elementor-element elementor-element-3a241f1 elementor-widget elementor-widget-text-editor\" data-id=\"3a241f1\" data-element_type=\"widget\" data-widget_type=\"text-editor.default\">\n\t\t\t\t<div class=\"elementor-widget-container\">\n\t\t\t\t\t\t\t<p>Ad campaign motive fattening successes<\/p>\t\t\t\t\t\t<\/div>\n\t\t\t\t<\/div>\n\t\t\t\t\t<\/div>\n\t\t<\/div>\n\t\t\t\t\t\t\t<\/div>\n\t\t<\/section>\n\t\t\t\t<section class=\"elementor-section elementor-top-section elementor-element elementor-element-ee10664 elementor-section-boxed elementor-section-height-default elementor-section-height-default qodef-elementor-content-no\" data-id=\"ee10664\" data-element_type=\"section\">\n\t\t\t\t\t\t<div class=\"elementor-container elementor-column-gap-default\">\n\t\t\t\t\t<div class=\"elementor-column elementor-col-50 elementor-top-column elementor-element elementor-element-5186235\" data-id=\"5186235\" data-element_type=\"column\">\n\t\t\t<div class=\"elementor-widget-wrap elementor-element-populated\">\n\t\t\t\t\t\t\t\t<div class=\"elementor-element elementor-element-0015cf7 elementor-widget elementor-widget-image\" data-id=\"0015cf7\" data-element_type=\"widget\" data-widget_type=\"image.default\">\n\t\t\t\t<div class=\"elementor-widget-container\">\n\t\t\t\t\t\t\t\t\t\t\t\t\t\t\t<img width=\"949\" height=\"671\" src=\"https:\/\/ciagreen.de\/wp-content\/uploads\/2022\/11\/Anz_Netporc_3.webp\" class=\"attachment-large size-large wp-image-14930\" alt=\"c.i.a.green, REULING INTERVAR B.V., NetPorc, Schweinegenetik, Anzeige Transport\" srcset=\"https:\/\/ciagreen.de\/wp-content\/uploads\/2022\/11\/Anz_Netporc_3.webp 949w, https:\/\/ciagreen.de\/wp-content\/uploads\/2022\/11\/Anz_Netporc_3-768x543.webp 768w, https:\/\/ciagreen.de\/wp-content\/uploads\/2022\/11\/Anz_Netporc_3-18x12.webp 18w, https:\/\/ciagreen.de\/wp-content\/uploads\/2022\/11\/Anz_Netporc_3-600x424.webp 600w\" sizes=\"(max-width: 949px) 100vw, 949px\" \/>\t\t\t\t\t\t\t\t\t\t\t\t\t\t\t<\/div>\n\t\t\t\t<\/div>\n\t\t\t\t<div class=\"elementor-element elementor-element-9417a78 elementor-widget elementor-widget-text-editor\" data-id=\"9417a78\" data-element_type=\"widget\" data-widget_type=\"text-editor.default\">\n\t\t\t\t<div class=\"elementor-widget-container\">\n\t\t\t\t\t\t\t<p>Ad campaign motive transport<\/p>\t\t\t\t\t\t<\/div>\n\t\t\t\t<\/div>\n\t\t\t\t\t<\/div>\n\t\t<\/div>\n\t\t\t\t<div class=\"elementor-column elementor-col-50 elementor-top-column elementor-element elementor-element-49b359d\" data-id=\"49b359d\" data-element_type=\"column\">\n\t\t\t<div class=\"elementor-widget-wrap elementor-element-populated\">\n\t\t\t\t\t\t\t\t<div class=\"elementor-element elementor-element-f8ad1fa elementor-widget elementor-widget-image\" data-id=\"f8ad1fa\" data-element_type=\"widget\" data-widget_type=\"image.default\">\n\t\t\t\t<div class=\"elementor-widget-container\">\n\t\t\t\t\t\t\t\t\t\t\t\t\t\t\t<img width=\"949\" height=\"671\" src=\"https:\/\/ciagreen.de\/wp-content\/uploads\/2022\/11\/Anz_Netporc_4.webp\" class=\"attachment-large size-large wp-image-14931\" alt=\"c.i.a.green, REULING INTERVAR B.V., NetPorc, Schweinegenetik, Anzeige Genetik\" srcset=\"https:\/\/ciagreen.de\/wp-content\/uploads\/2022\/11\/Anz_Netporc_4.webp 949w, https:\/\/ciagreen.de\/wp-content\/uploads\/2022\/11\/Anz_Netporc_4-768x543.webp 768w, https:\/\/ciagreen.de\/wp-content\/uploads\/2022\/11\/Anz_Netporc_4-18x12.webp 18w, https:\/\/ciagreen.de\/wp-content\/uploads\/2022\/11\/Anz_Netporc_4-600x424.webp 600w\" sizes=\"(max-width: 949px) 100vw, 949px\" \/>\t\t\t\t\t\t\t\t\t\t\t\t\t\t\t<\/div>\n\t\t\t\t<\/div>\n\t\t\t\t<div class=\"elementor-element elementor-element-04ea056 elementor-widget elementor-widget-text-editor\" data-id=\"04ea056\" data-element_type=\"widget\" data-widget_type=\"text-editor.default\">\n\t\t\t\t<div class=\"elementor-widget-container\">\n\t\t\t\t\t\t\t<p>Ad campaign motive genetics<\/p>\t\t\t\t\t\t<\/div>\n\t\t\t\t<\/div>\n\t\t\t\t\t<\/div>\n\t\t<\/div>\n\t\t\t\t\t\t\t<\/div>\n\t\t<\/section>\n\t\t\t\t<section class=\"elementor-section elementor-top-section elementor-element elementor-element-48c34b0 elementor-section-boxed elementor-section-height-default elementor-section-height-default qodef-elementor-content-no\" data-id=\"48c34b0\" data-element_type=\"section\">\n\t\t\t\t\t\t<div class=\"elementor-container elementor-column-gap-default\">\n\t\t\t\t\t<div class=\"elementor-column elementor-col-50 elementor-top-column elementor-element elementor-element-d4c8bc6\" data-id=\"d4c8bc6\" data-element_type=\"column\">\n\t\t\t<div class=\"elementor-widget-wrap elementor-element-populated\">\n\t\t\t\t\t\t\t\t<div class=\"elementor-element elementor-element-4e98f7a elementor-widget elementor-widget-image\" data-id=\"4e98f7a\" data-element_type=\"widget\" data-widget_type=\"image.default\">\n\t\t\t\t<div class=\"elementor-widget-container\">\n\t\t\t\t\t\t\t\t\t\t\t\t\t\t\t<img width=\"949\" height=\"671\" src=\"https:\/\/ciagreen.de\/wp-content\/uploads\/2022\/11\/CI_Netporc_1.webp\" class=\"attachment-large size-large wp-image-14932\" alt=\"c.i.a.green, REULING INTERVAR B.V., NetPorc, Schweinegenetik, Give Away, Tasse\" srcset=\"https:\/\/ciagreen.de\/wp-content\/uploads\/2022\/11\/CI_Netporc_1.webp 949w, https:\/\/ciagreen.de\/wp-content\/uploads\/2022\/11\/CI_Netporc_1-768x543.webp 768w, https:\/\/ciagreen.de\/wp-content\/uploads\/2022\/11\/CI_Netporc_1-18x12.webp 18w, https:\/\/ciagreen.de\/wp-content\/uploads\/2022\/11\/CI_Netporc_1-600x424.webp 600w\" sizes=\"(max-width: 949px) 100vw, 949px\" \/>\t\t\t\t\t\t\t\t\t\t\t\t\t\t\t<\/div>\n\t\t\t\t<\/div>\n\t\t\t\t<div class=\"elementor-element elementor-element-2374417 elementor-widget elementor-widget-text-editor\" data-id=\"2374417\" data-element_type=\"widget\" data-widget_type=\"text-editor.default\">\n\t\t\t\t<div class=\"elementor-widget-container\">\n\t\t\t\t\t\t\t<p>Corporate Design Give Aways<\/p>\t\t\t\t\t\t<\/div>\n\t\t\t\t<\/div>\n\t\t\t\t\t<\/div>\n\t\t<\/div>\n\t\t\t\t<div class=\"elementor-column elementor-col-50 elementor-top-column elementor-element elementor-element-e9828b0\" data-id=\"e9828b0\" data-element_type=\"column\">\n\t\t\t<div class=\"elementor-widget-wrap elementor-element-populated\">\n\t\t\t\t\t\t\t\t<div class=\"elementor-element elementor-element-c7e17c1 elementor-widget elementor-widget-image\" data-id=\"c7e17c1\" data-element_type=\"widget\" data-widget_type=\"image.default\">\n\t\t\t\t<div class=\"elementor-widget-container\">\n\t\t\t\t\t\t\t\t\t\t\t\t\t\t\t<img width=\"949\" height=\"671\" src=\"https:\/\/ciagreen.de\/wp-content\/uploads\/2022\/11\/CI_Netporc.webp\" class=\"attachment-large size-large wp-image-14933\" alt=\"c.i.a.green, REULING INTERVAR B.V., NetPorc, Schweinegenetik, Corporate Design, Briefbogen, Visitenkarte, E-Mail\" srcset=\"https:\/\/ciagreen.de\/wp-content\/uploads\/2022\/11\/CI_Netporc.webp 949w, https:\/\/ciagreen.de\/wp-content\/uploads\/2022\/11\/CI_Netporc-768x543.webp 768w, https:\/\/ciagreen.de\/wp-content\/uploads\/2022\/11\/CI_Netporc-18x12.webp 18w, https:\/\/ciagreen.de\/wp-content\/uploads\/2022\/11\/CI_Netporc-600x424.webp 600w\" sizes=\"(max-width: 949px) 100vw, 949px\" \/>\t\t\t\t\t\t\t\t\t\t\t\t\t\t\t<\/div>\n\t\t\t\t<\/div>\n\t\t\t\t<div class=\"elementor-element elementor-element-b991932 elementor-widget elementor-widget-text-editor\" data-id=\"b991932\" data-element_type=\"widget\" data-widget_type=\"text-editor.default\">\n\t\t\t\t<div class=\"elementor-widget-container\">\n\t\t\t\t\t\t\t<p>Corporate Design business equipment<\/p>\t\t\t\t\t\t<\/div>\n\t\t\t\t<\/div>\n\t\t\t\t\t<\/div>\n\t\t<\/div>\n\t\t\t\t\t\t\t<\/div>\n\t\t<\/section>\n\t\t\t\t<section class=\"elementor-section elementor-top-section elementor-element elementor-element-8be405d elementor-section-boxed elementor-section-height-default elementor-section-height-default qodef-elementor-content-no\" data-id=\"8be405d\" data-element_type=\"section\">\n\t\t\t\t\t\t<div class=\"elementor-container elementor-column-gap-default\">\n\t\t\t\t\t<div class=\"elementor-column elementor-col-100 elementor-top-column elementor-element elementor-element-69c704b\" data-id=\"69c704b\" data-element_type=\"column\">\n\t\t\t<div class=\"elementor-widget-wrap elementor-element-populated\">\n\t\t\t\t\t\t\t\t<div class=\"elementor-element elementor-element-7683232 elementor-widget elementor-widget-spacer\" data-id=\"7683232\" data-element_type=\"widget\" data-widget_type=\"spacer.default\">\n\t\t\t\t<div class=\"elementor-widget-container\">\n\t\t\t\t\t<div class=\"elementor-spacer\">\n\t\t\t<div class=\"elementor-spacer-inner\"><\/div>\n\t\t<\/div>\n\t\t\t\t<\/div>\n\t\t\t\t<\/div>\n\t\t\t\t\t<\/div>\n\t\t<\/div>\n\t\t\t\t\t\t\t<\/div>\n\t\t<\/section>\n\t\t\t\t\t\t\t<\/div>","protected":false},"excerpt":{"rendered":"<p>Reuling Intervar B.V. Netporc. Konstant bessere Ferkel. Konstante Ferkelqualit\u00e4t, beste Genetik, ausgew\u00e4hlte Erzeugerbetriebe, tier\u00e4rztliche Rundumbetreuung, fachgerechten Transport, zentralen Datenbank, transparente Produktionsdaten, intensiver Dialog zwischen M\u00e4stern und Erzeugern \u2013 NETPORK macht den Masterfolg zuverl\u00e4ssig kalkulierbar. Die c.i.a.green begleitete das niederl\u00e4ndische Startup Unternehmen bei der Markenkonzeption, von der Markennamen- und Markenzeichenentwicklung, der Markeninhaltsdefinition, der europaweiten Markenanmeldung bis [&hellip;]<\/p>","protected":false},"author":2,"featured_media":0,"parent":0,"menu_order":0,"comment_status":"closed","ping_status":"closed","template":"page-full-width.php","meta":[],"acf":[],"yoast_head":"<!-- This site is optimized with the Yoast SEO plugin v20.3 - https:\/\/yoast.com\/wordpress\/plugins\/seo\/ -->\n<title>Referenzen Netporc - cia green communications<\/title>\n<meta name=\"description\" content=\"c.i.a.green, Werbeagentur K\u00f6ln, Referenzen Netporc, B to b Kommunikation, Dienstleistung erkl\u00e4ren, Konstant bessere Ferkel, Agrarbusiness\" \/>\n<meta name=\"robots\" content=\"index, follow, max-snippet:-1, max-image-preview:large, max-video-preview:-1\" \/>\n<link rel=\"canonical\" href=\"https:\/\/ciagreen.de\/en\/referenzen-netporc\/\" \/>\n<meta property=\"og:locale\" content=\"en_US\" \/>\n<meta property=\"og:type\" content=\"article\" \/>\n<meta property=\"og:title\" content=\"Referenzen Netporc - cia green communications\" \/>\n<meta property=\"og:description\" content=\"c.i.a.green, Werbeagentur K\u00f6ln, Referenzen Netporc, B to b Kommunikation, Dienstleistung erkl\u00e4ren, Konstant bessere Ferkel, Agrarbusiness\" \/>\n<meta property=\"og:url\" content=\"https:\/\/ciagreen.de\/en\/referenzen-netporc\/\" \/>\n<meta property=\"og:site_name\" content=\"cia green communications\" \/>\n<meta property=\"article:modified_time\" content=\"2022-11-29T16:05:29+00:00\" \/>\n<meta property=\"og:image\" content=\"https:\/\/ciagreen.de\/wp-content\/uploads\/2022\/11\/Anz_Netporc_2.webp\" \/>\n<meta name=\"twitter:card\" content=\"summary_large_image\" \/>\n<meta name=\"twitter:label1\" content=\"Est. reading time\" \/>\n\t<meta name=\"twitter:data1\" content=\"2 minutes\" \/>\n<script type=\"application\/ld+json\" class=\"yoast-schema-graph\">{\"@context\":\"https:\/\/schema.org\",\"@graph\":[{\"@type\":\"WebPage\",\"@id\":\"https:\/\/ciagreen.de\/referenzen-netporc\/\",\"url\":\"https:\/\/ciagreen.de\/referenzen-netporc\/\",\"name\":\"Referenzen Netporc - cia green communications\",\"isPartOf\":{\"@id\":\"https:\/\/ciagreen.de\/#website\"},\"datePublished\":\"2022-05-03T10:17:23+00:00\",\"dateModified\":\"2022-11-29T16:05:29+00:00\",\"description\":\"c.i.a.green, Werbeagentur K\u00f6ln, Referenzen Netporc, B to b Kommunikation, Dienstleistung erkl\u00e4ren, Konstant bessere Ferkel, Agrarbusiness\",\"breadcrumb\":{\"@id\":\"https:\/\/ciagreen.de\/referenzen-netporc\/#breadcrumb\"},\"inLanguage\":\"en-US\",\"potentialAction\":[{\"@type\":\"ReadAction\",\"target\":[\"https:\/\/ciagreen.de\/referenzen-netporc\/\"]}]},{\"@type\":\"BreadcrumbList\",\"@id\":\"https:\/\/ciagreen.de\/referenzen-netporc\/#breadcrumb\",\"itemListElement\":[{\"@type\":\"ListItem\",\"position\":1,\"name\":\"Startseite\",\"item\":\"https:\/\/ciagreen.de\/\"},{\"@type\":\"ListItem\",\"position\":2,\"name\":\"Referenzen Netporc\"}]},{\"@type\":\"WebSite\",\"@id\":\"https:\/\/ciagreen.de\/#website\",\"url\":\"https:\/\/ciagreen.de\/\",\"name\":\"cia green communications\",\"description\":\"\",\"potentialAction\":[{\"@type\":\"SearchAction\",\"target\":{\"@type\":\"EntryPoint\",\"urlTemplate\":\"https:\/\/ciagreen.de\/?s={search_term_string}\"},\"query-input\":\"required name=search_term_string\"}],\"inLanguage\":\"en-US\"}]}<\/script>\n<!-- \/ Yoast SEO plugin. -->","yoast_head_json":{"title":"Referenzen Netporc - cia green communications","description":"c.i.a.green, Werbeagentur K\u00f6ln, Referenzen Netporc, B to b Kommunikation, Dienstleistung erkl\u00e4ren, Konstant bessere Ferkel, Agrarbusiness","robots":{"index":"index","follow":"follow","max-snippet":"max-snippet:-1","max-image-preview":"max-image-preview:large","max-video-preview":"max-video-preview:-1"},"canonical":"https:\/\/ciagreen.de\/en\/referenzen-netporc\/","og_locale":"en_US","og_type":"article","og_title":"Referenzen Netporc - cia green communications","og_description":"c.i.a.green, Werbeagentur K\u00f6ln, Referenzen Netporc, B to b Kommunikation, Dienstleistung erkl\u00e4ren, Konstant bessere Ferkel, Agrarbusiness","og_url":"https:\/\/ciagreen.de\/en\/referenzen-netporc\/","og_site_name":"cia green communications","article_modified_time":"2022-11-29T16:05:29+00:00","og_image":[{"url":"https:\/\/ciagreen.de\/wp-content\/uploads\/2022\/11\/Anz_Netporc_2.webp"}],"twitter_card":"summary_large_image","twitter_misc":{"Est. reading time":"2 minutes"},"schema":{"@context":"https:\/\/schema.org","@graph":[{"@type":"WebPage","@id":"https:\/\/ciagreen.de\/referenzen-netporc\/","url":"https:\/\/ciagreen.de\/referenzen-netporc\/","name":"Referenzen Netporc - cia green communications","isPartOf":{"@id":"https:\/\/ciagreen.de\/#website"},"datePublished":"2022-05-03T10:17:23+00:00","dateModified":"2022-11-29T16:05:29+00:00","description":"c.i.a.green, Werbeagentur K\u00f6ln, Referenzen Netporc, B to b Kommunikation, Dienstleistung erkl\u00e4ren, Konstant bessere Ferkel, Agrarbusiness","breadcrumb":{"@id":"https:\/\/ciagreen.de\/referenzen-netporc\/#breadcrumb"},"inLanguage":"en-US","potentialAction":[{"@type":"ReadAction","target":["https:\/\/ciagreen.de\/referenzen-netporc\/"]}]},{"@type":"BreadcrumbList","@id":"https:\/\/ciagreen.de\/referenzen-netporc\/#breadcrumb","itemListElement":[{"@type":"ListItem","position":1,"name":"Startseite","item":"https:\/\/ciagreen.de\/"},{"@type":"ListItem","position":2,"name":"Referenzen Netporc"}]},{"@type":"WebSite","@id":"https:\/\/ciagreen.de\/#website","url":"https:\/\/ciagreen.de\/","name":"cia green communications","description":"","potentialAction":[{"@type":"SearchAction","target":{"@type":"EntryPoint","urlTemplate":"https:\/\/ciagreen.de\/?s={search_term_string}"},"query-input":"required name=search_term_string"}],"inLanguage":"en-US"}]}},"_links":{"self":[{"href":"https:\/\/ciagreen.de\/en\/wp-json\/wp\/v2\/pages\/9002"}],"collection":[{"href":"https:\/\/ciagreen.de\/en\/wp-json\/wp\/v2\/pages"}],"about":[{"href":"https:\/\/ciagreen.de\/en\/wp-json\/wp\/v2\/types\/page"}],"author":[{"embeddable":true,"href":"https:\/\/ciagreen.de\/en\/wp-json\/wp\/v2\/users\/2"}],"replies":[{"embeddable":true,"href":"https:\/\/ciagreen.de\/en\/wp-json\/wp\/v2\/comments?post=9002"}],"version-history":[{"count":39,"href":"https:\/\/ciagreen.de\/en\/wp-json\/wp\/v2\/pages\/9002\/revisions"}],"predecessor-version":[{"id":14938,"href":"https:\/\/ciagreen.de\/en\/wp-json\/wp\/v2\/pages\/9002\/revisions\/14938"}],"wp:attachment":[{"href":"https:\/\/ciagreen.de\/en\/wp-json\/wp\/v2\/media?parent=9002"}],"curies":[{"name":"wp","href":"https:\/\/api.w.org\/{rel}","templated":true}]}}