{"id":9076,"date":"2022-05-03T13:34:43","date_gmt":"2022-05-03T11:34:43","guid":{"rendered":"https:\/\/staging.ciagreen.de\/?page_id=9076"},"modified":"2022-11-28T16:34:30","modified_gmt":"2022-11-28T15:34:30","slug":"referenzen-agrarzeitung","status":"publish","type":"page","link":"https:\/\/ciagreen.de\/en\/referenzen-agrarzeitung\/","title":{"rendered":"Referenzen Agrarzeitung"},"content":{"rendered":"<div data-elementor-type=\"wp-page\" data-elementor-id=\"9076\" class=\"elementor elementor-9076\">\n\t\t\t\t\t\t\t\t\t<section class=\"elementor-section elementor-top-section elementor-element elementor-element-6592b32 elementor-section-full_width elementor-section-height-min-height elementor-section-stretched elementor-section-height-default elementor-section-items-middle qodef-elementor-content-no\" data-id=\"6592b32\" data-element_type=\"section\" data-settings=\"{&quot;background_background&quot;:&quot;classic&quot;,&quot;stretch_section&quot;:&quot;section-stretched&quot;}\">\n\t\t\t\t\t\t\t<div class=\"elementor-background-overlay\"><\/div>\n\t\t\t\t\t\t\t<div class=\"elementor-container elementor-column-gap-default\">\n\t\t\t\t\t<div class=\"elementor-column elementor-col-100 elementor-top-column elementor-element elementor-element-3fda7e1\" data-id=\"3fda7e1\" data-element_type=\"column\">\n\t\t\t<div class=\"elementor-widget-wrap elementor-element-populated\">\n\t\t\t\t\t\t\t\t<div class=\"elementor-element elementor-element-1abb708 elementor-widget elementor-widget-text-editor\" data-id=\"1abb708\" data-element_type=\"widget\" data-widget_type=\"text-editor.default\">\n\t\t\t\t<div class=\"elementor-widget-container\">\n\t\t\t<style>\/*! elementor - v3.13.3 - 28-05-2023 *\/\n.elementor-widget-text-editor.elementor-drop-cap-view-stacked .elementor-drop-cap{background-color:#69727d;color:#fff}.elementor-widget-text-editor.elementor-drop-cap-view-framed .elementor-drop-cap{color:#69727d;border:3px solid;background-color:transparent}.elementor-widget-text-editor:not(.elementor-drop-cap-view-default) .elementor-drop-cap{margin-top:8px}.elementor-widget-text-editor:not(.elementor-drop-cap-view-default) .elementor-drop-cap-letter{width:1em;height:1em}.elementor-widget-text-editor .elementor-drop-cap{float:left;text-align:center;line-height:1;font-size:50px}.elementor-widget-text-editor .elementor-drop-cap-letter{display:inline-block}<\/style>\t\t\t\t<p>Agrarzeitung<\/p>\t\t\t\t\t\t<\/div>\n\t\t\t\t<\/div>\n\t\t\t\t<div class=\"elementor-element elementor-element-412ea4c elementor-widget elementor-widget-heading\" data-id=\"412ea4c\" data-element_type=\"widget\" data-widget_type=\"heading.default\">\n\t\t\t\t<div class=\"elementor-widget-container\">\n\t\t\t<style>\/*! elementor - v3.13.3 - 28-05-2023 *\/\n.elementor-heading-title{padding:0;margin:0;line-height:1}.elementor-widget-heading .elementor-heading-title[class*=elementor-size-]>a{color:inherit;font-size:inherit;line-height:inherit}.elementor-widget-heading .elementor-heading-title.elementor-size-small{font-size:15px}.elementor-widget-heading .elementor-heading-title.elementor-size-medium{font-size:19px}.elementor-widget-heading .elementor-heading-title.elementor-size-large{font-size:29px}.elementor-widget-heading .elementor-heading-title.elementor-size-xl{font-size:39px}.elementor-widget-heading .elementor-heading-title.elementor-size-xxl{font-size:59px}<\/style><h1 class=\"elementor-heading-title elementor-size-default\">Economy for<br>\nagriculture.<\/h1>\t\t<\/div>\n\t\t\t\t<\/div>\n\t\t\t\t<div class=\"elementor-element elementor-element-9ab8a18 elementor-widget elementor-widget-spacer\" data-id=\"9ab8a18\" data-element_type=\"widget\" data-widget_type=\"spacer.default\">\n\t\t\t\t<div class=\"elementor-widget-container\">\n\t\t\t<style>\/*! elementor - v3.13.3 - 28-05-2023 *\/\n.elementor-column .elementor-spacer-inner{height:var(--spacer-size)}.e-con{--container-widget-width:100%}.e-con-inner>.elementor-widget-spacer,.e-con>.elementor-widget-spacer{width:var(--container-widget-width,var(--spacer-size));--align-self:var(--container-widget-align-self,initial);--flex-shrink:0}.e-con-inner>.elementor-widget-spacer>.elementor-widget-container,.e-con-inner>.elementor-widget-spacer>.elementor-widget-container>.elementor-spacer,.e-con>.elementor-widget-spacer>.elementor-widget-container,.e-con>.elementor-widget-spacer>.elementor-widget-container>.elementor-spacer{height:100%}.e-con-inner>.elementor-widget-spacer>.elementor-widget-container>.elementor-spacer>.elementor-spacer-inner,.e-con>.elementor-widget-spacer>.elementor-widget-container>.elementor-spacer>.elementor-spacer-inner{height:var(--container-widget-height,var(--spacer-size))}<\/style>\t\t<div class=\"elementor-spacer\">\n\t\t\t<div class=\"elementor-spacer-inner\"><\/div>\n\t\t<\/div>\n\t\t\t\t<\/div>\n\t\t\t\t<\/div>\n\t\t\t\t<div class=\"elementor-element elementor-element-349c26f elementor-widget elementor-widget-spacer\" data-id=\"349c26f\" data-element_type=\"widget\" data-widget_type=\"spacer.default\">\n\t\t\t\t<div class=\"elementor-widget-container\">\n\t\t\t\t\t<div class=\"elementor-spacer\">\n\t\t\t<div class=\"elementor-spacer-inner\"><\/div>\n\t\t<\/div>\n\t\t\t\t<\/div>\n\t\t\t\t<\/div>\n\t\t\t\t\t<\/div>\n\t\t<\/div>\n\t\t\t\t\t\t\t<\/div>\n\t\t<\/section>\n\t\t\t\t<section class=\"elementor-section elementor-top-section elementor-element elementor-element-8f2dec7 elementor-section-boxed elementor-section-height-default elementor-section-height-default qodef-elementor-content-no\" data-id=\"8f2dec7\" data-element_type=\"section\">\n\t\t\t\t\t\t<div class=\"elementor-container elementor-column-gap-default\">\n\t\t\t\t\t<div class=\"elementor-column elementor-col-100 elementor-top-column elementor-element elementor-element-6766c98\" data-id=\"6766c98\" data-element_type=\"column\">\n\t\t\t<div class=\"elementor-widget-wrap elementor-element-populated\">\n\t\t\t\t\t\t\t\t<div class=\"elementor-element elementor-element-1074a3f elementor-widget elementor-widget-text-editor\" data-id=\"1074a3f\" data-element_type=\"widget\" data-widget_type=\"text-editor.default\">\n\t\t\t\t<div class=\"elementor-widget-container\">\n\t\t\t\t\t\t\t<p>For many years, the \"Ern\u00e4hrungsdienst\" was the medium for the agricultural manager elite. In 2007, the editorial office and the format were redesigned and clearly positioned by c.i.a.green with the slogan \"Economy for Agriculture\". In 2008, the Ern\u00e4hrungsdienst became the \"agrarzeitung\". With steadily growing success.<\/p>\t\t\t\t\t\t<\/div>\n\t\t\t\t<\/div>\n\t\t\t\t\t<\/div>\n\t\t<\/div>\n\t\t\t\t\t\t\t<\/div>\n\t\t<\/section>\n\t\t\t\t<section class=\"elementor-section elementor-top-section elementor-element elementor-element-bd09eaf elementor-section-boxed elementor-section-height-default elementor-section-height-default qodef-elementor-content-no\" data-id=\"bd09eaf\" data-element_type=\"section\">\n\t\t\t\t\t\t<div class=\"elementor-container elementor-column-gap-default\">\n\t\t\t\t\t<div class=\"elementor-column elementor-col-50 elementor-top-column elementor-element elementor-element-2999592\" data-id=\"2999592\" data-element_type=\"column\">\n\t\t\t<div class=\"elementor-widget-wrap elementor-element-populated\">\n\t\t\t\t\t\t\t\t<div class=\"elementor-element elementor-element-5c1f499 elementor-widget elementor-widget-image\" data-id=\"5c1f499\" data-element_type=\"widget\" data-widget_type=\"image.default\">\n\t\t\t\t<div class=\"elementor-widget-container\">\n\t\t\t<style>\/*! elementor - v3.13.3 - 28-05-2023 *\/\n.elementor-widget-image{text-align:center}.elementor-widget-image a{display:inline-block}.elementor-widget-image a img[src$=\".svg\"]{width:48px}.elementor-widget-image img{vertical-align:middle;display:inline-block}<\/style>\t\t\t\t\t\t\t\t\t\t\t\t<img width=\"949\" height=\"671\" src=\"https:\/\/ciagreen.de\/wp-content\/uploads\/2022\/11\/Anzeige_Agrarzeitung_1.webp\" class=\"attachment-large size-large wp-image-14652\" alt=\"c.i.a.green, AGRARZEITUNG, Wirtschaft, Landwirtschaft, Anzeige Agendasetting\" srcset=\"https:\/\/ciagreen.de\/wp-content\/uploads\/2022\/11\/Anzeige_Agrarzeitung_1.webp 949w, https:\/\/ciagreen.de\/wp-content\/uploads\/2022\/11\/Anzeige_Agrarzeitung_1-768x543.webp 768w, https:\/\/ciagreen.de\/wp-content\/uploads\/2022\/11\/Anzeige_Agrarzeitung_1-18x12.webp 18w, https:\/\/ciagreen.de\/wp-content\/uploads\/2022\/11\/Anzeige_Agrarzeitung_1-600x424.webp 600w\" sizes=\"(max-width: 949px) 100vw, 949px\" \/>\t\t\t\t\t\t\t\t\t\t\t\t\t\t\t<\/div>\n\t\t\t\t<\/div>\n\t\t\t\t<div class=\"elementor-element elementor-element-1bcf44d elementor-widget elementor-widget-text-editor\" data-id=\"1bcf44d\" data-element_type=\"widget\" data-widget_type=\"text-editor.default\">\n\t\t\t\t<div class=\"elementor-widget-container\">\n\t\t\t\t\t\t\t<p>Ad campaign motive agendasetting<\/p>\t\t\t\t\t\t<\/div>\n\t\t\t\t<\/div>\n\t\t\t\t\t<\/div>\n\t\t<\/div>\n\t\t\t\t<div class=\"elementor-column elementor-col-50 elementor-top-column elementor-element elementor-element-6f3db05\" data-id=\"6f3db05\" data-element_type=\"column\">\n\t\t\t<div class=\"elementor-widget-wrap elementor-element-populated\">\n\t\t\t\t\t\t\t\t<div class=\"elementor-element elementor-element-da54335 elementor-widget elementor-widget-image\" data-id=\"da54335\" data-element_type=\"widget\" data-widget_type=\"image.default\">\n\t\t\t\t<div class=\"elementor-widget-container\">\n\t\t\t\t\t\t\t\t\t\t\t\t\t\t\t<img width=\"949\" height=\"671\" src=\"https:\/\/ciagreen.de\/wp-content\/uploads\/2022\/11\/Anzeige_Agrarzeitung_2.webp\" class=\"attachment-large size-large wp-image-14653\" alt=\"c.i.a.green, AGRARZEITUNG, Wirtschaft, Landwirtschaft, Anzeige Markt\u00fcberblick\" srcset=\"https:\/\/ciagreen.de\/wp-content\/uploads\/2022\/11\/Anzeige_Agrarzeitung_2.webp 949w, https:\/\/ciagreen.de\/wp-content\/uploads\/2022\/11\/Anzeige_Agrarzeitung_2-768x543.webp 768w, https:\/\/ciagreen.de\/wp-content\/uploads\/2022\/11\/Anzeige_Agrarzeitung_2-18x12.webp 18w, https:\/\/ciagreen.de\/wp-content\/uploads\/2022\/11\/Anzeige_Agrarzeitung_2-600x424.webp 600w\" sizes=\"(max-width: 949px) 100vw, 949px\" \/>\t\t\t\t\t\t\t\t\t\t\t\t\t\t\t<\/div>\n\t\t\t\t<\/div>\n\t\t\t\t<div class=\"elementor-element elementor-element-3a241f1 elementor-widget elementor-widget-text-editor\" data-id=\"3a241f1\" data-element_type=\"widget\" data-widget_type=\"text-editor.default\">\n\t\t\t\t<div class=\"elementor-widget-container\">\n\t\t\t\t\t\t\t<p>Ad campaign motive market overview<\/p>\t\t\t\t\t\t<\/div>\n\t\t\t\t<\/div>\n\t\t\t\t\t<\/div>\n\t\t<\/div>\n\t\t\t\t\t\t\t<\/div>\n\t\t<\/section>\n\t\t\t\t<section class=\"elementor-section elementor-top-section elementor-element elementor-element-ee10664 elementor-section-boxed elementor-section-height-default elementor-section-height-default qodef-elementor-content-no\" data-id=\"ee10664\" data-element_type=\"section\">\n\t\t\t\t\t\t<div class=\"elementor-container elementor-column-gap-default\">\n\t\t\t\t\t<div class=\"elementor-column elementor-col-50 elementor-top-column elementor-element elementor-element-5186235\" data-id=\"5186235\" data-element_type=\"column\">\n\t\t\t<div class=\"elementor-widget-wrap elementor-element-populated\">\n\t\t\t\t\t\t\t\t<div class=\"elementor-element elementor-element-0015cf7 elementor-widget elementor-widget-image\" data-id=\"0015cf7\" data-element_type=\"widget\" data-widget_type=\"image.default\">\n\t\t\t\t<div class=\"elementor-widget-container\">\n\t\t\t\t\t\t\t\t\t\t\t\t\t\t\t<img width=\"949\" height=\"671\" src=\"https:\/\/ciagreen.de\/wp-content\/uploads\/2022\/11\/Anzeige_Agrarzeitung_3.webp\" class=\"attachment-large size-large wp-image-14654\" alt=\"c.i.a.green, AGRARZEITUNG, Wirtschaft, Landwirtschaft, Anzeige Wissensvorsprung\" srcset=\"https:\/\/ciagreen.de\/wp-content\/uploads\/2022\/11\/Anzeige_Agrarzeitung_3.webp 949w, https:\/\/ciagreen.de\/wp-content\/uploads\/2022\/11\/Anzeige_Agrarzeitung_3-768x543.webp 768w, https:\/\/ciagreen.de\/wp-content\/uploads\/2022\/11\/Anzeige_Agrarzeitung_3-18x12.webp 18w, https:\/\/ciagreen.de\/wp-content\/uploads\/2022\/11\/Anzeige_Agrarzeitung_3-600x424.webp 600w\" sizes=\"(max-width: 949px) 100vw, 949px\" \/>\t\t\t\t\t\t\t\t\t\t\t\t\t\t\t<\/div>\n\t\t\t\t<\/div>\n\t\t\t\t<div class=\"elementor-element elementor-element-9417a78 elementor-widget elementor-widget-text-editor\" data-id=\"9417a78\" data-element_type=\"widget\" data-widget_type=\"text-editor.default\">\n\t\t\t\t<div class=\"elementor-widget-container\">\n\t\t\t\t\t\t\t<p>Ad campaign motive knowledge advantage<\/p>\t\t\t\t\t\t<\/div>\n\t\t\t\t<\/div>\n\t\t\t\t\t<\/div>\n\t\t<\/div>\n\t\t\t\t<div class=\"elementor-column elementor-col-50 elementor-top-column elementor-element elementor-element-49b359d\" data-id=\"49b359d\" data-element_type=\"column\">\n\t\t\t<div class=\"elementor-widget-wrap elementor-element-populated\">\n\t\t\t\t\t\t\t\t<div class=\"elementor-element elementor-element-f8ad1fa elementor-widget elementor-widget-image\" data-id=\"f8ad1fa\" data-element_type=\"widget\" data-widget_type=\"image.default\">\n\t\t\t\t<div class=\"elementor-widget-container\">\n\t\t\t\t\t\t\t\t\t\t\t\t\t\t\t<img width=\"949\" height=\"671\" src=\"https:\/\/ciagreen.de\/wp-content\/uploads\/2022\/11\/Anzeige_Agrarzeitung_4.webp\" class=\"attachment-large size-large wp-image-14655\" alt=\"c.i.a.green, AGRARZEITUNG, Wirtschaft, Landwirtschaft, Anzeige Marktanalyse\" srcset=\"https:\/\/ciagreen.de\/wp-content\/uploads\/2022\/11\/Anzeige_Agrarzeitung_4.webp 949w, https:\/\/ciagreen.de\/wp-content\/uploads\/2022\/11\/Anzeige_Agrarzeitung_4-768x543.webp 768w, https:\/\/ciagreen.de\/wp-content\/uploads\/2022\/11\/Anzeige_Agrarzeitung_4-18x12.webp 18w, https:\/\/ciagreen.de\/wp-content\/uploads\/2022\/11\/Anzeige_Agrarzeitung_4-600x424.webp 600w\" sizes=\"(max-width: 949px) 100vw, 949px\" \/>\t\t\t\t\t\t\t\t\t\t\t\t\t\t\t<\/div>\n\t\t\t\t<\/div>\n\t\t\t\t<div class=\"elementor-element elementor-element-04ea056 elementor-widget elementor-widget-text-editor\" data-id=\"04ea056\" data-element_type=\"widget\" data-widget_type=\"text-editor.default\">\n\t\t\t\t<div class=\"elementor-widget-container\">\n\t\t\t\t\t\t\t<p>Ad campaign motive market analysis<\/p>\t\t\t\t\t\t<\/div>\n\t\t\t\t<\/div>\n\t\t\t\t\t<\/div>\n\t\t<\/div>\n\t\t\t\t\t\t\t<\/div>\n\t\t<\/section>\n\t\t\t\t<section class=\"elementor-section elementor-top-section elementor-element elementor-element-8be405d elementor-section-boxed elementor-section-height-default elementor-section-height-default qodef-elementor-content-no\" data-id=\"8be405d\" data-element_type=\"section\">\n\t\t\t\t\t\t<div class=\"elementor-container elementor-column-gap-default\">\n\t\t\t\t\t<div class=\"elementor-column elementor-col-100 elementor-top-column elementor-element elementor-element-69c704b\" data-id=\"69c704b\" data-element_type=\"column\">\n\t\t\t<div class=\"elementor-widget-wrap elementor-element-populated\">\n\t\t\t\t\t\t\t\t<div class=\"elementor-element elementor-element-7683232 elementor-widget elementor-widget-spacer\" data-id=\"7683232\" data-element_type=\"widget\" data-widget_type=\"spacer.default\">\n\t\t\t\t<div class=\"elementor-widget-container\">\n\t\t\t\t\t<div class=\"elementor-spacer\">\n\t\t\t<div class=\"elementor-spacer-inner\"><\/div>\n\t\t<\/div>\n\t\t\t\t<\/div>\n\t\t\t\t<\/div>\n\t\t\t\t\t<\/div>\n\t\t<\/div>\n\t\t\t\t\t\t\t<\/div>\n\t\t<\/section>\n\t\t\t\t\t\t\t<\/div>","protected":false},"excerpt":{"rendered":"<p>Agrarzeitung Wirtschaft f\u00fcr die Landwirtschaft. Der \u201cErn\u00e4hrungsdienst\u201d war \u00fcber viele Jahre das Medium f\u00fcr die Agrarmanager-Elite. 2007 wurde die Redaktion und das Format neu konzipiert und von der c.i.a.green mit dem Slogan \u201cWirtschaft f\u00fcr die Landwirtschaft\u201d klar positioniert. 2008 wurde aus dem Ern\u00e4hrungsdienst die \u201cagrarzeitung\u201d. Mit stetig wachsendem Erfolg. Anzeigenkampagne Motiv Agendasetting Anzeigenkampagne Motiv Markt\u00fcberblick [&hellip;]<\/p>","protected":false},"author":2,"featured_media":0,"parent":0,"menu_order":0,"comment_status":"closed","ping_status":"closed","template":"","meta":[],"acf":[],"yoast_head":"<!-- This site is optimized with the Yoast SEO plugin v20.3 - https:\/\/yoast.com\/wordpress\/plugins\/seo\/ -->\n<title>Referenzen Agrarzeitung - cia green communications<\/title>\n<meta name=\"description\" content=\"c.i.a.green, Werbeagentur K\u00f6ln, Referenzen Agrarzeitung, Wirtschaft f\u00fcr die Landwirtschaft, Werbung Landwirtschaft, Produkt erkl\u00e4ren, Agrar\" \/>\n<meta name=\"robots\" content=\"index, follow, max-snippet:-1, max-image-preview:large, max-video-preview:-1\" \/>\n<link rel=\"canonical\" href=\"https:\/\/ciagreen.de\/en\/referenzen-agrarzeitung\/\" \/>\n<meta property=\"og:locale\" content=\"en_US\" \/>\n<meta property=\"og:type\" content=\"article\" \/>\n<meta property=\"og:title\" content=\"Referenzen Agrarzeitung - cia green communications\" \/>\n<meta property=\"og:description\" content=\"c.i.a.green, Werbeagentur K\u00f6ln, Referenzen Agrarzeitung, Wirtschaft f\u00fcr die Landwirtschaft, Werbung Landwirtschaft, Produkt erkl\u00e4ren, Agrar\" \/>\n<meta property=\"og:url\" content=\"https:\/\/ciagreen.de\/en\/referenzen-agrarzeitung\/\" \/>\n<meta property=\"og:site_name\" content=\"cia green communications\" \/>\n<meta property=\"article:modified_time\" content=\"2022-11-28T15:34:30+00:00\" \/>\n<meta property=\"og:image\" content=\"https:\/\/ciagreen.de\/wp-content\/uploads\/2022\/11\/Anzeige_Agrarzeitung_1.webp\" \/>\n<meta name=\"twitter:card\" content=\"summary_large_image\" \/>\n<meta name=\"twitter:label1\" content=\"Est. reading time\" \/>\n\t<meta name=\"twitter:data1\" content=\"2 minutes\" \/>\n<script type=\"application\/ld+json\" class=\"yoast-schema-graph\">{\"@context\":\"https:\/\/schema.org\",\"@graph\":[{\"@type\":\"WebPage\",\"@id\":\"https:\/\/ciagreen.de\/referenzen-agrarzeitung\/\",\"url\":\"https:\/\/ciagreen.de\/referenzen-agrarzeitung\/\",\"name\":\"Referenzen Agrarzeitung - cia green communications\",\"isPartOf\":{\"@id\":\"https:\/\/ciagreen.de\/#website\"},\"datePublished\":\"2022-05-03T11:34:43+00:00\",\"dateModified\":\"2022-11-28T15:34:30+00:00\",\"description\":\"c.i.a.green, Werbeagentur K\u00f6ln, Referenzen Agrarzeitung, Wirtschaft f\u00fcr die Landwirtschaft, Werbung Landwirtschaft, Produkt erkl\u00e4ren, Agrar\",\"breadcrumb\":{\"@id\":\"https:\/\/ciagreen.de\/referenzen-agrarzeitung\/#breadcrumb\"},\"inLanguage\":\"en-US\",\"potentialAction\":[{\"@type\":\"ReadAction\",\"target\":[\"https:\/\/ciagreen.de\/referenzen-agrarzeitung\/\"]}]},{\"@type\":\"BreadcrumbList\",\"@id\":\"https:\/\/ciagreen.de\/referenzen-agrarzeitung\/#breadcrumb\",\"itemListElement\":[{\"@type\":\"ListItem\",\"position\":1,\"name\":\"Startseite\",\"item\":\"https:\/\/ciagreen.de\/\"},{\"@type\":\"ListItem\",\"position\":2,\"name\":\"Referenzen Agrarzeitung\"}]},{\"@type\":\"WebSite\",\"@id\":\"https:\/\/ciagreen.de\/#website\",\"url\":\"https:\/\/ciagreen.de\/\",\"name\":\"cia green communications\",\"description\":\"\",\"potentialAction\":[{\"@type\":\"SearchAction\",\"target\":{\"@type\":\"EntryPoint\",\"urlTemplate\":\"https:\/\/ciagreen.de\/?s={search_term_string}\"},\"query-input\":\"required name=search_term_string\"}],\"inLanguage\":\"en-US\"}]}<\/script>\n<!-- \/ Yoast SEO plugin. -->","yoast_head_json":{"title":"Referenzen Agrarzeitung - cia green communications","description":"c.i.a.green, Werbeagentur K\u00f6ln, Referenzen Agrarzeitung, Wirtschaft f\u00fcr die Landwirtschaft, Werbung Landwirtschaft, Produkt erkl\u00e4ren, Agrar","robots":{"index":"index","follow":"follow","max-snippet":"max-snippet:-1","max-image-preview":"max-image-preview:large","max-video-preview":"max-video-preview:-1"},"canonical":"https:\/\/ciagreen.de\/en\/referenzen-agrarzeitung\/","og_locale":"en_US","og_type":"article","og_title":"Referenzen Agrarzeitung - cia green communications","og_description":"c.i.a.green, Werbeagentur K\u00f6ln, Referenzen Agrarzeitung, Wirtschaft f\u00fcr die Landwirtschaft, Werbung Landwirtschaft, Produkt erkl\u00e4ren, Agrar","og_url":"https:\/\/ciagreen.de\/en\/referenzen-agrarzeitung\/","og_site_name":"cia green communications","article_modified_time":"2022-11-28T15:34:30+00:00","og_image":[{"url":"https:\/\/ciagreen.de\/wp-content\/uploads\/2022\/11\/Anzeige_Agrarzeitung_1.webp"}],"twitter_card":"summary_large_image","twitter_misc":{"Est. reading time":"2 minutes"},"schema":{"@context":"https:\/\/schema.org","@graph":[{"@type":"WebPage","@id":"https:\/\/ciagreen.de\/referenzen-agrarzeitung\/","url":"https:\/\/ciagreen.de\/referenzen-agrarzeitung\/","name":"Referenzen Agrarzeitung - cia green communications","isPartOf":{"@id":"https:\/\/ciagreen.de\/#website"},"datePublished":"2022-05-03T11:34:43+00:00","dateModified":"2022-11-28T15:34:30+00:00","description":"c.i.a.green, Werbeagentur K\u00f6ln, Referenzen Agrarzeitung, Wirtschaft f\u00fcr die Landwirtschaft, Werbung Landwirtschaft, Produkt erkl\u00e4ren, Agrar","breadcrumb":{"@id":"https:\/\/ciagreen.de\/referenzen-agrarzeitung\/#breadcrumb"},"inLanguage":"en-US","potentialAction":[{"@type":"ReadAction","target":["https:\/\/ciagreen.de\/referenzen-agrarzeitung\/"]}]},{"@type":"BreadcrumbList","@id":"https:\/\/ciagreen.de\/referenzen-agrarzeitung\/#breadcrumb","itemListElement":[{"@type":"ListItem","position":1,"name":"Startseite","item":"https:\/\/ciagreen.de\/"},{"@type":"ListItem","position":2,"name":"Referenzen Agrarzeitung"}]},{"@type":"WebSite","@id":"https:\/\/ciagreen.de\/#website","url":"https:\/\/ciagreen.de\/","name":"cia green communications","description":"","potentialAction":[{"@type":"SearchAction","target":{"@type":"EntryPoint","urlTemplate":"https:\/\/ciagreen.de\/?s={search_term_string}"},"query-input":"required name=search_term_string"}],"inLanguage":"en-US"}]}},"_links":{"self":[{"href":"https:\/\/ciagreen.de\/en\/wp-json\/wp\/v2\/pages\/9076"}],"collection":[{"href":"https:\/\/ciagreen.de\/en\/wp-json\/wp\/v2\/pages"}],"about":[{"href":"https:\/\/ciagreen.de\/en\/wp-json\/wp\/v2\/types\/page"}],"author":[{"embeddable":true,"href":"https:\/\/ciagreen.de\/en\/wp-json\/wp\/v2\/users\/2"}],"replies":[{"embeddable":true,"href":"https:\/\/ciagreen.de\/en\/wp-json\/wp\/v2\/comments?post=9076"}],"version-history":[{"count":39,"href":"https:\/\/ciagreen.de\/en\/wp-json\/wp\/v2\/pages\/9076\/revisions"}],"predecessor-version":[{"id":14659,"href":"https:\/\/ciagreen.de\/en\/wp-json\/wp\/v2\/pages\/9076\/revisions\/14659"}],"wp:attachment":[{"href":"https:\/\/ciagreen.de\/en\/wp-json\/wp\/v2\/media?parent=9076"}],"curies":[{"name":"wp","href":"https:\/\/api.w.org\/{rel}","templated":true}]}}