{"id":9275,"date":"2022-05-04T14:37:15","date_gmt":"2022-05-04T12:37:15","guid":{"rendered":"https:\/\/staging.ciagreen.de\/?page_id=9275"},"modified":"2022-12-01T10:24:44","modified_gmt":"2022-12-01T09:24:44","slug":"referenzen-qs","status":"publish","type":"page","link":"https:\/\/ciagreen.de\/en\/referenzen-qs\/","title":{"rendered":"Referenzen QS"},"content":{"rendered":"<div data-elementor-type=\"wp-page\" data-elementor-id=\"9275\" class=\"elementor elementor-9275\">\n\t\t\t\t\t\t\t\t\t<section class=\"elementor-section elementor-top-section elementor-element elementor-element-6592b32 elementor-section-full_width elementor-section-height-min-height elementor-section-height-default elementor-section-items-middle qodef-elementor-content-no\" data-id=\"6592b32\" data-element_type=\"section\" data-settings=\"{&quot;background_background&quot;:&quot;classic&quot;}\">\n\t\t\t\t\t\t\t<div class=\"elementor-background-overlay\"><\/div>\n\t\t\t\t\t\t\t<div class=\"elementor-container elementor-column-gap-default\">\n\t\t\t\t\t<div class=\"elementor-column elementor-col-100 elementor-top-column elementor-element elementor-element-3fda7e1\" data-id=\"3fda7e1\" data-element_type=\"column\">\n\t\t\t<div class=\"elementor-widget-wrap elementor-element-populated\">\n\t\t\t\t\t\t\t\t<div class=\"elementor-element elementor-element-1abb708 elementor-widget elementor-widget-text-editor\" data-id=\"1abb708\" data-element_type=\"widget\" data-widget_type=\"text-editor.default\">\n\t\t\t\t<div class=\"elementor-widget-container\">\n\t\t\t<style>\/*! elementor - v3.13.3 - 28-05-2023 *\/\n.elementor-widget-text-editor.elementor-drop-cap-view-stacked .elementor-drop-cap{background-color:#69727d;color:#fff}.elementor-widget-text-editor.elementor-drop-cap-view-framed .elementor-drop-cap{color:#69727d;border:3px solid;background-color:transparent}.elementor-widget-text-editor:not(.elementor-drop-cap-view-default) .elementor-drop-cap{margin-top:8px}.elementor-widget-text-editor:not(.elementor-drop-cap-view-default) .elementor-drop-cap-letter{width:1em;height:1em}.elementor-widget-text-editor .elementor-drop-cap{float:left;text-align:center;line-height:1;font-size:50px}.elementor-widget-text-editor .elementor-drop-cap-letter{display:inline-block}<\/style>\t\t\t\t<p>QS. Quality and assurance.<\/p>\t\t\t\t\t\t<\/div>\n\t\t\t\t<\/div>\n\t\t\t\t<div class=\"elementor-element elementor-element-412ea4c elementor-widget elementor-widget-heading\" data-id=\"412ea4c\" data-element_type=\"widget\" data-widget_type=\"heading.default\">\n\t\t\t\t<div class=\"elementor-widget-container\">\n\t\t\t<style>\/*! elementor - v3.13.3 - 28-05-2023 *\/\n.elementor-heading-title{padding:0;margin:0;line-height:1}.elementor-widget-heading .elementor-heading-title[class*=elementor-size-]>a{color:inherit;font-size:inherit;line-height:inherit}.elementor-widget-heading .elementor-heading-title.elementor-size-small{font-size:15px}.elementor-widget-heading .elementor-heading-title.elementor-size-medium{font-size:19px}.elementor-widget-heading .elementor-heading-title.elementor-size-large{font-size:29px}.elementor-widget-heading .elementor-heading-title.elementor-size-xl{font-size:39px}.elementor-widget-heading .elementor-heading-title.elementor-size-xxl{font-size:59px}<\/style><h1 class=\"elementor-heading-title elementor-size-default\">Quality assurance for food.\u2028<br>\nFrom farm to shop shelf.<\/h1>\t\t<\/div>\n\t\t\t\t<\/div>\n\t\t\t\t<div class=\"elementor-element elementor-element-9ab8a18 elementor-widget elementor-widget-spacer\" data-id=\"9ab8a18\" data-element_type=\"widget\" data-widget_type=\"spacer.default\">\n\t\t\t\t<div class=\"elementor-widget-container\">\n\t\t\t<style>\/*! elementor - v3.13.3 - 28-05-2023 *\/\n.elementor-column .elementor-spacer-inner{height:var(--spacer-size)}.e-con{--container-widget-width:100%}.e-con-inner>.elementor-widget-spacer,.e-con>.elementor-widget-spacer{width:var(--container-widget-width,var(--spacer-size));--align-self:var(--container-widget-align-self,initial);--flex-shrink:0}.e-con-inner>.elementor-widget-spacer>.elementor-widget-container,.e-con-inner>.elementor-widget-spacer>.elementor-widget-container>.elementor-spacer,.e-con>.elementor-widget-spacer>.elementor-widget-container,.e-con>.elementor-widget-spacer>.elementor-widget-container>.elementor-spacer{height:100%}.e-con-inner>.elementor-widget-spacer>.elementor-widget-container>.elementor-spacer>.elementor-spacer-inner,.e-con>.elementor-widget-spacer>.elementor-widget-container>.elementor-spacer>.elementor-spacer-inner{height:var(--container-widget-height,var(--spacer-size))}<\/style>\t\t<div class=\"elementor-spacer\">\n\t\t\t<div class=\"elementor-spacer-inner\"><\/div>\n\t\t<\/div>\n\t\t\t\t<\/div>\n\t\t\t\t<\/div>\n\t\t\t\t<div class=\"elementor-element elementor-element-349c26f elementor-widget elementor-widget-spacer\" data-id=\"349c26f\" data-element_type=\"widget\" data-widget_type=\"spacer.default\">\n\t\t\t\t<div class=\"elementor-widget-container\">\n\t\t\t\t\t<div class=\"elementor-spacer\">\n\t\t\t<div class=\"elementor-spacer-inner\"><\/div>\n\t\t<\/div>\n\t\t\t\t<\/div>\n\t\t\t\t<\/div>\n\t\t\t\t\t<\/div>\n\t\t<\/div>\n\t\t\t\t\t\t\t<\/div>\n\t\t<\/section>\n\t\t\t\t<section class=\"elementor-section elementor-top-section elementor-element elementor-element-8f2dec7 elementor-section-boxed elementor-section-height-default elementor-section-height-default qodef-elementor-content-no\" data-id=\"8f2dec7\" data-element_type=\"section\">\n\t\t\t\t\t\t<div class=\"elementor-container elementor-column-gap-default\">\n\t\t\t\t\t<div class=\"elementor-column elementor-col-100 elementor-top-column elementor-element elementor-element-6766c98\" data-id=\"6766c98\" data-element_type=\"column\">\n\t\t\t<div class=\"elementor-widget-wrap elementor-element-populated\">\n\t\t\t\t\t\t\t\t<div class=\"elementor-element elementor-element-1074a3f elementor-widget elementor-widget-text-editor\" data-id=\"1074a3f\" data-element_type=\"widget\" data-widget_type=\"text-editor.default\">\n\t\t\t\t<div class=\"elementor-widget-container\">\n\t\t\t\t\t\t\t<div id=\"content\" class=\"site-content\"><div class=\"wrap\"><div id=\"primary\" class=\"content-area\"><main id=\"main\" class=\"site-main\" role=\"main\"><article id=\"post-1339\" class=\"post-1339 page type-page status-publish hentry\"><div class=\"entry-content\"><p>QS is the only service provider in Europe that ensures food quality across all stages of production and marketing. The communication goal: to increase the appreciation of quality assurance among the professional public and to strengthen consumer confidence in QS-tested products.<\/p><\/div><\/article><\/main><\/div><\/div><\/div>\t\t\t\t\t\t<\/div>\n\t\t\t\t<\/div>\n\t\t\t\t\t<\/div>\n\t\t<\/div>\n\t\t\t\t\t\t\t<\/div>\n\t\t<\/section>\n\t\t\t\t<section class=\"elementor-section elementor-top-section elementor-element elementor-element-bd09eaf elementor-section-boxed elementor-section-height-default elementor-section-height-default qodef-elementor-content-no\" data-id=\"bd09eaf\" data-element_type=\"section\">\n\t\t\t\t\t\t<div class=\"elementor-container elementor-column-gap-default\">\n\t\t\t\t\t<div class=\"elementor-column elementor-col-50 elementor-top-column elementor-element elementor-element-2999592\" data-id=\"2999592\" data-element_type=\"column\">\n\t\t\t<div class=\"elementor-widget-wrap elementor-element-populated\">\n\t\t\t\t\t\t\t\t<div class=\"elementor-element elementor-element-5c1f499 elementor-widget elementor-widget-image\" data-id=\"5c1f499\" data-element_type=\"widget\" data-widget_type=\"image.default\">\n\t\t\t\t<div class=\"elementor-widget-container\">\n\t\t\t<style>\/*! elementor - v3.13.3 - 28-05-2023 *\/\n.elementor-widget-image{text-align:center}.elementor-widget-image a{display:inline-block}.elementor-widget-image a img[src$=\".svg\"]{width:48px}.elementor-widget-image img{vertical-align:middle;display:inline-block}<\/style>\t\t\t\t\t\t\t\t\t\t\t\t<img width=\"949\" height=\"671\" src=\"https:\/\/ciagreen.de\/wp-content\/uploads\/2022\/12\/KeyVisual_QS_1.webp\" class=\"attachment-large size-large wp-image-15195\" alt=\"c.i.a.green, QS Qualit\u00e4tssicherung, Anzeige Fleischverarbeitung\" srcset=\"https:\/\/ciagreen.de\/wp-content\/uploads\/2022\/12\/KeyVisual_QS_1.webp 949w, https:\/\/ciagreen.de\/wp-content\/uploads\/2022\/12\/KeyVisual_QS_1-768x543.webp 768w, https:\/\/ciagreen.de\/wp-content\/uploads\/2022\/12\/KeyVisual_QS_1-18x12.webp 18w, https:\/\/ciagreen.de\/wp-content\/uploads\/2022\/12\/KeyVisual_QS_1-600x424.webp 600w\" sizes=\"(max-width: 949px) 100vw, 949px\" \/>\t\t\t\t\t\t\t\t\t\t\t\t\t\t\t<\/div>\n\t\t\t\t<\/div>\n\t\t\t\t<div class=\"elementor-element elementor-element-1bcf44d elementor-widget elementor-widget-text-editor\" data-id=\"1bcf44d\" data-element_type=\"widget\" data-widget_type=\"text-editor.default\">\n\t\t\t\t<div class=\"elementor-widget-container\">\n\t\t\t\t\t\t\t<p>Ad campaign motive meat processing<\/p>\t\t\t\t\t\t<\/div>\n\t\t\t\t<\/div>\n\t\t\t\t\t<\/div>\n\t\t<\/div>\n\t\t\t\t<div class=\"elementor-column elementor-col-50 elementor-top-column elementor-element elementor-element-6f3db05\" data-id=\"6f3db05\" data-element_type=\"column\">\n\t\t\t<div class=\"elementor-widget-wrap elementor-element-populated\">\n\t\t\t\t\t\t\t\t<div class=\"elementor-element elementor-element-da54335 elementor-widget elementor-widget-image\" data-id=\"da54335\" data-element_type=\"widget\" data-widget_type=\"image.default\">\n\t\t\t\t<div class=\"elementor-widget-container\">\n\t\t\t\t\t\t\t\t\t\t\t\t\t\t\t<img width=\"949\" height=\"671\" src=\"https:\/\/ciagreen.de\/wp-content\/uploads\/2022\/12\/KeyVisual_QS_2.webp\" class=\"attachment-large size-large wp-image-15196\" alt=\"c.i.a.green, QS Qualit\u00e4tssicherung, Anzeige Obst &amp; Gem\u00fcse Erzeuger\" srcset=\"https:\/\/ciagreen.de\/wp-content\/uploads\/2022\/12\/KeyVisual_QS_2.webp 949w, https:\/\/ciagreen.de\/wp-content\/uploads\/2022\/12\/KeyVisual_QS_2-768x543.webp 768w, https:\/\/ciagreen.de\/wp-content\/uploads\/2022\/12\/KeyVisual_QS_2-18x12.webp 18w, https:\/\/ciagreen.de\/wp-content\/uploads\/2022\/12\/KeyVisual_QS_2-600x424.webp 600w\" sizes=\"(max-width: 949px) 100vw, 949px\" \/>\t\t\t\t\t\t\t\t\t\t\t\t\t\t\t<\/div>\n\t\t\t\t<\/div>\n\t\t\t\t<div class=\"elementor-element elementor-element-3a241f1 elementor-widget elementor-widget-text-editor\" data-id=\"3a241f1\" data-element_type=\"widget\" data-widget_type=\"text-editor.default\">\n\t\t\t\t<div class=\"elementor-widget-container\">\n\t\t\t\t\t\t\t<p>Ad campaign motive fruit &amp; vegetable producer<\/p>\t\t\t\t\t\t<\/div>\n\t\t\t\t<\/div>\n\t\t\t\t\t<\/div>\n\t\t<\/div>\n\t\t\t\t\t\t\t<\/div>\n\t\t<\/section>\n\t\t\t\t<section class=\"elementor-section elementor-top-section elementor-element elementor-element-ee10664 elementor-section-boxed elementor-section-height-default elementor-section-height-default qodef-elementor-content-no\" data-id=\"ee10664\" data-element_type=\"section\">\n\t\t\t\t\t\t<div class=\"elementor-container elementor-column-gap-default\">\n\t\t\t\t\t<div class=\"elementor-column elementor-col-50 elementor-top-column elementor-element elementor-element-5186235\" data-id=\"5186235\" data-element_type=\"column\">\n\t\t\t<div class=\"elementor-widget-wrap elementor-element-populated\">\n\t\t\t\t\t\t\t\t<div class=\"elementor-element elementor-element-0015cf7 elementor-widget elementor-widget-image\" data-id=\"0015cf7\" data-element_type=\"widget\" data-widget_type=\"image.default\">\n\t\t\t\t<div class=\"elementor-widget-container\">\n\t\t\t\t\t\t\t\t\t\t\t\t\t\t\t<img width=\"949\" height=\"671\" src=\"https:\/\/ciagreen.de\/wp-content\/uploads\/2022\/12\/KeyVisual_QS_3.webp\" class=\"attachment-large size-large wp-image-15197\" alt=\"c.i.a.green, QS Qualit\u00e4tssicherung, Anzeige Gefl\u00fcgelkonsument\" srcset=\"https:\/\/ciagreen.de\/wp-content\/uploads\/2022\/12\/KeyVisual_QS_3.webp 949w, https:\/\/ciagreen.de\/wp-content\/uploads\/2022\/12\/KeyVisual_QS_3-768x543.webp 768w, https:\/\/ciagreen.de\/wp-content\/uploads\/2022\/12\/KeyVisual_QS_3-18x12.webp 18w, https:\/\/ciagreen.de\/wp-content\/uploads\/2022\/12\/KeyVisual_QS_3-600x424.webp 600w\" sizes=\"(max-width: 949px) 100vw, 949px\" \/>\t\t\t\t\t\t\t\t\t\t\t\t\t\t\t<\/div>\n\t\t\t\t<\/div>\n\t\t\t\t<div class=\"elementor-element elementor-element-9417a78 elementor-widget elementor-widget-text-editor\" data-id=\"9417a78\" data-element_type=\"widget\" data-widget_type=\"text-editor.default\">\n\t\t\t\t<div class=\"elementor-widget-container\">\n\t\t\t\t\t\t\t<p>Ad campaign motive poultry consumer<\/p>\t\t\t\t\t\t<\/div>\n\t\t\t\t<\/div>\n\t\t\t\t\t<\/div>\n\t\t<\/div>\n\t\t\t\t<div class=\"elementor-column elementor-col-50 elementor-top-column elementor-element elementor-element-49b359d\" data-id=\"49b359d\" data-element_type=\"column\">\n\t\t\t<div class=\"elementor-widget-wrap elementor-element-populated\">\n\t\t\t\t\t\t\t\t<div class=\"elementor-element elementor-element-f8ad1fa elementor-widget elementor-widget-image\" data-id=\"f8ad1fa\" data-element_type=\"widget\" data-widget_type=\"image.default\">\n\t\t\t\t<div class=\"elementor-widget-container\">\n\t\t\t\t\t\t\t\t\t\t\t\t\t\t\t<img width=\"949\" height=\"671\" src=\"https:\/\/ciagreen.de\/wp-content\/uploads\/2022\/12\/Messe_QS.webp\" class=\"attachment-large size-large wp-image-15198\" alt=\"c.i.a.green, QS Qualit\u00e4tssicherung, Messeauftritt\" srcset=\"https:\/\/ciagreen.de\/wp-content\/uploads\/2022\/12\/Messe_QS.webp 949w, https:\/\/ciagreen.de\/wp-content\/uploads\/2022\/12\/Messe_QS-768x543.webp 768w, https:\/\/ciagreen.de\/wp-content\/uploads\/2022\/12\/Messe_QS-18x12.webp 18w, https:\/\/ciagreen.de\/wp-content\/uploads\/2022\/12\/Messe_QS-600x424.webp 600w\" sizes=\"(max-width: 949px) 100vw, 949px\" \/>\t\t\t\t\t\t\t\t\t\t\t\t\t\t\t<\/div>\n\t\t\t\t<\/div>\n\t\t\t\t<div class=\"elementor-element elementor-element-04ea056 elementor-widget elementor-widget-text-editor\" data-id=\"04ea056\" data-element_type=\"widget\" data-widget_type=\"text-editor.default\">\n\t\t\t\t<div class=\"elementor-widget-container\">\n\t\t\t\t\t\t\t<p>Trade fair presentation<\/p>\t\t\t\t\t\t<\/div>\n\t\t\t\t<\/div>\n\t\t\t\t\t<\/div>\n\t\t<\/div>\n\t\t\t\t\t\t\t<\/div>\n\t\t<\/section>\n\t\t\t\t<section class=\"elementor-section elementor-top-section elementor-element elementor-element-8be405d elementor-section-boxed elementor-section-height-default elementor-section-height-default qodef-elementor-content-no\" data-id=\"8be405d\" data-element_type=\"section\">\n\t\t\t\t\t\t<div class=\"elementor-container elementor-column-gap-default\">\n\t\t\t\t\t<div class=\"elementor-column elementor-col-100 elementor-top-column elementor-element elementor-element-69c704b\" data-id=\"69c704b\" data-element_type=\"column\">\n\t\t\t<div class=\"elementor-widget-wrap elementor-element-populated\">\n\t\t\t\t\t\t\t\t<div class=\"elementor-element elementor-element-7683232 elementor-widget elementor-widget-spacer\" data-id=\"7683232\" data-element_type=\"widget\" data-widget_type=\"spacer.default\">\n\t\t\t\t<div class=\"elementor-widget-container\">\n\t\t\t\t\t<div class=\"elementor-spacer\">\n\t\t\t<div class=\"elementor-spacer-inner\"><\/div>\n\t\t<\/div>\n\t\t\t\t<\/div>\n\t\t\t\t<\/div>\n\t\t\t\t\t<\/div>\n\t\t<\/div>\n\t\t\t\t\t\t\t<\/div>\n\t\t<\/section>\n\t\t\t\t\t\t\t<\/div>","protected":false},"excerpt":{"rendered":"<p>QS \u2013 Qualit\u00e4t und Sicherheit Qualit\u00e4tssicherung. Vom Landwirt bis zur Ladentheke. QS ist europaweit der einzige Dienstleister, der Lebensmittelqualit\u00e4t \u00fcber alle Produktions- und Vermarktungsstufen sicherstellt. Das Kommunikationsziel: die Wertsch\u00e4tzung f\u00fcr Qualit\u00e4tssicherung in der Fach\u00f6ffentlichkeit zu erh\u00f6hen und beim Konsumenten das Vertrauen in QS gepr\u00fcfte Produkte zu st\u00e4rken. Anzeigenkampagne Motiv Fleischverarbeitung Anzeigenkampagne Motiv Obst &amp; Gem\u00fcse [&hellip;]<\/p>","protected":false},"author":2,"featured_media":0,"parent":0,"menu_order":0,"comment_status":"closed","ping_status":"closed","template":"page-full-width.php","meta":[],"acf":[],"yoast_head":"<!-- This site is optimized with the Yoast SEO plugin v20.3 - https:\/\/yoast.com\/wordpress\/plugins\/seo\/ -->\n<title>Referenzen QS - cia green communications<\/title>\n<meta name=\"description\" content=\"c.i.a.green, Werbeagentur K\u00f6ln, Referenzen QS, Qualit\u00e4tssicherung. Vom Landwirt bis zur Ladentheke. Lebensmittel, Kommunikationskonzept\" \/>\n<meta name=\"robots\" content=\"index, follow, max-snippet:-1, max-image-preview:large, max-video-preview:-1\" \/>\n<link rel=\"canonical\" href=\"https:\/\/ciagreen.de\/en\/referenzen-qs\/\" \/>\n<meta property=\"og:locale\" content=\"en_US\" \/>\n<meta property=\"og:type\" content=\"article\" \/>\n<meta property=\"og:title\" content=\"Referenzen QS - cia green communications\" \/>\n<meta property=\"og:description\" content=\"c.i.a.green, Werbeagentur K\u00f6ln, Referenzen QS, Qualit\u00e4tssicherung. Vom Landwirt bis zur Ladentheke. Lebensmittel, Kommunikationskonzept\" \/>\n<meta property=\"og:url\" content=\"https:\/\/ciagreen.de\/en\/referenzen-qs\/\" \/>\n<meta property=\"og:site_name\" content=\"cia green communications\" \/>\n<meta property=\"article:modified_time\" content=\"2022-12-01T09:24:44+00:00\" \/>\n<meta property=\"og:image\" content=\"https:\/\/ciagreen.de\/wp-content\/uploads\/2022\/12\/KeyVisual_QS_1.webp\" \/>\n<meta name=\"twitter:card\" content=\"summary_large_image\" \/>\n<meta name=\"twitter:label1\" content=\"Est. reading time\" \/>\n\t<meta name=\"twitter:data1\" content=\"2 minutes\" \/>\n<script type=\"application\/ld+json\" class=\"yoast-schema-graph\">{\"@context\":\"https:\/\/schema.org\",\"@graph\":[{\"@type\":\"WebPage\",\"@id\":\"https:\/\/ciagreen.de\/referenzen-qs\/\",\"url\":\"https:\/\/ciagreen.de\/referenzen-qs\/\",\"name\":\"Referenzen QS - cia green communications\",\"isPartOf\":{\"@id\":\"https:\/\/ciagreen.de\/#website\"},\"datePublished\":\"2022-05-04T12:37:15+00:00\",\"dateModified\":\"2022-12-01T09:24:44+00:00\",\"description\":\"c.i.a.green, Werbeagentur K\u00f6ln, Referenzen QS, Qualit\u00e4tssicherung. Vom Landwirt bis zur Ladentheke. Lebensmittel, Kommunikationskonzept\",\"breadcrumb\":{\"@id\":\"https:\/\/ciagreen.de\/referenzen-qs\/#breadcrumb\"},\"inLanguage\":\"en-US\",\"potentialAction\":[{\"@type\":\"ReadAction\",\"target\":[\"https:\/\/ciagreen.de\/referenzen-qs\/\"]}]},{\"@type\":\"BreadcrumbList\",\"@id\":\"https:\/\/ciagreen.de\/referenzen-qs\/#breadcrumb\",\"itemListElement\":[{\"@type\":\"ListItem\",\"position\":1,\"name\":\"Startseite\",\"item\":\"https:\/\/ciagreen.de\/\"},{\"@type\":\"ListItem\",\"position\":2,\"name\":\"Referenzen QS\"}]},{\"@type\":\"WebSite\",\"@id\":\"https:\/\/ciagreen.de\/#website\",\"url\":\"https:\/\/ciagreen.de\/\",\"name\":\"cia green communications\",\"description\":\"\",\"potentialAction\":[{\"@type\":\"SearchAction\",\"target\":{\"@type\":\"EntryPoint\",\"urlTemplate\":\"https:\/\/ciagreen.de\/?s={search_term_string}\"},\"query-input\":\"required name=search_term_string\"}],\"inLanguage\":\"en-US\"}]}<\/script>\n<!-- \/ Yoast SEO plugin. -->","yoast_head_json":{"title":"Referenzen QS - cia green communications","description":"c.i.a.green, Werbeagentur K\u00f6ln, Referenzen QS, Qualit\u00e4tssicherung. Vom Landwirt bis zur Ladentheke. Lebensmittel, Kommunikationskonzept","robots":{"index":"index","follow":"follow","max-snippet":"max-snippet:-1","max-image-preview":"max-image-preview:large","max-video-preview":"max-video-preview:-1"},"canonical":"https:\/\/ciagreen.de\/en\/referenzen-qs\/","og_locale":"en_US","og_type":"article","og_title":"Referenzen QS - cia green communications","og_description":"c.i.a.green, Werbeagentur K\u00f6ln, Referenzen QS, Qualit\u00e4tssicherung. Vom Landwirt bis zur Ladentheke. Lebensmittel, Kommunikationskonzept","og_url":"https:\/\/ciagreen.de\/en\/referenzen-qs\/","og_site_name":"cia green communications","article_modified_time":"2022-12-01T09:24:44+00:00","og_image":[{"url":"https:\/\/ciagreen.de\/wp-content\/uploads\/2022\/12\/KeyVisual_QS_1.webp"}],"twitter_card":"summary_large_image","twitter_misc":{"Est. reading time":"2 minutes"},"schema":{"@context":"https:\/\/schema.org","@graph":[{"@type":"WebPage","@id":"https:\/\/ciagreen.de\/referenzen-qs\/","url":"https:\/\/ciagreen.de\/referenzen-qs\/","name":"Referenzen QS - cia green communications","isPartOf":{"@id":"https:\/\/ciagreen.de\/#website"},"datePublished":"2022-05-04T12:37:15+00:00","dateModified":"2022-12-01T09:24:44+00:00","description":"c.i.a.green, Werbeagentur K\u00f6ln, Referenzen QS, Qualit\u00e4tssicherung. Vom Landwirt bis zur Ladentheke. Lebensmittel, Kommunikationskonzept","breadcrumb":{"@id":"https:\/\/ciagreen.de\/referenzen-qs\/#breadcrumb"},"inLanguage":"en-US","potentialAction":[{"@type":"ReadAction","target":["https:\/\/ciagreen.de\/referenzen-qs\/"]}]},{"@type":"BreadcrumbList","@id":"https:\/\/ciagreen.de\/referenzen-qs\/#breadcrumb","itemListElement":[{"@type":"ListItem","position":1,"name":"Startseite","item":"https:\/\/ciagreen.de\/"},{"@type":"ListItem","position":2,"name":"Referenzen QS"}]},{"@type":"WebSite","@id":"https:\/\/ciagreen.de\/#website","url":"https:\/\/ciagreen.de\/","name":"cia green communications","description":"","potentialAction":[{"@type":"SearchAction","target":{"@type":"EntryPoint","urlTemplate":"https:\/\/ciagreen.de\/?s={search_term_string}"},"query-input":"required name=search_term_string"}],"inLanguage":"en-US"}]}},"_links":{"self":[{"href":"https:\/\/ciagreen.de\/en\/wp-json\/wp\/v2\/pages\/9275"}],"collection":[{"href":"https:\/\/ciagreen.de\/en\/wp-json\/wp\/v2\/pages"}],"about":[{"href":"https:\/\/ciagreen.de\/en\/wp-json\/wp\/v2\/types\/page"}],"author":[{"embeddable":true,"href":"https:\/\/ciagreen.de\/en\/wp-json\/wp\/v2\/users\/2"}],"replies":[{"embeddable":true,"href":"https:\/\/ciagreen.de\/en\/wp-json\/wp\/v2\/comments?post=9275"}],"version-history":[{"count":37,"href":"https:\/\/ciagreen.de\/en\/wp-json\/wp\/v2\/pages\/9275\/revisions"}],"predecessor-version":[{"id":15211,"href":"https:\/\/ciagreen.de\/en\/wp-json\/wp\/v2\/pages\/9275\/revisions\/15211"}],"wp:attachment":[{"href":"https:\/\/ciagreen.de\/en\/wp-json\/wp\/v2\/media?parent=9275"}],"curies":[{"name":"wp","href":"https:\/\/api.w.org\/{rel}","templated":true}]}}